{"id":2391,"date":"2023-09-21T10:00:34","date_gmt":"2023-09-21T10:00:34","guid":{"rendered":"https:\/\/www.linxion.com\/oosterweel-belgique\/"},"modified":"2025-06-20T09:49:55","modified_gmt":"2025-06-20T09:49:55","slug":"oosterweel-belgique","status":"publish","type":"page","link":"https:\/\/www.linxion.com\/fr\/nos-realisations\/oosterweel-belgique\/","title":{"rendered":"Oosterweel &#8211; Belgique"},"content":{"rendered":"\t\t<div data-elementor-type=\"wp-page\" data-elementor-id=\"2391\" class=\"elementor elementor-2391 elementor-2165\" data-elementor-post-type=\"page\">\n\t\t\t\t<div class=\"elementor-element elementor-element-3c555ff e-flex e-con-boxed e-con e-parent\" data-id=\"3c555ff\" data-element_type=\"container\" data-e-type=\"container\" data-settings=\"{&quot;background_background&quot;:&quot;classic&quot;}\">\n\t\t\t\t\t<div class=\"e-con-inner\">\n\t\t<div class=\"elementor-element elementor-element-28c7199 e-con-full e-flex e-con e-child\" data-id=\"28c7199\" data-element_type=\"container\" data-e-type=\"container\">\n\t\t\t\t<div class=\"elementor-element elementor-element-eb514bf elementor-widget elementor-widget-heading\" data-id=\"eb514bf\" data-element_type=\"widget\" data-e-type=\"widget\" data-widget_type=\"heading.default\">\n\t\t\t\t<div class=\"elementor-widget-container\">\n\t\t\t\t\t<h1 class=\"elementor-heading-title elementor-size-default\">Oosterweel &#8211; Belgique<\/h1>\t\t\t\t<\/div>\n\t\t\t\t<\/div>\n\t\t\t\t<div class=\"elementor-element elementor-element-16efb3a elementor-widget elementor-widget-shortcode\" data-id=\"16efb3a\" data-element_type=\"widget\" data-e-type=\"widget\" data-widget_type=\"shortcode.default\">\n\t\t\t\t<div class=\"elementor-widget-container\">\n\t\t\t\t\t\t\t<div class=\"elementor-shortcode\"><nav aria-label=\"breadcrumbs\" class=\"rank-math-breadcrumb\"><p><span class=\"last\">Home<\/span><\/p><\/nav><\/div>\n\t\t\t\t\t\t<\/div>\n\t\t\t\t<\/div>\n\t\t\t\t<\/div>\n\t\t\t\t\t<\/div>\n\t\t\t\t<\/div>\n\t\t<div class=\"elementor-element elementor-element-cd39deb e-flex e-con-boxed e-con e-parent\" data-id=\"cd39deb\" data-element_type=\"container\" data-e-type=\"container\">\n\t\t\t\t\t<div class=\"e-con-inner\">\n\t\t<div class=\"elementor-element elementor-element-1c7724a e-con-full e-flex e-con e-child\" data-id=\"1c7724a\" data-element_type=\"container\" data-e-type=\"container\">\n\t\t\t\t<div class=\"elementor-element elementor-element-7f95e64 elementor-widget elementor-widget-gallery\" data-id=\"7f95e64\" data-element_type=\"widget\" data-e-type=\"widget\" data-settings=\"{&quot;gallery_layout&quot;:&quot;justified&quot;,&quot;ideal_row_height&quot;:{&quot;unit&quot;:&quot;px&quot;,&quot;size&quot;:300,&quot;sizes&quot;:[]},&quot;lazyload&quot;:&quot;yes&quot;,&quot;ideal_row_height_tablet&quot;:{&quot;unit&quot;:&quot;px&quot;,&quot;size&quot;:150,&quot;sizes&quot;:[]},&quot;ideal_row_height_mobile&quot;:{&quot;unit&quot;:&quot;px&quot;,&quot;size&quot;:150,&quot;sizes&quot;:[]},&quot;gap&quot;:{&quot;unit&quot;:&quot;px&quot;,&quot;size&quot;:10,&quot;sizes&quot;:[]},&quot;gap_tablet&quot;:{&quot;unit&quot;:&quot;px&quot;,&quot;size&quot;:10,&quot;sizes&quot;:[]},&quot;gap_mobile&quot;:{&quot;unit&quot;:&quot;px&quot;,&quot;size&quot;:10,&quot;sizes&quot;:[]},&quot;link_to&quot;:&quot;file&quot;,&quot;overlay_background&quot;:&quot;yes&quot;,&quot;content_hover_animation&quot;:&quot;fade-in&quot;}\" data-widget_type=\"gallery.default\">\n\t\t\t\t<div class=\"elementor-widget-container\">\n\t\t\t\t\t\t\t<div class=\"elementor-gallery__container\">\n\t\t\t\t\t\t\t<a class=\"e-gallery-item elementor-gallery-item elementor-animated-content\" href=\"https:\/\/www.linxion.com\/wp-content\/uploads\/2023\/09\/Oosterweel-3.webp\" data-elementor-open-lightbox=\"yes\" data-elementor-lightbox-slideshow=\"7f95e64\" data-elementor-lightbox-title=\"Oosterweel-construction\" data-e-action-hash=\"#elementor-action%3Aaction%3Dlightbox%26settings%3DeyJpZCI6MzYxLCJ1cmwiOiJodHRwczpcL1wvd3d3Lmxpbnhpb24uY29tXC93cC1jb250ZW50XC91cGxvYWRzXC8yMDIzXC8wOVwvT29zdGVyd2VlbC0zLndlYnAiLCJzbGlkZXNob3ciOiI3Zjk1ZTY0In0%3D\">\n\t\t\t\t\t<div class=\"e-gallery-image elementor-gallery-item__image\" data-thumbnail=\"https:\/\/www.linxion.com\/wp-content\/uploads\/2023\/09\/Oosterweel-3.webp\" data-width=\"1200\" data-height=\"1600\" aria-label=\"\" role=\"img\" ><\/div>\n\t\t\t\t\t\t\t\t\t\t\t<div class=\"elementor-gallery-item__overlay\"><\/div>\n\t\t\t\t\t\t\t\t\t\t\t\t\t\t<\/a>\n\t\t\t\t\t\t\t<a class=\"e-gallery-item elementor-gallery-item elementor-animated-content\" href=\"https:\/\/www.linxion.com\/wp-content\/uploads\/2023\/12\/Oosterweel-main-scaled-2.webp\" data-elementor-open-lightbox=\"yes\" data-elementor-lightbox-slideshow=\"7f95e64\" data-elementor-lightbox-title=\"Oosterweel-main-scaled\" data-e-action-hash=\"#elementor-action%3Aaction%3Dlightbox%26settings%3DeyJpZCI6ODg3MiwidXJsIjoiaHR0cHM6XC9cL3d3dy5saW54aW9uLmNvbVwvd3AtY29udGVudFwvdXBsb2Fkc1wvMjAyM1wvMTJcL09vc3RlcndlZWwtbWFpbi1zY2FsZWQtMi53ZWJwIiwic2xpZGVzaG93IjoiN2Y5NWU2NCJ9\">\n\t\t\t\t\t<div class=\"e-gallery-image elementor-gallery-item__image\" data-thumbnail=\"https:\/\/www.linxion.com\/wp-content\/uploads\/2023\/12\/Oosterweel-main-scaled-2.webp\" data-width=\"2560\" data-height=\"1920\" aria-label=\"\" role=\"img\" ><\/div>\n\t\t\t\t\t\t\t\t\t\t\t<div class=\"elementor-gallery-item__overlay\"><\/div>\n\t\t\t\t\t\t\t\t\t\t\t\t\t\t<\/a>\n\t\t\t\t\t\t\t<a class=\"e-gallery-item elementor-gallery-item elementor-animated-content\" href=\"https:\/\/www.linxion.com\/wp-content\/uploads\/2023\/09\/Oosterweel-2.webp\" data-elementor-open-lightbox=\"yes\" data-elementor-lightbox-slideshow=\"7f95e64\" data-elementor-lightbox-title=\"Oosterweel-2\" data-e-action-hash=\"#elementor-action%3Aaction%3Dlightbox%26settings%3DeyJpZCI6MzYwLCJ1cmwiOiJodHRwczpcL1wvd3d3Lmxpbnhpb24uY29tXC93cC1jb250ZW50XC91cGxvYWRzXC8yMDIzXC8wOVwvT29zdGVyd2VlbC0yLndlYnAiLCJzbGlkZXNob3ciOiI3Zjk1ZTY0In0%3D\">\n\t\t\t\t\t<div class=\"e-gallery-image elementor-gallery-item__image\" data-thumbnail=\"https:\/\/www.linxion.com\/wp-content\/uploads\/2023\/09\/Oosterweel-2.webp\" data-width=\"1200\" data-height=\"1600\" aria-label=\"\" role=\"img\" ><\/div>\n\t\t\t\t\t\t\t\t\t\t\t<div class=\"elementor-gallery-item__overlay\"><\/div>\n\t\t\t\t\t\t\t\t\t\t\t\t\t\t<\/a>\n\t\t\t\t\t\t\t<a class=\"e-gallery-item elementor-gallery-item elementor-animated-content\" href=\"https:\/\/www.linxion.com\/wp-content\/uploads\/2023\/09\/Oosterweel-1.webp\" data-elementor-open-lightbox=\"yes\" data-elementor-lightbox-slideshow=\"7f95e64\" data-elementor-lightbox-title=\"Oosterweel\" data-e-action-hash=\"#elementor-action%3Aaction%3Dlightbox%26settings%3DeyJpZCI6MzU5LCJ1cmwiOiJodHRwczpcL1wvd3d3Lmxpbnhpb24uY29tXC93cC1jb250ZW50XC91cGxvYWRzXC8yMDIzXC8wOVwvT29zdGVyd2VlbC0xLndlYnAiLCJzbGlkZXNob3ciOiI3Zjk1ZTY0In0%3D\">\n\t\t\t\t\t<div class=\"e-gallery-image elementor-gallery-item__image\" data-thumbnail=\"https:\/\/www.linxion.com\/wp-content\/uploads\/2023\/09\/Oosterweel-1.webp\" data-width=\"1200\" data-height=\"1600\" aria-label=\"\" role=\"img\" ><\/div>\n\t\t\t\t\t\t\t\t\t\t\t<div class=\"elementor-gallery-item__overlay\"><\/div>\n\t\t\t\t\t\t\t\t\t\t\t\t\t\t<\/a>\n\t\t\t\t\t<\/div>\n\t\t\t\t\t<\/div>\n\t\t\t\t<\/div>\n\t\t\t\t<\/div>\n\t\t<div class=\"elementor-element elementor-element-1235218 e-con-full e-flex e-con e-child\" data-id=\"1235218\" data-element_type=\"container\" data-e-type=\"container\">\n\t\t\t\t<div class=\"elementor-element elementor-element-99c3fd3 e-transform elementor-widget elementor-widget-text-editor\" data-id=\"99c3fd3\" data-element_type=\"widget\" data-e-type=\"widget\" data-settings=\"{&quot;_transform_skewX_effect&quot;:{&quot;unit&quot;:&quot;px&quot;,&quot;size&quot;:&quot;&quot;,&quot;sizes&quot;:[]},&quot;_transform_skewX_effect_tablet&quot;:{&quot;unit&quot;:&quot;deg&quot;,&quot;size&quot;:&quot;&quot;,&quot;sizes&quot;:[]},&quot;_transform_skewX_effect_mobile&quot;:{&quot;unit&quot;:&quot;deg&quot;,&quot;size&quot;:&quot;&quot;,&quot;sizes&quot;:[]},&quot;_transform_skewY_effect&quot;:{&quot;unit&quot;:&quot;px&quot;,&quot;size&quot;:&quot;&quot;,&quot;sizes&quot;:[]},&quot;_transform_skewY_effect_tablet&quot;:{&quot;unit&quot;:&quot;deg&quot;,&quot;size&quot;:&quot;&quot;,&quot;sizes&quot;:[]},&quot;_transform_skewY_effect_mobile&quot;:{&quot;unit&quot;:&quot;deg&quot;,&quot;size&quot;:&quot;&quot;,&quot;sizes&quot;:[]}}\" data-widget_type=\"text-editor.default\">\n\t\t\t\t<div class=\"elementor-widget-container\">\n\t\t\t\t\t\t\t\t\t<p>\u2014\u2014 R\u00e9alisations<\/p>\n\t\t\t\t\t\t\t\t<\/div>\n\t\t\t\t<\/div>\n\t\t\t\t<div class=\"elementor-element elementor-element-e0be2de elementor-widget elementor-widget-heading\" data-id=\"e0be2de\" data-element_type=\"widget\" data-e-type=\"widget\" data-widget_type=\"heading.default\">\n\t\t\t\t<div class=\"elementor-widget-container\">\n\t\t\t\t\t<h2 class=\"elementor-heading-title elementor-size-default\">Oosterweel &#8211; Belgique<\/h2>\t\t\t\t<\/div>\n\t\t\t\t<\/div>\n\t\t\t\t<div class=\"elementor-element elementor-element-9a9cda7 elementor-widget elementor-widget-text-editor\" data-id=\"9a9cda7\" data-element_type=\"widget\" data-e-type=\"widget\" data-widget_type=\"text-editor.default\">\n\t\t\t\t<div class=\"elementor-widget-container\">\n\t\t\t\t\t\t\t\t\t<p><span style=\"font-weight: 400;\">Le projet Oosterweel est une initiative d&rsquo;infrastructure majeure en Belgique, con\u00e7ue pour am\u00e9liorer la circulation autour d&rsquo;Anvers. Il comprend la construction d&rsquo;un tunnel sous l&rsquo;Escaut pour relier les autoroutes et r\u00e9duire les embouteillages. L&rsquo;Oosterweel est un \u00e9l\u00e9ment cl\u00e9 du plan de mobilit\u00e9 de la r\u00e9gion d&rsquo;Anvers, con\u00e7u pour d\u00e9congestionner le trafic, r\u00e9duire la pollution et am\u00e9liorer la qualit\u00e9 de vie.<\/span><\/p>\n\t\t\t\t\t\t\t\t<\/div>\n\t\t\t\t<\/div>\n\t\t\t\t<\/div>\n\t\t\t\t\t<\/div>\n\t\t\t\t<\/div>\n\t\t<div class=\"elementor-element elementor-element-933a5d3 e-flex e-con-boxed e-con e-parent\" data-id=\"933a5d3\" data-element_type=\"container\" data-e-type=\"container\">\n\t\t\t\t\t<div class=\"e-con-inner\">\n\t\t\t\t<div class=\"elementor-element elementor-element-ca10b0a e-transform elementor-widget elementor-widget-text-editor\" data-id=\"ca10b0a\" data-element_type=\"widget\" data-e-type=\"widget\" data-settings=\"{&quot;_transform_skewX_effect&quot;:{&quot;unit&quot;:&quot;px&quot;,&quot;size&quot;:&quot;&quot;,&quot;sizes&quot;:[]},&quot;_transform_skewX_effect_tablet&quot;:{&quot;unit&quot;:&quot;deg&quot;,&quot;size&quot;:&quot;&quot;,&quot;sizes&quot;:[]},&quot;_transform_skewX_effect_mobile&quot;:{&quot;unit&quot;:&quot;deg&quot;,&quot;size&quot;:&quot;&quot;,&quot;sizes&quot;:[]},&quot;_transform_skewY_effect&quot;:{&quot;unit&quot;:&quot;px&quot;,&quot;size&quot;:&quot;&quot;,&quot;sizes&quot;:[]},&quot;_transform_skewY_effect_tablet&quot;:{&quot;unit&quot;:&quot;deg&quot;,&quot;size&quot;:&quot;&quot;,&quot;sizes&quot;:[]},&quot;_transform_skewY_effect_mobile&quot;:{&quot;unit&quot;:&quot;deg&quot;,&quot;size&quot;:&quot;&quot;,&quot;sizes&quot;:[]}}\" data-widget_type=\"text-editor.default\">\n\t\t\t\t<div class=\"elementor-widget-container\">\n\t\t\t\t\t\t\t\t\t<p>\u2014\u2014 Nos r\u00e9alisations<\/p>\n\t\t\t\t\t\t\t\t<\/div>\n\t\t\t\t<\/div>\n\t\t\t\t<div class=\"elementor-element elementor-element-855cbbd elementor-widget elementor-widget-heading\" data-id=\"855cbbd\" data-element_type=\"widget\" data-e-type=\"widget\" data-widget_type=\"heading.default\">\n\t\t\t\t<div class=\"elementor-widget-container\">\n\t\t\t\t\t<h2 class=\"elementor-heading-title elementor-size-default\">D\u00e9couvrez nos r\u00e9alisations<\/h2>\t\t\t\t<\/div>\n\t\t\t\t<\/div>\n\t\t\t\t<div class=\"elementor-element elementor-element-f26eb1a elementor-grid-3 elementor-grid-tablet-2 elementor-grid-mobile-1 elementor-widget elementor-widget-loop-grid\" data-id=\"f26eb1a\" data-element_type=\"widget\" data-e-type=\"widget\" data-settings=\"{&quot;template_id&quot;:6649,&quot;_skin&quot;:&quot;post&quot;,&quot;columns&quot;:&quot;3&quot;,&quot;columns_tablet&quot;:&quot;2&quot;,&quot;columns_mobile&quot;:&quot;1&quot;,&quot;edit_handle_selector&quot;:&quot;[data-elementor-type=\\&quot;loop-item\\&quot;]&quot;,&quot;row_gap&quot;:{&quot;unit&quot;:&quot;px&quot;,&quot;size&quot;:&quot;&quot;,&quot;sizes&quot;:[]},&quot;row_gap_tablet&quot;:{&quot;unit&quot;:&quot;px&quot;,&quot;size&quot;:&quot;&quot;,&quot;sizes&quot;:[]},&quot;row_gap_mobile&quot;:{&quot;unit&quot;:&quot;px&quot;,&quot;size&quot;:&quot;&quot;,&quot;sizes&quot;:[]}}\" data-widget_type=\"loop-grid.post\">\n\t\t\t\t<div class=\"elementor-widget-container\">\n\t\t\t\t\t\t\t<div class=\"elementor-loop-container elementor-grid\" role=\"list\">\n\t\t<style id=\"loop-dynamic-6649\">.e-loop-item-2409 .elementor-element.elementor-element-05abcf3:not(.elementor-motion-effects-element-type-background), .e-loop-item-2409 .elementor-element.elementor-element-05abcf3 > .elementor-motion-effects-container > .elementor-motion-effects-layer{background-image:url(\"https:\/\/www.linxion.com\/wp-content\/uploads\/2023\/12\/nationale-bank-peru.png\");}<\/style><style id=\"loop-6649\">.elementor-6649 .elementor-element.elementor-element-155287b{--display:flex;--flex-direction:column;--container-widget-width:100%;--container-widget-height:initial;--container-widget-flex-grow:0;--container-widget-align-self:initial;--flex-wrap-mobile:wrap;--gap:10px 10px;--row-gap:10px;--column-gap:10px;--margin-top:0px;--margin-bottom:0px;--margin-left:0px;--margin-right:0px;}.elementor-6649 .elementor-element.elementor-element-05abcf3{--display:flex;--min-height:440px;--flex-direction:column;--container-widget-width:100%;--container-widget-height:initial;--container-widget-flex-grow:0;--container-widget-align-self:initial;--flex-wrap-mobile:wrap;--overlay-opacity:1;}.elementor-6649 .elementor-element.elementor-element-05abcf3:not(.elementor-motion-effects-element-type-background), .elementor-6649 .elementor-element.elementor-element-05abcf3 > .elementor-motion-effects-container > .elementor-motion-effects-layer{background-position:center center;background-size:cover;}.elementor-6649 .elementor-element.elementor-element-05abcf3::before, .elementor-6649 .elementor-element.elementor-element-05abcf3 > .elementor-background-video-container::before, .elementor-6649 .elementor-element.elementor-element-05abcf3 > .e-con-inner > .elementor-background-video-container::before, .elementor-6649 .elementor-element.elementor-element-05abcf3 > .elementor-background-slideshow::before, .elementor-6649 .elementor-element.elementor-element-05abcf3 > .e-con-inner > .elementor-background-slideshow::before, .elementor-6649 .elementor-element.elementor-element-05abcf3 > .elementor-motion-effects-container > .elementor-motion-effects-layer::before{--background-overlay:'';background-image:url(\"https:\/\/www.linxion.com\/wp-content\/uploads\/2023\/11\/Add.png\");background-position:bottom right;background-repeat:no-repeat;}.elementor-6649 .elementor-element.elementor-element-a7247b6{--display:flex;--gap:0px 0px;--row-gap:0px;--column-gap:0px;--padding-top:0px;--padding-bottom:0px;--padding-left:20px;--padding-right:20px;}.elementor-6649 .elementor-element.elementor-element-c1639ec{color:var( --e-global-color-blocksy_palette_3 );}@media(min-width:768px){.elementor-6649 .elementor-element.elementor-element-155287b{--width:100%;}.elementor-6649 .elementor-element.elementor-element-05abcf3{--width:100%;}}<\/style>\t\t<div data-elementor-type=\"loop-item\" data-elementor-id=\"6649\" class=\"elementor elementor-6649 e-loop-item e-loop-item-2409 post-2409 page type-page status-publish has-post-thumbnail hentry\" data-elementor-post-type=\"elementor_library\" data-custom-edit-handle=\"1\">\n\t\t\t<a class=\"elementor-element elementor-element-155287b e-con-full e-flex e-con e-child\" data-id=\"155287b\" data-element_type=\"container\" data-e-type=\"container\" href=\"https:\/\/www.linxion.com\/fr\/nos-realisations\/banque-de-la-nation-perou\/\">\n\t\t<div class=\"elementor-element elementor-element-05abcf3 e-con-full e-flex e-con e-child\" data-id=\"05abcf3\" data-element_type=\"container\" data-e-type=\"container\" data-settings=\"{&quot;background_background&quot;:&quot;classic&quot;}\">\n\t\t\t\t<\/div>\n\t\t<div class=\"elementor-element elementor-element-a7247b6 e-flex e-con-boxed e-con e-child\" data-id=\"a7247b6\" data-element_type=\"container\" data-e-type=\"container\">\n\t\t\t\t\t<div class=\"e-con-inner\">\n\t\t\t\t<div class=\"elementor-element elementor-element-c1639ec elementor-widget elementor-widget-text-editor\" data-id=\"c1639ec\" data-element_type=\"widget\" data-e-type=\"widget\" data-widget_type=\"text-editor.default\">\n\t\t\t\t<div class=\"elementor-widget-container\">\n\t\t\t\t\t\t\t\t\t<p>Projects<\/p>\t\t\t\t\t\t\t\t<\/div>\n\t\t\t\t<\/div>\n\t\t\t\t\t<\/div>\n\t\t\t\t<\/div>\n\t\t\t\t<\/a>\n\t\t\t\t<\/div>\n\t\t<style id=\"loop-dynamic-6649\">.e-loop-item-2430 .elementor-element.elementor-element-05abcf3:not(.elementor-motion-effects-element-type-background), .e-loop-item-2430 .elementor-element.elementor-element-05abcf3 > .elementor-motion-effects-container > .elementor-motion-effects-layer{background-image:url(\"https:\/\/www.linxion.com\/wp-content\/uploads\/2023\/09\/transalpine-main.webp\");}<\/style>\t\t<div data-elementor-type=\"loop-item\" data-elementor-id=\"6649\" class=\"elementor elementor-6649 e-loop-item e-loop-item-2430 post-2430 page type-page status-publish has-post-thumbnail hentry\" data-elementor-post-type=\"elementor_library\" data-custom-edit-handle=\"1\">\n\t\t\t<a class=\"elementor-element elementor-element-155287b e-con-full e-flex e-con e-child\" data-id=\"155287b\" data-element_type=\"container\" data-e-type=\"container\" href=\"https:\/\/www.linxion.com\/fr\/nos-realisations\/transalpine-fr\/\">\n\t\t<div class=\"elementor-element elementor-element-05abcf3 e-con-full e-flex e-con e-child\" data-id=\"05abcf3\" data-element_type=\"container\" data-e-type=\"container\" data-settings=\"{&quot;background_background&quot;:&quot;classic&quot;}\">\n\t\t\t\t<\/div>\n\t\t<div class=\"elementor-element elementor-element-a7247b6 e-flex e-con-boxed e-con e-child\" data-id=\"a7247b6\" data-element_type=\"container\" data-e-type=\"container\">\n\t\t\t\t\t<div class=\"e-con-inner\">\n\t\t\t\t<div class=\"elementor-element elementor-element-c1639ec elementor-widget elementor-widget-text-editor\" data-id=\"c1639ec\" data-element_type=\"widget\" data-e-type=\"widget\" data-widget_type=\"text-editor.default\">\n\t\t\t\t<div class=\"elementor-widget-container\">\n\t\t\t\t\t\t\t\t\t<p>Projects<\/p>\t\t\t\t\t\t\t\t<\/div>\n\t\t\t\t<\/div>\n\t\t\t\t\t<\/div>\n\t\t\t\t<\/div>\n\t\t\t\t<\/a>\n\t\t\t\t<\/div>\n\t\t<style id=\"loop-dynamic-6649\">.e-loop-item-2386 .elementor-element.elementor-element-05abcf3:not(.elementor-motion-effects-element-type-background), .e-loop-item-2386 .elementor-element.elementor-element-05abcf3 > .elementor-motion-effects-container > .elementor-motion-effects-layer{background-image:url(\"https:\/\/www.linxion.com\/wp-content\/uploads\/2023\/09\/Stade-des-lumieres-main.webp\");}<\/style>\t\t<div data-elementor-type=\"loop-item\" data-elementor-id=\"6649\" class=\"elementor elementor-6649 e-loop-item e-loop-item-2386 post-2386 page type-page status-publish has-post-thumbnail hentry\" data-elementor-post-type=\"elementor_library\" data-custom-edit-handle=\"1\">\n\t\t\t<a class=\"elementor-element elementor-element-155287b e-con-full e-flex e-con e-child\" data-id=\"155287b\" data-element_type=\"container\" data-e-type=\"container\" href=\"https:\/\/www.linxion.com\/fr\/nos-realisations\/stade-de-lumiere\/\">\n\t\t<div class=\"elementor-element elementor-element-05abcf3 e-con-full e-flex e-con e-child\" data-id=\"05abcf3\" data-element_type=\"container\" data-e-type=\"container\" data-settings=\"{&quot;background_background&quot;:&quot;classic&quot;}\">\n\t\t\t\t<\/div>\n\t\t<div class=\"elementor-element elementor-element-a7247b6 e-flex e-con-boxed e-con e-child\" data-id=\"a7247b6\" data-element_type=\"container\" data-e-type=\"container\">\n\t\t\t\t\t<div class=\"e-con-inner\">\n\t\t\t\t<div class=\"elementor-element elementor-element-c1639ec elementor-widget elementor-widget-text-editor\" data-id=\"c1639ec\" data-element_type=\"widget\" data-e-type=\"widget\" data-widget_type=\"text-editor.default\">\n\t\t\t\t<div class=\"elementor-widget-container\">\n\t\t\t\t\t\t\t\t\t<p>Projects<\/p>\t\t\t\t\t\t\t\t<\/div>\n\t\t\t\t<\/div>\n\t\t\t\t\t<\/div>\n\t\t\t\t<\/div>\n\t\t\t\t<\/a>\n\t\t\t\t<\/div>\n\t\t\t\t<\/div>\n\t\t\n\t\t\t\t\t\t<\/div>\n\t\t\t\t<\/div>\n\t\t\t\t\t<\/div>\n\t\t\t\t<\/div>\n\t\t\t\t<\/div>\n\t\t","protected":false},"excerpt":{"rendered":"<p>\u2014\u2014 R\u00e9alisations Le projet Oosterweel est une initiative d&rsquo;infrastructure majeure en Belgique, con\u00e7ue pour am\u00e9liorer la circulation autour d&rsquo;Anvers. Il comprend la construction d&rsquo;un tunnel sous l&rsquo;Escaut pour relier les autoroutes et r\u00e9duire les embouteillages. L&rsquo;Oosterweel est un \u00e9l\u00e9ment cl\u00e9 du plan de mobilit\u00e9 de la r\u00e9gion d&rsquo;Anvers, con\u00e7u pour d\u00e9congestionner le trafic, r\u00e9duire la [&hellip;]<\/p>\n","protected":false},"author":1,"featured_media":3876,"parent":2623,"menu_order":0,"comment_status":"closed","ping_status":"closed","template":"elementor_header_footer","meta":{"footnotes":""},"class_list":["post-2391","page","type-page","status-publish","has-post-thumbnail","hentry"],"blocksy_meta":[],"jetpack_sharing_enabled":true,"_links":{"self":[{"href":"https:\/\/www.linxion.com\/fr\/wp-json\/wp\/v2\/pages\/2391","targetHints":{"allow":["GET"]}}],"collection":[{"href":"https:\/\/www.linxion.com\/fr\/wp-json\/wp\/v2\/pages"}],"about":[{"href":"https:\/\/www.linxion.com\/fr\/wp-json\/wp\/v2\/types\/page"}],"author":[{"embeddable":true,"href":"https:\/\/www.linxion.com\/fr\/wp-json\/wp\/v2\/users\/1"}],"replies":[{"embeddable":true,"href":"https:\/\/www.linxion.com\/fr\/wp-json\/wp\/v2\/comments?post=2391"}],"version-history":[{"count":3,"href":"https:\/\/www.linxion.com\/fr\/wp-json\/wp\/v2\/pages\/2391\/revisions"}],"predecessor-version":[{"id":11155,"href":"https:\/\/www.linxion.com\/fr\/wp-json\/wp\/v2\/pages\/2391\/revisions\/11155"}],"up":[{"embeddable":true,"href":"https:\/\/www.linxion.com\/fr\/wp-json\/wp\/v2\/pages\/2623"}],"wp:featuredmedia":[{"embeddable":true,"href":"https:\/\/www.linxion.com\/fr\/wp-json\/wp\/v2\/media\/3876"}],"wp:attachment":[{"href":"https:\/\/www.linxion.com\/fr\/wp-json\/wp\/v2\/media?parent=2391"}],"curies":[{"name":"wp","href":"https:\/\/api.w.org\/{rel}","templated":true}]}}