{"id":2393,"date":"2023-09-20T14:15:41","date_gmt":"2023-09-20T14:15:41","guid":{"rendered":"https:\/\/www.linxion.com\/rooppur-central-bd\/"},"modified":"2025-06-18T08:03:53","modified_gmt":"2025-06-18T08:03:53","slug":"rooppur-central-bd","status":"publish","type":"page","link":"https:\/\/www.linxion.com\/fr\/nos-realisations\/rooppur-central-bd\/","title":{"rendered":"TO-lyon &#8211; FR"},"content":{"rendered":"\t\t<div data-elementor-type=\"wp-page\" data-elementor-id=\"2393\" class=\"elementor elementor-2393 elementor-2098\" data-elementor-post-type=\"page\">\n\t\t\t\t<div class=\"elementor-element elementor-element-568f2bc e-flex e-con-boxed e-con e-parent\" data-id=\"568f2bc\" data-element_type=\"container\" data-e-type=\"container\" data-settings=\"{&quot;background_background&quot;:&quot;classic&quot;}\">\n\t\t\t\t\t<div class=\"e-con-inner\">\n\t\t<div class=\"elementor-element elementor-element-ac59e1f e-con-full e-flex e-con e-child\" data-id=\"ac59e1f\" data-element_type=\"container\" data-e-type=\"container\">\n\t\t\t\t<div class=\"elementor-element elementor-element-b0bee89 elementor-widget elementor-widget-heading\" data-id=\"b0bee89\" data-element_type=\"widget\" data-e-type=\"widget\" data-widget_type=\"heading.default\">\n\t\t\t\t<div class=\"elementor-widget-container\">\n\t\t\t\t\t<h1 class=\"elementor-heading-title elementor-size-default\">TO-lyon &#8211; FR<\/h1>\t\t\t\t<\/div>\n\t\t\t\t<\/div>\n\t\t\t\t<div class=\"elementor-element elementor-element-985af70 elementor-widget elementor-widget-shortcode\" data-id=\"985af70\" data-element_type=\"widget\" data-e-type=\"widget\" data-widget_type=\"shortcode.default\">\n\t\t\t\t<div class=\"elementor-widget-container\">\n\t\t\t\t\t\t\t<div class=\"elementor-shortcode\"><nav aria-label=\"breadcrumbs\" class=\"rank-math-breadcrumb\"><p><span class=\"last\">Home<\/span><\/p><\/nav><\/div>\n\t\t\t\t\t\t<\/div>\n\t\t\t\t<\/div>\n\t\t\t\t<\/div>\n\t\t\t\t\t<\/div>\n\t\t\t\t<\/div>\n\t\t<div class=\"elementor-element elementor-element-3073f59 e-flex e-con-boxed e-con e-parent\" data-id=\"3073f59\" data-element_type=\"container\" data-e-type=\"container\">\n\t\t\t\t\t<div class=\"e-con-inner\">\n\t\t<div class=\"elementor-element elementor-element-343e8cc e-con-full e-flex e-con e-child\" data-id=\"343e8cc\" data-element_type=\"container\" data-e-type=\"container\">\n\t\t\t\t<div class=\"elementor-element elementor-element-fe6399f elementor-widget elementor-widget-gallery\" data-id=\"fe6399f\" data-element_type=\"widget\" data-e-type=\"widget\" data-settings=\"{&quot;gallery_layout&quot;:&quot;justified&quot;,&quot;lazyload&quot;:&quot;yes&quot;,&quot;ideal_row_height&quot;:{&quot;unit&quot;:&quot;px&quot;,&quot;size&quot;:200,&quot;sizes&quot;:[]},&quot;ideal_row_height_tablet&quot;:{&quot;unit&quot;:&quot;px&quot;,&quot;size&quot;:150,&quot;sizes&quot;:[]},&quot;ideal_row_height_mobile&quot;:{&quot;unit&quot;:&quot;px&quot;,&quot;size&quot;:150,&quot;sizes&quot;:[]},&quot;gap&quot;:{&quot;unit&quot;:&quot;px&quot;,&quot;size&quot;:10,&quot;sizes&quot;:[]},&quot;gap_tablet&quot;:{&quot;unit&quot;:&quot;px&quot;,&quot;size&quot;:10,&quot;sizes&quot;:[]},&quot;gap_mobile&quot;:{&quot;unit&quot;:&quot;px&quot;,&quot;size&quot;:10,&quot;sizes&quot;:[]},&quot;link_to&quot;:&quot;file&quot;,&quot;overlay_background&quot;:&quot;yes&quot;,&quot;content_hover_animation&quot;:&quot;fade-in&quot;}\" data-widget_type=\"gallery.default\">\n\t\t\t\t<div class=\"elementor-widget-container\">\n\t\t\t\t\t\t\t<div class=\"elementor-gallery__container\">\n\t\t\t\t\t\t\t<a class=\"e-gallery-item elementor-gallery-item elementor-animated-content\" href=\"https:\/\/www.linxion.com\/wp-content\/uploads\/2023\/09\/LYON-TO-1.webp\" data-elementor-open-lightbox=\"yes\" data-elementor-lightbox-slideshow=\"fe6399f\" data-elementor-lightbox-title=\"LYON TO (1)\" data-e-action-hash=\"#elementor-action%3Aaction%3Dlightbox%26settings%3DeyJpZCI6MzUxLCJ1cmwiOiJodHRwczpcL1wvd3d3Lmxpbnhpb24uY29tXC93cC1jb250ZW50XC91cGxvYWRzXC8yMDIzXC8wOVwvTFlPTi1UTy0xLndlYnAiLCJzbGlkZXNob3ciOiJmZTYzOTlmIn0%3D\">\n\t\t\t\t\t<div class=\"e-gallery-image elementor-gallery-item__image\" data-thumbnail=\"https:\/\/www.linxion.com\/wp-content\/uploads\/2023\/09\/LYON-TO-1-300x200.webp\" data-width=\"300\" data-height=\"200\" aria-label=\"\" role=\"img\" ><\/div>\n\t\t\t\t\t\t\t\t\t\t\t<div class=\"elementor-gallery-item__overlay\"><\/div>\n\t\t\t\t\t\t\t\t\t\t\t\t\t\t<\/a>\n\t\t\t\t\t\t\t<a class=\"e-gallery-item elementor-gallery-item elementor-animated-content\" href=\"https:\/\/www.linxion.com\/wp-content\/uploads\/2023\/09\/LYON-TO-2.webp\" data-elementor-open-lightbox=\"yes\" data-elementor-lightbox-slideshow=\"fe6399f\" data-elementor-lightbox-title=\"LYON TO (2)\" data-e-action-hash=\"#elementor-action%3Aaction%3Dlightbox%26settings%3DeyJpZCI6MzUyLCJ1cmwiOiJodHRwczpcL1wvd3d3Lmxpbnhpb24uY29tXC93cC1jb250ZW50XC91cGxvYWRzXC8yMDIzXC8wOVwvTFlPTi1UTy0yLndlYnAiLCJzbGlkZXNob3ciOiJmZTYzOTlmIn0%3D\">\n\t\t\t\t\t<div class=\"e-gallery-image elementor-gallery-item__image\" data-thumbnail=\"https:\/\/www.linxion.com\/wp-content\/uploads\/2023\/09\/LYON-TO-2-300x200.webp\" data-width=\"300\" data-height=\"200\" aria-label=\"\" role=\"img\" ><\/div>\n\t\t\t\t\t\t\t\t\t\t\t<div class=\"elementor-gallery-item__overlay\"><\/div>\n\t\t\t\t\t\t\t\t\t\t\t\t\t\t<\/a>\n\t\t\t\t\t\t\t<a class=\"e-gallery-item elementor-gallery-item elementor-animated-content\" href=\"https:\/\/www.linxion.com\/wp-content\/uploads\/2023\/09\/LYON-TO-3.webp\" data-elementor-open-lightbox=\"yes\" data-elementor-lightbox-slideshow=\"fe6399f\" data-elementor-lightbox-title=\"LYON TO (3)\" data-e-action-hash=\"#elementor-action%3Aaction%3Dlightbox%26settings%3DeyJpZCI6MzUzLCJ1cmwiOiJodHRwczpcL1wvd3d3Lmxpbnhpb24uY29tXC93cC1jb250ZW50XC91cGxvYWRzXC8yMDIzXC8wOVwvTFlPTi1UTy0zLndlYnAiLCJzbGlkZXNob3ciOiJmZTYzOTlmIn0%3D\">\n\t\t\t\t\t<div class=\"e-gallery-image elementor-gallery-item__image\" data-thumbnail=\"https:\/\/www.linxion.com\/wp-content\/uploads\/2023\/09\/LYON-TO-3-300x200.webp\" data-width=\"300\" data-height=\"200\" aria-label=\"\" role=\"img\" ><\/div>\n\t\t\t\t\t\t\t\t\t\t\t<div class=\"elementor-gallery-item__overlay\"><\/div>\n\t\t\t\t\t\t\t\t\t\t\t\t\t\t<\/a>\n\t\t\t\t\t\t\t<a class=\"e-gallery-item elementor-gallery-item elementor-animated-content\" href=\"https:\/\/www.linxion.com\/wp-content\/uploads\/2023\/09\/Lyon-TO-main.webp\" data-elementor-open-lightbox=\"yes\" data-elementor-lightbox-slideshow=\"fe6399f\" data-elementor-lightbox-title=\"Lyon TO main\" data-e-action-hash=\"#elementor-action%3Aaction%3Dlightbox%26settings%3DeyJpZCI6MzU0LCJ1cmwiOiJodHRwczpcL1wvd3d3Lmxpbnhpb24uY29tXC93cC1jb250ZW50XC91cGxvYWRzXC8yMDIzXC8wOVwvTHlvbi1UTy1tYWluLndlYnAiLCJzbGlkZXNob3ciOiJmZTYzOTlmIn0%3D\">\n\t\t\t\t\t<div class=\"e-gallery-image elementor-gallery-item__image\" data-thumbnail=\"https:\/\/www.linxion.com\/wp-content\/uploads\/2023\/09\/Lyon-TO-main-300x201.webp\" data-width=\"300\" data-height=\"201\" aria-label=\"\" role=\"img\" ><\/div>\n\t\t\t\t\t\t\t\t\t\t\t<div class=\"elementor-gallery-item__overlay\"><\/div>\n\t\t\t\t\t\t\t\t\t\t\t\t\t\t<\/a>\n\t\t\t\t\t<\/div>\n\t\t\t\t\t<\/div>\n\t\t\t\t<\/div>\n\t\t\t\t<\/div>\n\t\t<div class=\"elementor-element elementor-element-42f3731 e-con-full e-flex e-con e-child\" data-id=\"42f3731\" data-element_type=\"container\" data-e-type=\"container\">\n\t\t\t\t<div class=\"elementor-element elementor-element-b2a9541 e-transform elementor-widget elementor-widget-text-editor\" data-id=\"b2a9541\" data-element_type=\"widget\" data-e-type=\"widget\" data-settings=\"{&quot;_transform_skewX_effect&quot;:{&quot;unit&quot;:&quot;px&quot;,&quot;size&quot;:&quot;&quot;,&quot;sizes&quot;:[]},&quot;_transform_skewX_effect_tablet&quot;:{&quot;unit&quot;:&quot;deg&quot;,&quot;size&quot;:&quot;&quot;,&quot;sizes&quot;:[]},&quot;_transform_skewX_effect_mobile&quot;:{&quot;unit&quot;:&quot;deg&quot;,&quot;size&quot;:&quot;&quot;,&quot;sizes&quot;:[]},&quot;_transform_skewY_effect&quot;:{&quot;unit&quot;:&quot;px&quot;,&quot;size&quot;:&quot;&quot;,&quot;sizes&quot;:[]},&quot;_transform_skewY_effect_tablet&quot;:{&quot;unit&quot;:&quot;deg&quot;,&quot;size&quot;:&quot;&quot;,&quot;sizes&quot;:[]},&quot;_transform_skewY_effect_mobile&quot;:{&quot;unit&quot;:&quot;deg&quot;,&quot;size&quot;:&quot;&quot;,&quot;sizes&quot;:[]}}\" data-widget_type=\"text-editor.default\">\n\t\t\t\t<div class=\"elementor-widget-container\">\n\t\t\t\t\t\t\t\t\t<p>\u2014\u2014 R\u00e9alisations<\/p>\n\t\t\t\t\t\t\t\t<\/div>\n\t\t\t\t<\/div>\n\t\t\t\t<div class=\"elementor-element elementor-element-6ce4d53 elementor-widget elementor-widget-heading\" data-id=\"6ce4d53\" data-element_type=\"widget\" data-e-type=\"widget\" data-widget_type=\"heading.default\">\n\t\t\t\t<div class=\"elementor-widget-container\">\n\t\t\t\t\t<h2 class=\"elementor-heading-title elementor-size-default\">TO-lyon &#8211; FR<\/h2>\t\t\t\t<\/div>\n\t\t\t\t<\/div>\n\t\t\t\t<div class=\"elementor-element elementor-element-d386181 elementor-widget elementor-widget-text-editor\" data-id=\"d386181\" data-element_type=\"widget\" data-e-type=\"widget\" data-widget_type=\"text-editor.default\">\n\t\t\t\t<div class=\"elementor-widget-container\">\n\t\t\t\t\t\t\t\t\t<p>La Tour TO est un projet immobilier embl\u00e9matique situ\u00e9 dans le quartier de La Part-Dieu \u00e0 Lyon, en France. Il est con\u00e7u comme une tour qui abrite des bureaux, des magasins et des espaces publics. Tour TO vise \u00e0 revitaliser le quartier de La Part-Dieu pour en faire un centre d&rsquo;affaires dynamique et moderne.<\/p>\n\t\t\t\t\t\t\t\t<\/div>\n\t\t\t\t<\/div>\n\t\t\t\t<\/div>\n\t\t\t\t\t<\/div>\n\t\t\t\t<\/div>\n\t\t<div class=\"elementor-element elementor-element-6a50d24 e-flex e-con-boxed e-con e-parent\" data-id=\"6a50d24\" data-element_type=\"container\" data-e-type=\"container\">\n\t\t\t\t\t<div class=\"e-con-inner\">\n\t\t\t\t<div class=\"elementor-element elementor-element-c5d4886 e-transform elementor-widget elementor-widget-text-editor\" data-id=\"c5d4886\" data-element_type=\"widget\" data-e-type=\"widget\" data-settings=\"{&quot;_transform_skewX_effect&quot;:{&quot;unit&quot;:&quot;px&quot;,&quot;size&quot;:&quot;&quot;,&quot;sizes&quot;:[]},&quot;_transform_skewX_effect_tablet&quot;:{&quot;unit&quot;:&quot;deg&quot;,&quot;size&quot;:&quot;&quot;,&quot;sizes&quot;:[]},&quot;_transform_skewX_effect_mobile&quot;:{&quot;unit&quot;:&quot;deg&quot;,&quot;size&quot;:&quot;&quot;,&quot;sizes&quot;:[]},&quot;_transform_skewY_effect&quot;:{&quot;unit&quot;:&quot;px&quot;,&quot;size&quot;:&quot;&quot;,&quot;sizes&quot;:[]},&quot;_transform_skewY_effect_tablet&quot;:{&quot;unit&quot;:&quot;deg&quot;,&quot;size&quot;:&quot;&quot;,&quot;sizes&quot;:[]},&quot;_transform_skewY_effect_mobile&quot;:{&quot;unit&quot;:&quot;deg&quot;,&quot;size&quot;:&quot;&quot;,&quot;sizes&quot;:[]}}\" data-widget_type=\"text-editor.default\">\n\t\t\t\t<div class=\"elementor-widget-container\">\n\t\t\t\t\t\t\t\t\t<p>\u2014\u2014 Nos r\u00e9alisations<\/p>\n\t\t\t\t\t\t\t\t<\/div>\n\t\t\t\t<\/div>\n\t\t\t\t<div class=\"elementor-element elementor-element-6b8a278 elementor-widget elementor-widget-heading\" data-id=\"6b8a278\" data-element_type=\"widget\" data-e-type=\"widget\" data-widget_type=\"heading.default\">\n\t\t\t\t<div class=\"elementor-widget-container\">\n\t\t\t\t\t<h2 class=\"elementor-heading-title elementor-size-default\">D\u00e9couvrez nos r\u00e9alisations<\/h2>\t\t\t\t<\/div>\n\t\t\t\t<\/div>\n\t\t\t\t<div class=\"elementor-element elementor-element-6d71458 elementor-grid-3 elementor-grid-tablet-2 elementor-grid-mobile-1 elementor-widget elementor-widget-loop-grid\" data-id=\"6d71458\" data-element_type=\"widget\" data-e-type=\"widget\" data-settings=\"{&quot;template_id&quot;:6649,&quot;_skin&quot;:&quot;post&quot;,&quot;columns&quot;:&quot;3&quot;,&quot;columns_tablet&quot;:&quot;2&quot;,&quot;columns_mobile&quot;:&quot;1&quot;,&quot;edit_handle_selector&quot;:&quot;[data-elementor-type=\\&quot;loop-item\\&quot;]&quot;,&quot;row_gap&quot;:{&quot;unit&quot;:&quot;px&quot;,&quot;size&quot;:&quot;&quot;,&quot;sizes&quot;:[]},&quot;row_gap_tablet&quot;:{&quot;unit&quot;:&quot;px&quot;,&quot;size&quot;:&quot;&quot;,&quot;sizes&quot;:[]},&quot;row_gap_mobile&quot;:{&quot;unit&quot;:&quot;px&quot;,&quot;size&quot;:&quot;&quot;,&quot;sizes&quot;:[]}}\" data-widget_type=\"loop-grid.post\">\n\t\t\t\t<div class=\"elementor-widget-container\">\n\t\t\t\t\t\t\t<div class=\"elementor-loop-container elementor-grid\" role=\"list\">\n\t\t<style id=\"loop-dynamic-6649\">.e-loop-item-2460 .elementor-element.elementor-element-05abcf3:not(.elementor-motion-effects-element-type-background), .e-loop-item-2460 .elementor-element.elementor-element-05abcf3 > .elementor-motion-effects-container > .elementor-motion-effects-layer{background-image:url(\"https:\/\/www.linxion.com\/wp-content\/uploads\/2023\/09\/HS2-main.webp\");}<\/style><style id=\"loop-6649\">.elementor-6649 .elementor-element.elementor-element-155287b{--display:flex;--flex-direction:column;--container-widget-width:100%;--container-widget-height:initial;--container-widget-flex-grow:0;--container-widget-align-self:initial;--flex-wrap-mobile:wrap;--gap:10px 10px;--row-gap:10px;--column-gap:10px;--margin-top:0px;--margin-bottom:0px;--margin-left:0px;--margin-right:0px;}.elementor-6649 .elementor-element.elementor-element-05abcf3{--display:flex;--min-height:440px;--flex-direction:column;--container-widget-width:100%;--container-widget-height:initial;--container-widget-flex-grow:0;--container-widget-align-self:initial;--flex-wrap-mobile:wrap;--overlay-opacity:1;}.elementor-6649 .elementor-element.elementor-element-05abcf3:not(.elementor-motion-effects-element-type-background), .elementor-6649 .elementor-element.elementor-element-05abcf3 > .elementor-motion-effects-container > .elementor-motion-effects-layer{background-position:center center;background-size:cover;}.elementor-6649 .elementor-element.elementor-element-05abcf3::before, .elementor-6649 .elementor-element.elementor-element-05abcf3 > .elementor-background-video-container::before, .elementor-6649 .elementor-element.elementor-element-05abcf3 > .e-con-inner > .elementor-background-video-container::before, .elementor-6649 .elementor-element.elementor-element-05abcf3 > .elementor-background-slideshow::before, .elementor-6649 .elementor-element.elementor-element-05abcf3 > .e-con-inner > .elementor-background-slideshow::before, .elementor-6649 .elementor-element.elementor-element-05abcf3 > .elementor-motion-effects-container > .elementor-motion-effects-layer::before{--background-overlay:'';background-image:url(\"https:\/\/www.linxion.com\/wp-content\/uploads\/2023\/11\/Add.png\");background-position:bottom right;background-repeat:no-repeat;}.elementor-6649 .elementor-element.elementor-element-a7247b6{--display:flex;--gap:0px 0px;--row-gap:0px;--column-gap:0px;--padding-top:0px;--padding-bottom:0px;--padding-left:20px;--padding-right:20px;}.elementor-6649 .elementor-element.elementor-element-c1639ec{color:var( --e-global-color-blocksy_palette_3 );}@media(min-width:768px){.elementor-6649 .elementor-element.elementor-element-155287b{--width:100%;}.elementor-6649 .elementor-element.elementor-element-05abcf3{--width:100%;}}<\/style>\t\t<div data-elementor-type=\"loop-item\" data-elementor-id=\"6649\" class=\"elementor elementor-6649 e-loop-item e-loop-item-2460 post-2460 page type-page status-publish has-post-thumbnail hentry\" data-elementor-post-type=\"elementor_library\" data-custom-edit-handle=\"1\">\n\t\t\t<a class=\"elementor-element elementor-element-155287b e-con-full e-flex e-con e-child\" data-id=\"155287b\" data-element_type=\"container\" data-e-type=\"container\" href=\"https:\/\/www.linxion.com\/fr\/nos-realisations\/hs2-royaume-uni\/\">\n\t\t<div class=\"elementor-element elementor-element-05abcf3 e-con-full e-flex e-con e-child\" data-id=\"05abcf3\" data-element_type=\"container\" data-e-type=\"container\" data-settings=\"{&quot;background_background&quot;:&quot;classic&quot;}\">\n\t\t\t\t<\/div>\n\t\t<div class=\"elementor-element elementor-element-a7247b6 e-flex e-con-boxed e-con e-child\" data-id=\"a7247b6\" data-element_type=\"container\" data-e-type=\"container\">\n\t\t\t\t\t<div class=\"e-con-inner\">\n\t\t\t\t<div class=\"elementor-element elementor-element-c1639ec elementor-widget elementor-widget-text-editor\" data-id=\"c1639ec\" data-element_type=\"widget\" data-e-type=\"widget\" data-widget_type=\"text-editor.default\">\n\t\t\t\t<div class=\"elementor-widget-container\">\n\t\t\t\t\t\t\t\t\t<p>Projects<\/p>\t\t\t\t\t\t\t\t<\/div>\n\t\t\t\t<\/div>\n\t\t\t\t\t<\/div>\n\t\t\t\t<\/div>\n\t\t\t\t<\/a>\n\t\t\t\t<\/div>\n\t\t<style id=\"loop-dynamic-6649\">.e-loop-item-2395 .elementor-element.elementor-element-05abcf3:not(.elementor-motion-effects-element-type-background), .e-loop-item-2395 .elementor-element.elementor-element-05abcf3 > .elementor-motion-effects-container > .elementor-motion-effects-layer{background-image:url(\"https:\/\/www.linxion.com\/wp-content\/uploads\/2023\/12\/Tour-de-region-turin-main.png\");}<\/style>\t\t<div data-elementor-type=\"loop-item\" data-elementor-id=\"6649\" class=\"elementor elementor-6649 e-loop-item e-loop-item-2395 post-2395 page type-page status-publish has-post-thumbnail hentry\" data-elementor-post-type=\"elementor_library\" data-custom-edit-handle=\"1\">\n\t\t\t<a class=\"elementor-element elementor-element-155287b e-con-full e-flex e-con e-child\" data-id=\"155287b\" data-element_type=\"container\" data-e-type=\"container\" href=\"https:\/\/www.linxion.com\/fr\/nos-realisations\/tour-regionale\/\">\n\t\t<div class=\"elementor-element elementor-element-05abcf3 e-con-full e-flex e-con e-child\" data-id=\"05abcf3\" data-element_type=\"container\" data-e-type=\"container\" data-settings=\"{&quot;background_background&quot;:&quot;classic&quot;}\">\n\t\t\t\t<\/div>\n\t\t<div class=\"elementor-element elementor-element-a7247b6 e-flex e-con-boxed e-con e-child\" data-id=\"a7247b6\" data-element_type=\"container\" data-e-type=\"container\">\n\t\t\t\t\t<div class=\"e-con-inner\">\n\t\t\t\t<div class=\"elementor-element elementor-element-c1639ec elementor-widget elementor-widget-text-editor\" data-id=\"c1639ec\" data-element_type=\"widget\" data-e-type=\"widget\" data-widget_type=\"text-editor.default\">\n\t\t\t\t<div class=\"elementor-widget-container\">\n\t\t\t\t\t\t\t\t\t<p>Projects<\/p>\t\t\t\t\t\t\t\t<\/div>\n\t\t\t\t<\/div>\n\t\t\t\t\t<\/div>\n\t\t\t\t<\/div>\n\t\t\t\t<\/a>\n\t\t\t\t<\/div>\n\t\t<style id=\"loop-dynamic-6649\">.e-loop-item-2430 .elementor-element.elementor-element-05abcf3:not(.elementor-motion-effects-element-type-background), .e-loop-item-2430 .elementor-element.elementor-element-05abcf3 > .elementor-motion-effects-container > .elementor-motion-effects-layer{background-image:url(\"https:\/\/www.linxion.com\/wp-content\/uploads\/2023\/09\/transalpine-main.webp\");}<\/style>\t\t<div data-elementor-type=\"loop-item\" data-elementor-id=\"6649\" class=\"elementor elementor-6649 e-loop-item e-loop-item-2430 post-2430 page type-page status-publish has-post-thumbnail hentry\" data-elementor-post-type=\"elementor_library\" data-custom-edit-handle=\"1\">\n\t\t\t<a class=\"elementor-element elementor-element-155287b e-con-full e-flex e-con e-child\" data-id=\"155287b\" data-element_type=\"container\" data-e-type=\"container\" href=\"https:\/\/www.linxion.com\/fr\/nos-realisations\/transalpine-fr\/\">\n\t\t<div class=\"elementor-element elementor-element-05abcf3 e-con-full e-flex e-con e-child\" data-id=\"05abcf3\" data-element_type=\"container\" data-e-type=\"container\" data-settings=\"{&quot;background_background&quot;:&quot;classic&quot;}\">\n\t\t\t\t<\/div>\n\t\t<div class=\"elementor-element elementor-element-a7247b6 e-flex e-con-boxed e-con e-child\" data-id=\"a7247b6\" data-element_type=\"container\" data-e-type=\"container\">\n\t\t\t\t\t<div class=\"e-con-inner\">\n\t\t\t\t<div class=\"elementor-element elementor-element-c1639ec elementor-widget elementor-widget-text-editor\" data-id=\"c1639ec\" data-element_type=\"widget\" data-e-type=\"widget\" data-widget_type=\"text-editor.default\">\n\t\t\t\t<div class=\"elementor-widget-container\">\n\t\t\t\t\t\t\t\t\t<p>Projects<\/p>\t\t\t\t\t\t\t\t<\/div>\n\t\t\t\t<\/div>\n\t\t\t\t\t<\/div>\n\t\t\t\t<\/div>\n\t\t\t\t<\/a>\n\t\t\t\t<\/div>\n\t\t\t\t<\/div>\n\t\t\n\t\t\t\t\t\t<\/div>\n\t\t\t\t<\/div>\n\t\t\t\t\t<\/div>\n\t\t\t\t<\/div>\n\t\t\t\t<\/div>\n\t\t","protected":false},"excerpt":{"rendered":"<p>\u2014\u2014 R\u00e9alisations La Tour TO est un projet immobilier embl\u00e9matique situ\u00e9 dans le quartier de La Part-Dieu \u00e0 Lyon, en France. Il est con\u00e7u comme une tour qui abrite des bureaux, des magasins et des espaces publics. Tour TO vise \u00e0 revitaliser le quartier de La Part-Dieu pour en faire un centre d&rsquo;affaires dynamique et [&hellip;]<\/p>\n","protected":false},"author":1,"featured_media":1311,"parent":2623,"menu_order":0,"comment_status":"closed","ping_status":"closed","template":"","meta":{"footnotes":""},"class_list":["post-2393","page","type-page","status-publish","has-post-thumbnail","hentry"],"blocksy_meta":[],"jetpack_sharing_enabled":true,"_links":{"self":[{"href":"https:\/\/www.linxion.com\/fr\/wp-json\/wp\/v2\/pages\/2393","targetHints":{"allow":["GET"]}}],"collection":[{"href":"https:\/\/www.linxion.com\/fr\/wp-json\/wp\/v2\/pages"}],"about":[{"href":"https:\/\/www.linxion.com\/fr\/wp-json\/wp\/v2\/types\/page"}],"author":[{"embeddable":true,"href":"https:\/\/www.linxion.com\/fr\/wp-json\/wp\/v2\/users\/1"}],"replies":[{"embeddable":true,"href":"https:\/\/www.linxion.com\/fr\/wp-json\/wp\/v2\/comments?post=2393"}],"version-history":[{"count":6,"href":"https:\/\/www.linxion.com\/fr\/wp-json\/wp\/v2\/pages\/2393\/revisions"}],"predecessor-version":[{"id":11101,"href":"https:\/\/www.linxion.com\/fr\/wp-json\/wp\/v2\/pages\/2393\/revisions\/11101"}],"up":[{"embeddable":true,"href":"https:\/\/www.linxion.com\/fr\/wp-json\/wp\/v2\/pages\/2623"}],"wp:featuredmedia":[{"embeddable":true,"href":"https:\/\/www.linxion.com\/fr\/wp-json\/wp\/v2\/media\/1311"}],"wp:attachment":[{"href":"https:\/\/www.linxion.com\/fr\/wp-json\/wp\/v2\/media?parent=2393"}],"curies":[{"name":"wp","href":"https:\/\/api.w.org\/{rel}","templated":true}]}}