{"id":2395,"date":"2023-09-20T14:12:44","date_gmt":"2023-09-20T14:12:44","guid":{"rendered":"https:\/\/www.linxion.com\/tour-regionale\/"},"modified":"2025-06-20T12:43:49","modified_gmt":"2025-06-20T12:43:49","slug":"tour-regionale","status":"publish","type":"page","link":"https:\/\/www.linxion.com\/fr\/nos-realisations\/tour-regionale\/","title":{"rendered":"Tour de r\u00e9gion &#8211; Turin"},"content":{"rendered":"\t\t<div data-elementor-type=\"wp-page\" data-elementor-id=\"2395\" class=\"elementor elementor-2395 elementor-2090\" data-elementor-post-type=\"page\">\n\t\t\t\t<div class=\"elementor-element elementor-element-efa8b87 e-flex e-con-boxed e-con e-parent\" data-id=\"efa8b87\" data-element_type=\"container\" data-e-type=\"container\" data-settings=\"{&quot;background_background&quot;:&quot;classic&quot;}\">\n\t\t\t\t\t<div class=\"e-con-inner\">\n\t\t<div class=\"elementor-element elementor-element-6af09c7 e-con-full e-flex e-con e-child\" data-id=\"6af09c7\" data-element_type=\"container\" data-e-type=\"container\">\n\t\t\t\t<div class=\"elementor-element elementor-element-906ac42 elementor-widget elementor-widget-heading\" data-id=\"906ac42\" data-element_type=\"widget\" data-e-type=\"widget\" data-widget_type=\"heading.default\">\n\t\t\t\t<div class=\"elementor-widget-container\">\n\t\t\t\t\t<h1 class=\"elementor-heading-title elementor-size-default\">Tour de r\u00e9gion &#8211; Turin<\/h1>\t\t\t\t<\/div>\n\t\t\t\t<\/div>\n\t\t\t\t<div class=\"elementor-element elementor-element-26e049b elementor-widget elementor-widget-shortcode\" data-id=\"26e049b\" data-element_type=\"widget\" data-e-type=\"widget\" data-widget_type=\"shortcode.default\">\n\t\t\t\t<div class=\"elementor-widget-container\">\n\t\t\t\t\t\t\t<div class=\"elementor-shortcode\"><nav aria-label=\"breadcrumbs\" class=\"rank-math-breadcrumb\"><p><span class=\"last\">Home<\/span><\/p><\/nav><\/div>\n\t\t\t\t\t\t<\/div>\n\t\t\t\t<\/div>\n\t\t\t\t<\/div>\n\t\t\t\t\t<\/div>\n\t\t\t\t<\/div>\n\t\t<div class=\"elementor-element elementor-element-541f3fe e-flex e-con-boxed e-con e-parent\" data-id=\"541f3fe\" data-element_type=\"container\" data-e-type=\"container\">\n\t\t\t\t\t<div class=\"e-con-inner\">\n\t\t<div class=\"elementor-element elementor-element-307bd9c e-con-full e-flex e-con e-child\" data-id=\"307bd9c\" data-element_type=\"container\" data-e-type=\"container\">\n\t\t\t\t<div class=\"elementor-element elementor-element-04a5c2c elementor-widget elementor-widget-gallery\" data-id=\"04a5c2c\" data-element_type=\"widget\" data-e-type=\"widget\" data-settings=\"{&quot;gallery_layout&quot;:&quot;justified&quot;,&quot;ideal_row_height&quot;:{&quot;unit&quot;:&quot;px&quot;,&quot;size&quot;:167,&quot;sizes&quot;:[]},&quot;gap&quot;:{&quot;unit&quot;:&quot;px&quot;,&quot;size&quot;:16,&quot;sizes&quot;:[]},&quot;lazyload&quot;:&quot;yes&quot;,&quot;ideal_row_height_tablet&quot;:{&quot;unit&quot;:&quot;px&quot;,&quot;size&quot;:150,&quot;sizes&quot;:[]},&quot;ideal_row_height_mobile&quot;:{&quot;unit&quot;:&quot;px&quot;,&quot;size&quot;:150,&quot;sizes&quot;:[]},&quot;gap_tablet&quot;:{&quot;unit&quot;:&quot;px&quot;,&quot;size&quot;:10,&quot;sizes&quot;:[]},&quot;gap_mobile&quot;:{&quot;unit&quot;:&quot;px&quot;,&quot;size&quot;:10,&quot;sizes&quot;:[]},&quot;link_to&quot;:&quot;file&quot;,&quot;overlay_background&quot;:&quot;yes&quot;,&quot;content_hover_animation&quot;:&quot;fade-in&quot;}\" data-widget_type=\"gallery.default\">\n\t\t\t\t<div class=\"elementor-widget-container\">\n\t\t\t\t\t\t\t<div class=\"elementor-gallery__container\">\n\t\t\t\t\t\t\t<a class=\"e-gallery-item elementor-gallery-item elementor-animated-content\" href=\"https:\/\/www.linxion.com\/wp-content\/uploads\/2023\/12\/Tour-de-region-turain-1-1.webp\" data-elementor-open-lightbox=\"yes\" data-elementor-lightbox-slideshow=\"04a5c2c\" data-elementor-lightbox-title=\"Tour-de-region-turain-1-1\" data-e-action-hash=\"#elementor-action%3Aaction%3Dlightbox%26settings%3DeyJpZCI6ODY0MCwidXJsIjoiaHR0cHM6XC9cL3d3dy5saW54aW9uLmNvbVwvd3AtY29udGVudFwvdXBsb2Fkc1wvMjAyM1wvMTJcL1RvdXItZGUtcmVnaW9uLXR1cmFpbi0xLTEud2VicCIsInNsaWRlc2hvdyI6IjA0YTVjMmMifQ%3D%3D\">\n\t\t\t\t\t<div class=\"e-gallery-image elementor-gallery-item__image\" data-thumbnail=\"https:\/\/www.linxion.com\/wp-content\/uploads\/2023\/12\/Tour-de-region-turain-1-1.webp\" data-width=\"640\" data-height=\"428\" aria-label=\"\" role=\"img\" ><\/div>\n\t\t\t\t\t\t\t\t\t\t\t<div class=\"elementor-gallery-item__overlay\"><\/div>\n\t\t\t\t\t\t\t\t\t\t\t\t\t\t<\/a>\n\t\t\t\t\t\t\t<a class=\"e-gallery-item elementor-gallery-item elementor-animated-content\" href=\"https:\/\/www.linxion.com\/wp-content\/uploads\/2023\/12\/Tour-de-region-turin-2-1.webp\" data-elementor-open-lightbox=\"yes\" data-elementor-lightbox-slideshow=\"04a5c2c\" data-elementor-lightbox-title=\"Tour-de-region-turin-2-1\" data-e-action-hash=\"#elementor-action%3Aaction%3Dlightbox%26settings%3DeyJpZCI6ODY0NSwidXJsIjoiaHR0cHM6XC9cL3d3dy5saW54aW9uLmNvbVwvd3AtY29udGVudFwvdXBsb2Fkc1wvMjAyM1wvMTJcL1RvdXItZGUtcmVnaW9uLXR1cmluLTItMS53ZWJwIiwic2xpZGVzaG93IjoiMDRhNWMyYyJ9\">\n\t\t\t\t\t<div class=\"e-gallery-image elementor-gallery-item__image\" data-thumbnail=\"https:\/\/www.linxion.com\/wp-content\/uploads\/2023\/12\/Tour-de-region-turin-2-1.webp\" data-width=\"2560\" data-height=\"1290\" aria-label=\"\" role=\"img\" ><\/div>\n\t\t\t\t\t\t\t\t\t\t\t<div class=\"elementor-gallery-item__overlay\"><\/div>\n\t\t\t\t\t\t\t\t\t\t\t\t\t\t<\/a>\n\t\t\t\t\t\t\t<a class=\"e-gallery-item elementor-gallery-item elementor-animated-content\" href=\"https:\/\/www.linxion.com\/wp-content\/uploads\/2023\/12\/Tour-de-region-turin-3-1.webp\" data-elementor-open-lightbox=\"yes\" data-elementor-lightbox-slideshow=\"04a5c2c\" data-elementor-lightbox-title=\"Tour-de-region-turin-3-1\" data-e-action-hash=\"#elementor-action%3Aaction%3Dlightbox%26settings%3DeyJpZCI6ODY1MCwidXJsIjoiaHR0cHM6XC9cL3d3dy5saW54aW9uLmNvbVwvd3AtY29udGVudFwvdXBsb2Fkc1wvMjAyM1wvMTJcL1RvdXItZGUtcmVnaW9uLXR1cmluLTMtMS53ZWJwIiwic2xpZGVzaG93IjoiMDRhNWMyYyJ9\">\n\t\t\t\t\t<div class=\"e-gallery-image elementor-gallery-item__image\" data-thumbnail=\"https:\/\/www.linxion.com\/wp-content\/uploads\/2023\/12\/Tour-de-region-turin-3-1.webp\" data-width=\"2387\" data-height=\"1284\" aria-label=\"\" role=\"img\" ><\/div>\n\t\t\t\t\t\t\t\t\t\t\t<div class=\"elementor-gallery-item__overlay\"><\/div>\n\t\t\t\t\t\t\t\t\t\t\t\t\t\t<\/a>\n\t\t\t\t\t\t\t<a class=\"e-gallery-item elementor-gallery-item elementor-animated-content\" href=\"https:\/\/www.linxion.com\/wp-content\/uploads\/2023\/12\/Tour-de-region-turin-main.webp\" data-elementor-open-lightbox=\"yes\" data-elementor-lightbox-slideshow=\"04a5c2c\" data-elementor-lightbox-title=\"Tour-de-region-turin-main\" data-e-action-hash=\"#elementor-action%3Aaction%3Dlightbox%26settings%3DeyJpZCI6ODg4MCwidXJsIjoiaHR0cHM6XC9cL3d3dy5saW54aW9uLmNvbVwvd3AtY29udGVudFwvdXBsb2Fkc1wvMjAyM1wvMTJcL1RvdXItZGUtcmVnaW9uLXR1cmluLW1haW4ud2VicCIsInNsaWRlc2hvdyI6IjA0YTVjMmMifQ%3D%3D\">\n\t\t\t\t\t<div class=\"e-gallery-image elementor-gallery-item__image\" data-thumbnail=\"https:\/\/www.linxion.com\/wp-content\/uploads\/2023\/12\/Tour-de-region-turin-main.webp\" data-width=\"1280\" data-height=\"720\" aria-label=\"\" role=\"img\" ><\/div>\n\t\t\t\t\t\t\t\t\t\t\t<div class=\"elementor-gallery-item__overlay\"><\/div>\n\t\t\t\t\t\t\t\t\t\t\t\t\t\t<\/a>\n\t\t\t\t\t<\/div>\n\t\t\t\t\t<\/div>\n\t\t\t\t<\/div>\n\t\t\t\t<\/div>\n\t\t<div class=\"elementor-element elementor-element-030e9c6 e-con-full e-flex e-con e-child\" data-id=\"030e9c6\" data-element_type=\"container\" data-e-type=\"container\">\n\t\t\t\t<div class=\"elementor-element elementor-element-f8e1dbf e-transform elementor-widget elementor-widget-text-editor\" data-id=\"f8e1dbf\" data-element_type=\"widget\" data-e-type=\"widget\" data-settings=\"{&quot;_transform_skewX_effect&quot;:{&quot;unit&quot;:&quot;px&quot;,&quot;size&quot;:&quot;&quot;,&quot;sizes&quot;:[]},&quot;_transform_skewX_effect_tablet&quot;:{&quot;unit&quot;:&quot;deg&quot;,&quot;size&quot;:&quot;&quot;,&quot;sizes&quot;:[]},&quot;_transform_skewX_effect_mobile&quot;:{&quot;unit&quot;:&quot;deg&quot;,&quot;size&quot;:&quot;&quot;,&quot;sizes&quot;:[]},&quot;_transform_skewY_effect&quot;:{&quot;unit&quot;:&quot;px&quot;,&quot;size&quot;:&quot;&quot;,&quot;sizes&quot;:[]},&quot;_transform_skewY_effect_tablet&quot;:{&quot;unit&quot;:&quot;deg&quot;,&quot;size&quot;:&quot;&quot;,&quot;sizes&quot;:[]},&quot;_transform_skewY_effect_mobile&quot;:{&quot;unit&quot;:&quot;deg&quot;,&quot;size&quot;:&quot;&quot;,&quot;sizes&quot;:[]}}\" data-widget_type=\"text-editor.default\">\n\t\t\t\t<div class=\"elementor-widget-container\">\n\t\t\t\t\t\t\t\t\t<p>\u2014\u2014 R\u00e9alisations<\/p>\n\t\t\t\t\t\t\t\t<\/div>\n\t\t\t\t<\/div>\n\t\t\t\t<div class=\"elementor-element elementor-element-bc380c8 elementor-widget elementor-widget-heading\" data-id=\"bc380c8\" data-element_type=\"widget\" data-e-type=\"widget\" data-widget_type=\"heading.default\">\n\t\t\t\t<div class=\"elementor-widget-container\">\n\t\t\t\t\t<h2 class=\"elementor-heading-title elementor-size-default\">Tour de r\u00e9gion &#8211; Turin<\/h2>\t\t\t\t<\/div>\n\t\t\t\t<\/div>\n\t\t\t\t<div class=\"elementor-element elementor-element-65c9884 elementor-widget elementor-widget-text-editor\" data-id=\"65c9884\" data-element_type=\"widget\" data-e-type=\"widget\" data-widget_type=\"text-editor.default\">\n\t\t\t\t<div class=\"elementor-widget-container\">\n\t\t\t\t\t\t\t\t\t<p>La Tour de r\u00e9gion de Turin est un projet de d\u00e9veloppement architectural destin\u00e9 \u00e0 abriter les bureaux administratifs de la r\u00e9gion du Pi\u00e9mont en Italie. Elle se caract\u00e9rise par un design moderne et innovant, avec une structure en verre et des \u00e9l\u00e9ments de conception respectueux de l&rsquo;environnement. La tour, qui servira de si\u00e8ge administratif au gouvernement r\u00e9gional, est situ\u00e9e dans le quartier Lingotto de Turin.<\/p>\n\t\t\t\t\t\t\t\t<\/div>\n\t\t\t\t<\/div>\n\t\t\t\t<\/div>\n\t\t\t\t\t<\/div>\n\t\t\t\t<\/div>\n\t\t<div class=\"elementor-element elementor-element-4d5af46 e-flex e-con-boxed e-con e-parent\" data-id=\"4d5af46\" data-element_type=\"container\" data-e-type=\"container\">\n\t\t\t\t\t<div class=\"e-con-inner\">\n\t\t\t\t<div class=\"elementor-element elementor-element-69ddc07 e-transform elementor-widget elementor-widget-text-editor\" data-id=\"69ddc07\" data-element_type=\"widget\" data-e-type=\"widget\" data-settings=\"{&quot;_transform_skewX_effect&quot;:{&quot;unit&quot;:&quot;px&quot;,&quot;size&quot;:&quot;&quot;,&quot;sizes&quot;:[]},&quot;_transform_skewX_effect_tablet&quot;:{&quot;unit&quot;:&quot;deg&quot;,&quot;size&quot;:&quot;&quot;,&quot;sizes&quot;:[]},&quot;_transform_skewX_effect_mobile&quot;:{&quot;unit&quot;:&quot;deg&quot;,&quot;size&quot;:&quot;&quot;,&quot;sizes&quot;:[]},&quot;_transform_skewY_effect&quot;:{&quot;unit&quot;:&quot;px&quot;,&quot;size&quot;:&quot;&quot;,&quot;sizes&quot;:[]},&quot;_transform_skewY_effect_tablet&quot;:{&quot;unit&quot;:&quot;deg&quot;,&quot;size&quot;:&quot;&quot;,&quot;sizes&quot;:[]},&quot;_transform_skewY_effect_mobile&quot;:{&quot;unit&quot;:&quot;deg&quot;,&quot;size&quot;:&quot;&quot;,&quot;sizes&quot;:[]}}\" data-widget_type=\"text-editor.default\">\n\t\t\t\t<div class=\"elementor-widget-container\">\n\t\t\t\t\t\t\t\t\t<p>\u2014\u2014 Nos r\u00e9alisations<\/p>\n\t\t\t\t\t\t\t\t<\/div>\n\t\t\t\t<\/div>\n\t\t\t\t<div class=\"elementor-element elementor-element-08a9525 elementor-widget elementor-widget-heading\" data-id=\"08a9525\" data-element_type=\"widget\" data-e-type=\"widget\" data-widget_type=\"heading.default\">\n\t\t\t\t<div class=\"elementor-widget-container\">\n\t\t\t\t\t<h2 class=\"elementor-heading-title elementor-size-default\">D\u00e9couvrez nos r\u00e9alisations<\/h2>\t\t\t\t<\/div>\n\t\t\t\t<\/div>\n\t\t\t\t<div class=\"elementor-element elementor-element-b36d5da elementor-grid-3 elementor-grid-tablet-2 elementor-grid-mobile-1 elementor-widget elementor-widget-loop-grid\" data-id=\"b36d5da\" data-element_type=\"widget\" data-e-type=\"widget\" data-settings=\"{&quot;template_id&quot;:6649,&quot;_skin&quot;:&quot;post&quot;,&quot;columns&quot;:&quot;3&quot;,&quot;columns_tablet&quot;:&quot;2&quot;,&quot;columns_mobile&quot;:&quot;1&quot;,&quot;edit_handle_selector&quot;:&quot;[data-elementor-type=\\&quot;loop-item\\&quot;]&quot;,&quot;row_gap&quot;:{&quot;unit&quot;:&quot;px&quot;,&quot;size&quot;:&quot;&quot;,&quot;sizes&quot;:[]},&quot;row_gap_tablet&quot;:{&quot;unit&quot;:&quot;px&quot;,&quot;size&quot;:&quot;&quot;,&quot;sizes&quot;:[]},&quot;row_gap_mobile&quot;:{&quot;unit&quot;:&quot;px&quot;,&quot;size&quot;:&quot;&quot;,&quot;sizes&quot;:[]}}\" data-widget_type=\"loop-grid.post\">\n\t\t\t\t<div class=\"elementor-widget-container\">\n\t\t\t\t\t\t\t<div class=\"elementor-loop-container elementor-grid\" role=\"list\">\n\t\t<style id=\"loop-dynamic-6649\">.e-loop-item-2577 .elementor-element.elementor-element-05abcf3:not(.elementor-motion-effects-element-type-background), .e-loop-item-2577 .elementor-element.elementor-element-05abcf3 > .elementor-motion-effects-container > .elementor-motion-effects-layer{background-image:url(\"https:\/\/www.linxion.com\/wp-content\/uploads\/2023\/09\/Grande-mosquet-main.webp\");}<\/style><style id=\"loop-6649\">.elementor-6649 .elementor-element.elementor-element-155287b{--display:flex;--flex-direction:column;--container-widget-width:100%;--container-widget-height:initial;--container-widget-flex-grow:0;--container-widget-align-self:initial;--flex-wrap-mobile:wrap;--gap:10px 10px;--row-gap:10px;--column-gap:10px;--margin-top:0px;--margin-bottom:0px;--margin-left:0px;--margin-right:0px;}.elementor-6649 .elementor-element.elementor-element-05abcf3{--display:flex;--min-height:440px;--flex-direction:column;--container-widget-width:100%;--container-widget-height:initial;--container-widget-flex-grow:0;--container-widget-align-self:initial;--flex-wrap-mobile:wrap;--overlay-opacity:1;}.elementor-6649 .elementor-element.elementor-element-05abcf3:not(.elementor-motion-effects-element-type-background), .elementor-6649 .elementor-element.elementor-element-05abcf3 > .elementor-motion-effects-container > .elementor-motion-effects-layer{background-position:center center;background-size:cover;}.elementor-6649 .elementor-element.elementor-element-05abcf3::before, .elementor-6649 .elementor-element.elementor-element-05abcf3 > .elementor-background-video-container::before, .elementor-6649 .elementor-element.elementor-element-05abcf3 > .e-con-inner > .elementor-background-video-container::before, .elementor-6649 .elementor-element.elementor-element-05abcf3 > .elementor-background-slideshow::before, .elementor-6649 .elementor-element.elementor-element-05abcf3 > .e-con-inner > .elementor-background-slideshow::before, .elementor-6649 .elementor-element.elementor-element-05abcf3 > .elementor-motion-effects-container > .elementor-motion-effects-layer::before{--background-overlay:'';background-image:url(\"https:\/\/www.linxion.com\/wp-content\/uploads\/2023\/11\/Add.png\");background-position:bottom right;background-repeat:no-repeat;}.elementor-6649 .elementor-element.elementor-element-a7247b6{--display:flex;--gap:0px 0px;--row-gap:0px;--column-gap:0px;--padding-top:0px;--padding-bottom:0px;--padding-left:20px;--padding-right:20px;}.elementor-6649 .elementor-element.elementor-element-c1639ec{color:var( --e-global-color-blocksy_palette_3 );}@media(min-width:768px){.elementor-6649 .elementor-element.elementor-element-155287b{--width:100%;}.elementor-6649 .elementor-element.elementor-element-05abcf3{--width:100%;}}<\/style>\t\t<div data-elementor-type=\"loop-item\" data-elementor-id=\"6649\" class=\"elementor elementor-6649 e-loop-item e-loop-item-2577 post-2577 page type-page status-publish has-post-thumbnail hentry\" data-elementor-post-type=\"elementor_library\" data-custom-edit-handle=\"1\">\n\t\t\t<a class=\"elementor-element elementor-element-155287b e-con-full e-flex e-con e-child\" data-id=\"155287b\" data-element_type=\"container\" data-e-type=\"container\" href=\"https:\/\/www.linxion.com\/fr\/nos-realisations\/la-grande-mosquee-dalger\/\">\n\t\t<div class=\"elementor-element elementor-element-05abcf3 e-con-full e-flex e-con e-child\" data-id=\"05abcf3\" data-element_type=\"container\" data-e-type=\"container\" data-settings=\"{&quot;background_background&quot;:&quot;classic&quot;}\">\n\t\t\t\t<\/div>\n\t\t<div class=\"elementor-element elementor-element-a7247b6 e-flex e-con-boxed e-con e-child\" data-id=\"a7247b6\" data-element_type=\"container\" data-e-type=\"container\">\n\t\t\t\t\t<div class=\"e-con-inner\">\n\t\t\t\t<div class=\"elementor-element elementor-element-c1639ec elementor-widget elementor-widget-text-editor\" data-id=\"c1639ec\" data-element_type=\"widget\" data-e-type=\"widget\" data-widget_type=\"text-editor.default\">\n\t\t\t\t<div class=\"elementor-widget-container\">\n\t\t\t\t\t\t\t\t\t<p>Projects<\/p>\t\t\t\t\t\t\t\t<\/div>\n\t\t\t\t<\/div>\n\t\t\t\t\t<\/div>\n\t\t\t\t<\/div>\n\t\t\t\t<\/a>\n\t\t\t\t<\/div>\n\t\t<style id=\"loop-dynamic-6649\">.e-loop-item-2570 .elementor-element.elementor-element-05abcf3:not(.elementor-motion-effects-element-type-background), .e-loop-item-2570 .elementor-element.elementor-element-05abcf3 > .elementor-motion-effects-container > .elementor-motion-effects-layer{background-image:url(\"https:\/\/www.linxion.com\/wp-content\/uploads\/2023\/10\/Route-du-littoral-main-1-1.webp\");}<\/style>\t\t<div data-elementor-type=\"loop-item\" data-elementor-id=\"6649\" class=\"elementor elementor-6649 e-loop-item e-loop-item-2570 post-2570 page type-page status-publish has-post-thumbnail hentry\" data-elementor-post-type=\"elementor_library\" data-custom-edit-handle=\"1\">\n\t\t\t<a class=\"elementor-element elementor-element-155287b e-con-full e-flex e-con e-child\" data-id=\"155287b\" data-element_type=\"container\" data-e-type=\"container\" href=\"https:\/\/www.linxion.com\/fr\/nos-realisations\/route-du-littoral-la-reunion\/\">\n\t\t<div class=\"elementor-element elementor-element-05abcf3 e-con-full e-flex e-con e-child\" data-id=\"05abcf3\" data-element_type=\"container\" data-e-type=\"container\" data-settings=\"{&quot;background_background&quot;:&quot;classic&quot;}\">\n\t\t\t\t<\/div>\n\t\t<div class=\"elementor-element elementor-element-a7247b6 e-flex e-con-boxed e-con e-child\" data-id=\"a7247b6\" data-element_type=\"container\" data-e-type=\"container\">\n\t\t\t\t\t<div class=\"e-con-inner\">\n\t\t\t\t<div class=\"elementor-element elementor-element-c1639ec elementor-widget elementor-widget-text-editor\" data-id=\"c1639ec\" data-element_type=\"widget\" data-e-type=\"widget\" data-widget_type=\"text-editor.default\">\n\t\t\t\t<div class=\"elementor-widget-container\">\n\t\t\t\t\t\t\t\t\t<p>Projects<\/p>\t\t\t\t\t\t\t\t<\/div>\n\t\t\t\t<\/div>\n\t\t\t\t\t<\/div>\n\t\t\t\t<\/div>\n\t\t\t\t<\/a>\n\t\t\t\t<\/div>\n\t\t<style id=\"loop-dynamic-6649\">.e-loop-item-2493 .elementor-element.elementor-element-05abcf3:not(.elementor-motion-effects-element-type-background), .e-loop-item-2493 .elementor-element.elementor-element-05abcf3 > .elementor-motion-effects-container > .elementor-motion-effects-layer{background-image:url(\"https:\/\/www.linxion.com\/wp-content\/uploads\/2023\/09\/One-floreaca-towers-main.webp\");}<\/style>\t\t<div data-elementor-type=\"loop-item\" data-elementor-id=\"6649\" class=\"elementor elementor-6649 e-loop-item e-loop-item-2493 post-2493 page type-page status-publish has-post-thumbnail hentry\" data-elementor-post-type=\"elementor_library\" data-custom-edit-handle=\"1\">\n\t\t\t<a class=\"elementor-element elementor-element-155287b e-con-full e-flex e-con e-child\" data-id=\"155287b\" data-element_type=\"container\" data-e-type=\"container\" href=\"https:\/\/www.linxion.com\/fr\/nos-realisations\/one-floreaca-tower-roumanie\/\">\n\t\t<div class=\"elementor-element elementor-element-05abcf3 e-con-full e-flex e-con e-child\" data-id=\"05abcf3\" data-element_type=\"container\" data-e-type=\"container\" data-settings=\"{&quot;background_background&quot;:&quot;classic&quot;}\">\n\t\t\t\t<\/div>\n\t\t<div class=\"elementor-element elementor-element-a7247b6 e-flex e-con-boxed e-con e-child\" data-id=\"a7247b6\" data-element_type=\"container\" data-e-type=\"container\">\n\t\t\t\t\t<div class=\"e-con-inner\">\n\t\t\t\t<div class=\"elementor-element elementor-element-c1639ec elementor-widget elementor-widget-text-editor\" data-id=\"c1639ec\" data-element_type=\"widget\" data-e-type=\"widget\" data-widget_type=\"text-editor.default\">\n\t\t\t\t<div class=\"elementor-widget-container\">\n\t\t\t\t\t\t\t\t\t<p>Projects<\/p>\t\t\t\t\t\t\t\t<\/div>\n\t\t\t\t<\/div>\n\t\t\t\t\t<\/div>\n\t\t\t\t<\/div>\n\t\t\t\t<\/a>\n\t\t\t\t<\/div>\n\t\t\t\t<\/div>\n\t\t\n\t\t\t\t\t\t<\/div>\n\t\t\t\t<\/div>\n\t\t\t\t\t<\/div>\n\t\t\t\t<\/div>\n\t\t\t\t<\/div>\n\t\t","protected":false},"excerpt":{"rendered":"<p>\u2014\u2014 R\u00e9alisations La Tour de r\u00e9gion de Turin est un projet de d\u00e9veloppement architectural destin\u00e9 \u00e0 abriter les bureaux administratifs de la r\u00e9gion du Pi\u00e9mont en Italie. Elle se caract\u00e9rise par un design moderne et innovant, avec une structure en verre et des \u00e9l\u00e9ments de conception respectueux de l&rsquo;environnement. La tour, qui servira de si\u00e8ge [&hellip;]<\/p>\n","protected":false},"author":1,"featured_media":7872,"parent":2623,"menu_order":0,"comment_status":"closed","ping_status":"closed","template":"elementor_header_footer","meta":{"footnotes":""},"class_list":["post-2395","page","type-page","status-publish","has-post-thumbnail","hentry"],"blocksy_meta":[],"jetpack_sharing_enabled":true,"_links":{"self":[{"href":"https:\/\/www.linxion.com\/fr\/wp-json\/wp\/v2\/pages\/2395","targetHints":{"allow":["GET"]}}],"collection":[{"href":"https:\/\/www.linxion.com\/fr\/wp-json\/wp\/v2\/pages"}],"about":[{"href":"https:\/\/www.linxion.com\/fr\/wp-json\/wp\/v2\/types\/page"}],"author":[{"embeddable":true,"href":"https:\/\/www.linxion.com\/fr\/wp-json\/wp\/v2\/users\/1"}],"replies":[{"embeddable":true,"href":"https:\/\/www.linxion.com\/fr\/wp-json\/wp\/v2\/comments?post=2395"}],"version-history":[{"count":5,"href":"https:\/\/www.linxion.com\/fr\/wp-json\/wp\/v2\/pages\/2395\/revisions"}],"predecessor-version":[{"id":11166,"href":"https:\/\/www.linxion.com\/fr\/wp-json\/wp\/v2\/pages\/2395\/revisions\/11166"}],"up":[{"embeddable":true,"href":"https:\/\/www.linxion.com\/fr\/wp-json\/wp\/v2\/pages\/2623"}],"wp:featuredmedia":[{"embeddable":true,"href":"https:\/\/www.linxion.com\/fr\/wp-json\/wp\/v2\/media\/7872"}],"wp:attachment":[{"href":"https:\/\/www.linxion.com\/fr\/wp-json\/wp\/v2\/media?parent=2395"}],"curies":[{"name":"wp","href":"https:\/\/api.w.org\/{rel}","templated":true}]}}