{"id":2570,"date":"2023-09-20T14:13:44","date_gmt":"2023-09-20T14:13:44","guid":{"rendered":"https:\/\/www.linxion.com\/route-du-littoral-la-reunion\/"},"modified":"2025-06-20T10:03:29","modified_gmt":"2025-06-20T10:03:29","slug":"route-du-littoral-la-reunion","status":"publish","type":"page","link":"https:\/\/www.linxion.com\/fr\/nos-realisations\/route-du-littoral-la-reunion\/","title":{"rendered":"Route du littoral \u2013 R\u00e9union"},"content":{"rendered":"\t\t<div data-elementor-type=\"wp-page\" data-elementor-id=\"2570\" class=\"elementor elementor-2570 elementor-2092\" data-elementor-post-type=\"page\">\n\t\t\t\t<div class=\"elementor-element elementor-element-bc3c383 e-flex e-con-boxed e-con e-parent\" data-id=\"bc3c383\" data-element_type=\"container\" data-e-type=\"container\" data-settings=\"{&quot;background_background&quot;:&quot;classic&quot;}\">\n\t\t\t\t\t<div class=\"e-con-inner\">\n\t\t<div class=\"elementor-element elementor-element-534c162 e-con-full e-flex e-con e-child\" data-id=\"534c162\" data-element_type=\"container\" data-e-type=\"container\">\n\t\t\t\t<div class=\"elementor-element elementor-element-4b435f4 elementor-widget elementor-widget-heading\" data-id=\"4b435f4\" data-element_type=\"widget\" data-e-type=\"widget\" data-widget_type=\"heading.default\">\n\t\t\t\t<div class=\"elementor-widget-container\">\n\t\t\t\t\t<h1 class=\"elementor-heading-title elementor-size-default\">Route du littoral \u2013 R\u00e9union<\/h1>\t\t\t\t<\/div>\n\t\t\t\t<\/div>\n\t\t\t\t<div class=\"elementor-element elementor-element-1df7e80 elementor-widget elementor-widget-shortcode\" data-id=\"1df7e80\" data-element_type=\"widget\" data-e-type=\"widget\" data-widget_type=\"shortcode.default\">\n\t\t\t\t<div class=\"elementor-widget-container\">\n\t\t\t\t\t\t\t<div class=\"elementor-shortcode\"><nav aria-label=\"breadcrumbs\" class=\"rank-math-breadcrumb\"><p><span class=\"last\">Home<\/span><\/p><\/nav><\/div>\n\t\t\t\t\t\t<\/div>\n\t\t\t\t<\/div>\n\t\t\t\t<\/div>\n\t\t\t\t\t<\/div>\n\t\t\t\t<\/div>\n\t\t<div class=\"elementor-element elementor-element-7475e14 e-flex e-con-boxed e-con e-parent\" data-id=\"7475e14\" data-element_type=\"container\" data-e-type=\"container\">\n\t\t\t\t\t<div class=\"e-con-inner\">\n\t\t<div class=\"elementor-element elementor-element-1e448b4 e-con-full e-flex e-con e-child\" data-id=\"1e448b4\" data-element_type=\"container\" data-e-type=\"container\">\n\t\t\t\t<div class=\"elementor-element elementor-element-8cf51fc elementor-widget elementor-widget-gallery\" data-id=\"8cf51fc\" data-element_type=\"widget\" data-e-type=\"widget\" data-settings=\"{&quot;gallery_layout&quot;:&quot;justified&quot;,&quot;ideal_row_height&quot;:{&quot;unit&quot;:&quot;px&quot;,&quot;size&quot;:240,&quot;sizes&quot;:[]},&quot;lazyload&quot;:&quot;yes&quot;,&quot;ideal_row_height_tablet&quot;:{&quot;unit&quot;:&quot;px&quot;,&quot;size&quot;:150,&quot;sizes&quot;:[]},&quot;ideal_row_height_mobile&quot;:{&quot;unit&quot;:&quot;px&quot;,&quot;size&quot;:150,&quot;sizes&quot;:[]},&quot;gap&quot;:{&quot;unit&quot;:&quot;px&quot;,&quot;size&quot;:10,&quot;sizes&quot;:[]},&quot;gap_tablet&quot;:{&quot;unit&quot;:&quot;px&quot;,&quot;size&quot;:10,&quot;sizes&quot;:[]},&quot;gap_mobile&quot;:{&quot;unit&quot;:&quot;px&quot;,&quot;size&quot;:10,&quot;sizes&quot;:[]},&quot;link_to&quot;:&quot;file&quot;,&quot;overlay_background&quot;:&quot;yes&quot;,&quot;content_hover_animation&quot;:&quot;fade-in&quot;}\" data-widget_type=\"gallery.default\">\n\t\t\t\t<div class=\"elementor-widget-container\">\n\t\t\t\t\t\t\t<div class=\"elementor-gallery__container\">\n\t\t\t\t\t\t\t<a class=\"e-gallery-item elementor-gallery-item elementor-animated-content\" href=\"https:\/\/www.linxion.com\/wp-content\/uploads\/2023\/09\/Route-du-littoral-1.webp\" data-elementor-open-lightbox=\"yes\" data-elementor-lightbox-slideshow=\"8cf51fc\" data-elementor-lightbox-title=\"Route-du-littoral\" data-e-action-hash=\"#elementor-action%3Aaction%3Dlightbox%26settings%3DeyJpZCI6MzYzLCJ1cmwiOiJodHRwczpcL1wvd3d3Lmxpbnhpb24uY29tXC93cC1jb250ZW50XC91cGxvYWRzXC8yMDIzXC8wOVwvUm91dGUtZHUtbGl0dG9yYWwtMS53ZWJwIiwic2xpZGVzaG93IjoiOGNmNTFmYyJ9\">\n\t\t\t\t\t<div class=\"e-gallery-image elementor-gallery-item__image\" data-thumbnail=\"https:\/\/www.linxion.com\/wp-content\/uploads\/2023\/09\/Route-du-littoral-1.webp\" data-width=\"1200\" data-height=\"900\" aria-label=\"\" role=\"img\" ><\/div>\n\t\t\t\t\t\t\t\t\t\t\t<div class=\"elementor-gallery-item__overlay\"><\/div>\n\t\t\t\t\t\t\t\t\t\t\t\t\t\t<\/a>\n\t\t\t\t\t\t\t<a class=\"e-gallery-item elementor-gallery-item elementor-animated-content\" href=\"https:\/\/www.linxion.com\/wp-content\/uploads\/2023\/09\/Route-du-littoral-2.webp\" data-elementor-open-lightbox=\"yes\" data-elementor-lightbox-slideshow=\"8cf51fc\" data-elementor-lightbox-title=\"Route-du-littoral\" data-e-action-hash=\"#elementor-action%3Aaction%3Dlightbox%26settings%3DeyJpZCI6MzY0LCJ1cmwiOiJodHRwczpcL1wvd3d3Lmxpbnhpb24uY29tXC93cC1jb250ZW50XC91cGxvYWRzXC8yMDIzXC8wOVwvUm91dGUtZHUtbGl0dG9yYWwtMi53ZWJwIiwic2xpZGVzaG93IjoiOGNmNTFmYyJ9\">\n\t\t\t\t\t<div class=\"e-gallery-image elementor-gallery-item__image\" data-thumbnail=\"https:\/\/www.linxion.com\/wp-content\/uploads\/2023\/09\/Route-du-littoral-2.webp\" data-width=\"1200\" data-height=\"900\" aria-label=\"\" role=\"img\" ><\/div>\n\t\t\t\t\t\t\t\t\t\t\t<div class=\"elementor-gallery-item__overlay\"><\/div>\n\t\t\t\t\t\t\t\t\t\t\t\t\t\t<\/a>\n\t\t\t\t\t\t\t<a class=\"e-gallery-item elementor-gallery-item elementor-animated-content\" href=\"https:\/\/www.linxion.com\/wp-content\/uploads\/2023\/09\/Route-du-littoral-3.webp\" data-elementor-open-lightbox=\"yes\" data-elementor-lightbox-slideshow=\"8cf51fc\" data-elementor-lightbox-title=\"Route-du-littoral\" data-e-action-hash=\"#elementor-action%3Aaction%3Dlightbox%26settings%3DeyJpZCI6MzY1LCJ1cmwiOiJodHRwczpcL1wvd3d3Lmxpbnhpb24uY29tXC93cC1jb250ZW50XC91cGxvYWRzXC8yMDIzXC8wOVwvUm91dGUtZHUtbGl0dG9yYWwtMy53ZWJwIiwic2xpZGVzaG93IjoiOGNmNTFmYyJ9\">\n\t\t\t\t\t<div class=\"e-gallery-image elementor-gallery-item__image\" data-thumbnail=\"https:\/\/www.linxion.com\/wp-content\/uploads\/2023\/09\/Route-du-littoral-3.webp\" data-width=\"1200\" data-height=\"900\" aria-label=\"\" role=\"img\" ><\/div>\n\t\t\t\t\t\t\t\t\t\t\t<div class=\"elementor-gallery-item__overlay\"><\/div>\n\t\t\t\t\t\t\t\t\t\t\t\t\t\t<\/a>\n\t\t\t\t\t\t\t<a class=\"e-gallery-item elementor-gallery-item elementor-animated-content\" href=\"https:\/\/www.linxion.com\/wp-content\/uploads\/2023\/09\/Route-du-littoral-main.webp\" data-elementor-open-lightbox=\"yes\" data-elementor-lightbox-slideshow=\"8cf51fc\" data-elementor-lightbox-title=\"Route du littoral main\" data-e-action-hash=\"#elementor-action%3Aaction%3Dlightbox%26settings%3DeyJpZCI6MzY2LCJ1cmwiOiJodHRwczpcL1wvd3d3Lmxpbnhpb24uY29tXC93cC1jb250ZW50XC91cGxvYWRzXC8yMDIzXC8wOVwvUm91dGUtZHUtbGl0dG9yYWwtbWFpbi53ZWJwIiwic2xpZGVzaG93IjoiOGNmNTFmYyJ9\">\n\t\t\t\t\t<div class=\"e-gallery-image elementor-gallery-item__image\" data-thumbnail=\"https:\/\/www.linxion.com\/wp-content\/uploads\/2023\/09\/Route-du-littoral-main.webp\" data-width=\"1200\" data-height=\"900\" aria-label=\"\" role=\"img\" ><\/div>\n\t\t\t\t\t\t\t\t\t\t\t<div class=\"elementor-gallery-item__overlay\"><\/div>\n\t\t\t\t\t\t\t\t\t\t\t\t\t\t<\/a>\n\t\t\t\t\t<\/div>\n\t\t\t\t\t<\/div>\n\t\t\t\t<\/div>\n\t\t\t\t<\/div>\n\t\t<div class=\"elementor-element elementor-element-34517b4 e-con-full e-flex e-con e-child\" data-id=\"34517b4\" data-element_type=\"container\" data-e-type=\"container\">\n\t\t\t\t<div class=\"elementor-element elementor-element-bb95060 e-transform elementor-widget elementor-widget-text-editor\" data-id=\"bb95060\" data-element_type=\"widget\" data-e-type=\"widget\" data-settings=\"{&quot;_transform_skewX_effect&quot;:{&quot;unit&quot;:&quot;px&quot;,&quot;size&quot;:&quot;&quot;,&quot;sizes&quot;:[]},&quot;_transform_skewX_effect_tablet&quot;:{&quot;unit&quot;:&quot;deg&quot;,&quot;size&quot;:&quot;&quot;,&quot;sizes&quot;:[]},&quot;_transform_skewX_effect_mobile&quot;:{&quot;unit&quot;:&quot;deg&quot;,&quot;size&quot;:&quot;&quot;,&quot;sizes&quot;:[]},&quot;_transform_skewY_effect&quot;:{&quot;unit&quot;:&quot;px&quot;,&quot;size&quot;:&quot;&quot;,&quot;sizes&quot;:[]},&quot;_transform_skewY_effect_tablet&quot;:{&quot;unit&quot;:&quot;deg&quot;,&quot;size&quot;:&quot;&quot;,&quot;sizes&quot;:[]},&quot;_transform_skewY_effect_mobile&quot;:{&quot;unit&quot;:&quot;deg&quot;,&quot;size&quot;:&quot;&quot;,&quot;sizes&quot;:[]}}\" data-widget_type=\"text-editor.default\">\n\t\t\t\t<div class=\"elementor-widget-container\">\n\t\t\t\t\t\t\t\t\t<p>\u2014\u2014 R\u00e9alisations<\/p>\n\t\t\t\t\t\t\t\t<\/div>\n\t\t\t\t<\/div>\n\t\t\t\t<div class=\"elementor-element elementor-element-716223f elementor-widget elementor-widget-heading\" data-id=\"716223f\" data-element_type=\"widget\" data-e-type=\"widget\" data-widget_type=\"heading.default\">\n\t\t\t\t<div class=\"elementor-widget-container\">\n\t\t\t\t\t<h2 class=\"elementor-heading-title elementor-size-default\">Route du littoral - R\u00e9union<\/h2>\t\t\t\t<\/div>\n\t\t\t\t<\/div>\n\t\t\t\t<div class=\"elementor-element elementor-element-f003847 elementor-widget elementor-widget-text-editor\" data-id=\"f003847\" data-element_type=\"widget\" data-e-type=\"widget\" data-widget_type=\"text-editor.default\">\n\t\t\t\t<div class=\"elementor-widget-container\">\n\t\t\t\t\t\t\t\t\t<p>La route du littoral \u00e0 la r\u00e9union est un projet d&rsquo;infrastructure majeur r\u00e9fl\u00e9chit pour moderniser la principale voie de circulation de l&rsquo;\u00eele. Le projet comprend la construction d&rsquo;un viaduc en mer reliant Saint-Denis \u00e0 La Possession, offrant ainsi une zone plus s\u00fbre et plus r\u00e9sistante aux conditions m\u00e9t\u00e9orologiques extr\u00eames.<\/p>\n\t\t\t\t\t\t\t\t<\/div>\n\t\t\t\t<\/div>\n\t\t\t\t<\/div>\n\t\t\t\t\t<\/div>\n\t\t\t\t<\/div>\n\t\t<div class=\"elementor-element elementor-element-db16c85 e-flex e-con-boxed e-con e-parent\" data-id=\"db16c85\" data-element_type=\"container\" data-e-type=\"container\">\n\t\t\t\t\t<div class=\"e-con-inner\">\n\t\t\t\t<div class=\"elementor-element elementor-element-26a8f5f e-transform elementor-widget elementor-widget-text-editor\" data-id=\"26a8f5f\" data-element_type=\"widget\" data-e-type=\"widget\" data-settings=\"{&quot;_transform_skewX_effect&quot;:{&quot;unit&quot;:&quot;px&quot;,&quot;size&quot;:&quot;&quot;,&quot;sizes&quot;:[]},&quot;_transform_skewX_effect_tablet&quot;:{&quot;unit&quot;:&quot;deg&quot;,&quot;size&quot;:&quot;&quot;,&quot;sizes&quot;:[]},&quot;_transform_skewX_effect_mobile&quot;:{&quot;unit&quot;:&quot;deg&quot;,&quot;size&quot;:&quot;&quot;,&quot;sizes&quot;:[]},&quot;_transform_skewY_effect&quot;:{&quot;unit&quot;:&quot;px&quot;,&quot;size&quot;:&quot;&quot;,&quot;sizes&quot;:[]},&quot;_transform_skewY_effect_tablet&quot;:{&quot;unit&quot;:&quot;deg&quot;,&quot;size&quot;:&quot;&quot;,&quot;sizes&quot;:[]},&quot;_transform_skewY_effect_mobile&quot;:{&quot;unit&quot;:&quot;deg&quot;,&quot;size&quot;:&quot;&quot;,&quot;sizes&quot;:[]}}\" data-widget_type=\"text-editor.default\">\n\t\t\t\t<div class=\"elementor-widget-container\">\n\t\t\t\t\t\t\t\t\t<p>\u2014\u2014 Nos r\u00e9alisations<\/p>\n\t\t\t\t\t\t\t\t<\/div>\n\t\t\t\t<\/div>\n\t\t\t\t<div class=\"elementor-element elementor-element-7a6b270 elementor-widget elementor-widget-heading\" data-id=\"7a6b270\" data-element_type=\"widget\" data-e-type=\"widget\" data-widget_type=\"heading.default\">\n\t\t\t\t<div class=\"elementor-widget-container\">\n\t\t\t\t\t<h2 class=\"elementor-heading-title elementor-size-default\">D\u00e9couvrez nos r\u00e9alisations<\/h2>\t\t\t\t<\/div>\n\t\t\t\t<\/div>\n\t\t\t\t<div class=\"elementor-element elementor-element-ac8685e elementor-grid-3 elementor-grid-tablet-2 elementor-grid-mobile-1 elementor-widget elementor-widget-loop-grid\" data-id=\"ac8685e\" data-element_type=\"widget\" data-e-type=\"widget\" data-settings=\"{&quot;template_id&quot;:6649,&quot;_skin&quot;:&quot;post&quot;,&quot;columns&quot;:&quot;3&quot;,&quot;columns_tablet&quot;:&quot;2&quot;,&quot;columns_mobile&quot;:&quot;1&quot;,&quot;edit_handle_selector&quot;:&quot;[data-elementor-type=\\&quot;loop-item\\&quot;]&quot;,&quot;row_gap&quot;:{&quot;unit&quot;:&quot;px&quot;,&quot;size&quot;:&quot;&quot;,&quot;sizes&quot;:[]},&quot;row_gap_tablet&quot;:{&quot;unit&quot;:&quot;px&quot;,&quot;size&quot;:&quot;&quot;,&quot;sizes&quot;:[]},&quot;row_gap_mobile&quot;:{&quot;unit&quot;:&quot;px&quot;,&quot;size&quot;:&quot;&quot;,&quot;sizes&quot;:[]}}\" data-widget_type=\"loop-grid.post\">\n\t\t\t\t<div class=\"elementor-widget-container\">\n\t\t\t\t\t\t\t<div class=\"elementor-loop-container elementor-grid\" role=\"list\">\n\t\t<style id=\"loop-dynamic-6649\">.e-loop-item-2482 .elementor-element.elementor-element-05abcf3:not(.elementor-motion-effects-element-type-background), .e-loop-item-2482 .elementor-element.elementor-element-05abcf3 > .elementor-motion-effects-container > .elementor-motion-effects-layer{background-image:url(\"https:\/\/www.linxion.com\/wp-content\/uploads\/2023\/09\/Grand-Paris-main-1.webp\");}<\/style><style id=\"loop-6649\">.elementor-6649 .elementor-element.elementor-element-155287b{--display:flex;--flex-direction:column;--container-widget-width:100%;--container-widget-height:initial;--container-widget-flex-grow:0;--container-widget-align-self:initial;--flex-wrap-mobile:wrap;--gap:10px 10px;--row-gap:10px;--column-gap:10px;--margin-top:0px;--margin-bottom:0px;--margin-left:0px;--margin-right:0px;}.elementor-6649 .elementor-element.elementor-element-05abcf3{--display:flex;--min-height:440px;--flex-direction:column;--container-widget-width:100%;--container-widget-height:initial;--container-widget-flex-grow:0;--container-widget-align-self:initial;--flex-wrap-mobile:wrap;--overlay-opacity:1;}.elementor-6649 .elementor-element.elementor-element-05abcf3:not(.elementor-motion-effects-element-type-background), .elementor-6649 .elementor-element.elementor-element-05abcf3 > .elementor-motion-effects-container > .elementor-motion-effects-layer{background-position:center center;background-size:cover;}.elementor-6649 .elementor-element.elementor-element-05abcf3::before, .elementor-6649 .elementor-element.elementor-element-05abcf3 > .elementor-background-video-container::before, .elementor-6649 .elementor-element.elementor-element-05abcf3 > .e-con-inner > .elementor-background-video-container::before, .elementor-6649 .elementor-element.elementor-element-05abcf3 > .elementor-background-slideshow::before, .elementor-6649 .elementor-element.elementor-element-05abcf3 > .e-con-inner > .elementor-background-slideshow::before, .elementor-6649 .elementor-element.elementor-element-05abcf3 > .elementor-motion-effects-container > .elementor-motion-effects-layer::before{--background-overlay:'';background-image:url(\"https:\/\/www.linxion.com\/wp-content\/uploads\/2023\/11\/Add.png\");background-position:bottom right;background-repeat:no-repeat;}.elementor-6649 .elementor-element.elementor-element-a7247b6{--display:flex;--gap:0px 0px;--row-gap:0px;--column-gap:0px;--padding-top:0px;--padding-bottom:0px;--padding-left:20px;--padding-right:20px;}.elementor-6649 .elementor-element.elementor-element-c1639ec{color:var( --e-global-color-blocksy_palette_3 );}@media(min-width:768px){.elementor-6649 .elementor-element.elementor-element-155287b{--width:100%;}.elementor-6649 .elementor-element.elementor-element-05abcf3{--width:100%;}}<\/style>\t\t<div data-elementor-type=\"loop-item\" data-elementor-id=\"6649\" class=\"elementor elementor-6649 e-loop-item e-loop-item-2482 post-2482 page type-page status-publish has-post-thumbnail hentry\" data-elementor-post-type=\"elementor_library\" data-custom-edit-handle=\"1\">\n\t\t\t<a class=\"elementor-element elementor-element-155287b e-con-full e-flex e-con e-child\" data-id=\"155287b\" data-element_type=\"container\" data-e-type=\"container\" href=\"https:\/\/www.linxion.com\/fr\/nos-realisations\/le-grand-paris-fr\/\">\n\t\t<div class=\"elementor-element elementor-element-05abcf3 e-con-full e-flex e-con e-child\" data-id=\"05abcf3\" data-element_type=\"container\" data-e-type=\"container\" data-settings=\"{&quot;background_background&quot;:&quot;classic&quot;}\">\n\t\t\t\t<\/div>\n\t\t<div class=\"elementor-element elementor-element-a7247b6 e-flex e-con-boxed e-con e-child\" data-id=\"a7247b6\" data-element_type=\"container\" data-e-type=\"container\">\n\t\t\t\t\t<div class=\"e-con-inner\">\n\t\t\t\t<div class=\"elementor-element elementor-element-c1639ec elementor-widget elementor-widget-text-editor\" data-id=\"c1639ec\" data-element_type=\"widget\" data-e-type=\"widget\" data-widget_type=\"text-editor.default\">\n\t\t\t\t<div class=\"elementor-widget-container\">\n\t\t\t\t\t\t\t\t\t<p>Projects<\/p>\t\t\t\t\t\t\t\t<\/div>\n\t\t\t\t<\/div>\n\t\t\t\t\t<\/div>\n\t\t\t\t<\/div>\n\t\t\t\t<\/a>\n\t\t\t\t<\/div>\n\t\t<style id=\"loop-dynamic-6649\">.e-loop-item-2386 .elementor-element.elementor-element-05abcf3:not(.elementor-motion-effects-element-type-background), .e-loop-item-2386 .elementor-element.elementor-element-05abcf3 > .elementor-motion-effects-container > .elementor-motion-effects-layer{background-image:url(\"https:\/\/www.linxion.com\/wp-content\/uploads\/2023\/09\/Stade-des-lumieres-main.webp\");}<\/style>\t\t<div data-elementor-type=\"loop-item\" data-elementor-id=\"6649\" class=\"elementor elementor-6649 e-loop-item e-loop-item-2386 post-2386 page type-page status-publish has-post-thumbnail hentry\" data-elementor-post-type=\"elementor_library\" data-custom-edit-handle=\"1\">\n\t\t\t<a class=\"elementor-element elementor-element-155287b e-con-full e-flex e-con e-child\" data-id=\"155287b\" data-element_type=\"container\" data-e-type=\"container\" href=\"https:\/\/www.linxion.com\/fr\/nos-realisations\/stade-de-lumiere\/\">\n\t\t<div class=\"elementor-element elementor-element-05abcf3 e-con-full e-flex e-con e-child\" data-id=\"05abcf3\" data-element_type=\"container\" data-e-type=\"container\" data-settings=\"{&quot;background_background&quot;:&quot;classic&quot;}\">\n\t\t\t\t<\/div>\n\t\t<div class=\"elementor-element elementor-element-a7247b6 e-flex e-con-boxed e-con e-child\" data-id=\"a7247b6\" data-element_type=\"container\" data-e-type=\"container\">\n\t\t\t\t\t<div class=\"e-con-inner\">\n\t\t\t\t<div class=\"elementor-element elementor-element-c1639ec elementor-widget elementor-widget-text-editor\" data-id=\"c1639ec\" data-element_type=\"widget\" data-e-type=\"widget\" data-widget_type=\"text-editor.default\">\n\t\t\t\t<div class=\"elementor-widget-container\">\n\t\t\t\t\t\t\t\t\t<p>Projects<\/p>\t\t\t\t\t\t\t\t<\/div>\n\t\t\t\t<\/div>\n\t\t\t\t\t<\/div>\n\t\t\t\t<\/div>\n\t\t\t\t<\/a>\n\t\t\t\t<\/div>\n\t\t<style id=\"loop-dynamic-6649\">.e-loop-item-2393 .elementor-element.elementor-element-05abcf3:not(.elementor-motion-effects-element-type-background), .e-loop-item-2393 .elementor-element.elementor-element-05abcf3 > .elementor-motion-effects-container > .elementor-motion-effects-layer{background-image:url(\"https:\/\/www.linxion.com\/wp-content\/uploads\/2023\/09\/Lyon-TO-main.webp\");}<\/style>\t\t<div data-elementor-type=\"loop-item\" data-elementor-id=\"6649\" class=\"elementor elementor-6649 e-loop-item e-loop-item-2393 post-2393 page type-page status-publish has-post-thumbnail hentry\" data-elementor-post-type=\"elementor_library\" data-custom-edit-handle=\"1\">\n\t\t\t<a class=\"elementor-element elementor-element-155287b e-con-full e-flex e-con e-child\" data-id=\"155287b\" data-element_type=\"container\" data-e-type=\"container\" href=\"https:\/\/www.linxion.com\/fr\/nos-realisations\/rooppur-central-bd\/\">\n\t\t<div class=\"elementor-element elementor-element-05abcf3 e-con-full e-flex e-con e-child\" data-id=\"05abcf3\" data-element_type=\"container\" data-e-type=\"container\" data-settings=\"{&quot;background_background&quot;:&quot;classic&quot;}\">\n\t\t\t\t<\/div>\n\t\t<div class=\"elementor-element elementor-element-a7247b6 e-flex e-con-boxed e-con e-child\" data-id=\"a7247b6\" data-element_type=\"container\" data-e-type=\"container\">\n\t\t\t\t\t<div class=\"e-con-inner\">\n\t\t\t\t<div class=\"elementor-element elementor-element-c1639ec elementor-widget elementor-widget-text-editor\" data-id=\"c1639ec\" data-element_type=\"widget\" data-e-type=\"widget\" data-widget_type=\"text-editor.default\">\n\t\t\t\t<div class=\"elementor-widget-container\">\n\t\t\t\t\t\t\t\t\t<p>Projects<\/p>\t\t\t\t\t\t\t\t<\/div>\n\t\t\t\t<\/div>\n\t\t\t\t\t<\/div>\n\t\t\t\t<\/div>\n\t\t\t\t<\/a>\n\t\t\t\t<\/div>\n\t\t\t\t<\/div>\n\t\t\n\t\t\t\t\t\t<\/div>\n\t\t\t\t<\/div>\n\t\t\t\t\t<\/div>\n\t\t\t\t<\/div>\n\t\t\t\t<\/div>\n\t\t","protected":false},"excerpt":{"rendered":"<p>\u2014\u2014 R\u00e9alisations Route du littoral &#8211; R\u00e9union La route du littoral \u00e0 la r\u00e9union est un projet d&rsquo;infrastructure majeur r\u00e9fl\u00e9chit pour moderniser la principale voie de circulation de l&rsquo;\u00eele. Le projet comprend la construction d&rsquo;un viaduc en mer reliant Saint-Denis \u00e0 La Possession, offrant ainsi une zone plus s\u00fbre et plus r\u00e9sistante aux conditions m\u00e9t\u00e9orologiques [&hellip;]<\/p>\n","protected":false},"author":1,"featured_media":5122,"parent":2623,"menu_order":0,"comment_status":"closed","ping_status":"closed","template":"elementor_header_footer","meta":{"footnotes":""},"class_list":["post-2570","page","type-page","status-publish","has-post-thumbnail","hentry"],"blocksy_meta":[],"jetpack_sharing_enabled":true,"_links":{"self":[{"href":"https:\/\/www.linxion.com\/fr\/wp-json\/wp\/v2\/pages\/2570","targetHints":{"allow":["GET"]}}],"collection":[{"href":"https:\/\/www.linxion.com\/fr\/wp-json\/wp\/v2\/pages"}],"about":[{"href":"https:\/\/www.linxion.com\/fr\/wp-json\/wp\/v2\/types\/page"}],"author":[{"embeddable":true,"href":"https:\/\/www.linxion.com\/fr\/wp-json\/wp\/v2\/users\/1"}],"replies":[{"embeddable":true,"href":"https:\/\/www.linxion.com\/fr\/wp-json\/wp\/v2\/comments?post=2570"}],"version-history":[{"count":5,"href":"https:\/\/www.linxion.com\/fr\/wp-json\/wp\/v2\/pages\/2570\/revisions"}],"predecessor-version":[{"id":11158,"href":"https:\/\/www.linxion.com\/fr\/wp-json\/wp\/v2\/pages\/2570\/revisions\/11158"}],"up":[{"embeddable":true,"href":"https:\/\/www.linxion.com\/fr\/wp-json\/wp\/v2\/pages\/2623"}],"wp:featuredmedia":[{"embeddable":true,"href":"https:\/\/www.linxion.com\/fr\/wp-json\/wp\/v2\/media\/5122"}],"wp:attachment":[{"href":"https:\/\/www.linxion.com\/fr\/wp-json\/wp\/v2\/media?parent=2570"}],"curies":[{"name":"wp","href":"https:\/\/api.w.org\/{rel}","templated":true}]}}