{"id":2615,"date":"2023-09-14T08:21:48","date_gmt":"2023-09-14T08:21:48","guid":{"rendered":"https:\/\/www.linxion.com\/politique-en-matiere-de-cookies\/"},"modified":"2024-01-23T11:11:33","modified_gmt":"2024-01-23T11:11:33","slug":"politique-en-matiere-de-cookies","status":"publish","type":"page","link":"https:\/\/www.linxion.com\/fr\/politique-en-matiere-de-cookies\/","title":{"rendered":"Politique en mati\u00e8re de cookies"},"content":{"rendered":"\t\t<div data-elementor-type=\"wp-page\" data-elementor-id=\"2615\" class=\"elementor elementor-2615 elementor-578\" data-elementor-post-type=\"page\">\n\t\t\t\t<div class=\"elementor-element elementor-element-e660e4e e-flex e-con-boxed e-con e-parent\" data-id=\"e660e4e\" data-element_type=\"container\" data-e-type=\"container\" data-settings=\"{&quot;background_background&quot;:&quot;classic&quot;}\">\n\t\t\t\t\t<div class=\"e-con-inner\">\n\t\t\t\t<div class=\"elementor-element elementor-element-4976c22 elementor-widget elementor-widget-heading\" data-id=\"4976c22\" data-element_type=\"widget\" data-e-type=\"widget\" data-widget_type=\"heading.default\">\n\t\t\t\t<div class=\"elementor-widget-container\">\n\t\t\t\t\t<h1 class=\"elementor-heading-title elementor-size-default\">Politique en mati\u00e8re de cookies<\/h1>\t\t\t\t<\/div>\n\t\t\t\t<\/div>\n\t\t\t\t\t<\/div>\n\t\t\t\t<\/div>\n\t\t<div class=\"elementor-element elementor-element-49fa1df e-con-full e-flex e-con e-parent\" data-id=\"49fa1df\" data-element_type=\"container\" data-e-type=\"container\">\n\t\t\t\t<div class=\"elementor-element elementor-element-7896519 elementor-widget elementor-widget-text-editor\" data-id=\"7896519\" data-element_type=\"widget\" data-e-type=\"widget\" data-widget_type=\"text-editor.default\">\n\t\t\t\t<div class=\"elementor-widget-container\">\n\t\t\t\t\t\t\t\t\t<p>Le site linxion.com contient plusieurs liens hypertextes vers d&rsquo;autres sites, mis en place avec l&rsquo;autorisation de LINXION The Original. Cependant, LINXION The Original n&rsquo;a pas la possibilit\u00e9 de v\u00e9rifier le contenu des sites ainsi visit\u00e9s, et n&rsquo;assumera en cons\u00e9quence aucune responsabilit\u00e9 de ce fait.<\/p>\n<p>La navigation sur le site www.linxion.com est susceptible de provoquer l&rsquo;installation de cookie(s) sur l&rsquo;ordinateur de l&rsquo;utilisateur. Un cookie est un fichier de petite taille, qui ne permet pas l&rsquo;identification de l&rsquo;utilisateur, mais qui enregistre des informations relatives \u00e0 la navigation d&rsquo;un ordinateur sur un site. Les donn\u00e9es ainsi obtenues sont utilis\u00e9es pour fluidifier la navigation future sur le site et sont \u00e9galement destin\u00e9es \u00e0 permettre diverses mesures de la fr\u00e9quentation du site.<\/p>\n<p>Le refus d&rsquo;installer un cookie peut entra\u00eener l&rsquo;impossibilit\u00e9 d&rsquo;acc\u00e9der \u00e0 certains services. L&rsquo;utilisateur peut toutefois configurer son ordinateur de la mani\u00e8re suivante, afin de refuser l&rsquo;installation de cookies :<br \/>Avec Internet Explorer : onglet outils (pictogramme en forme de roue dent\u00e9e en haut \u00e0 droite) \/ options internet. Cliquez sur Confidentialit\u00e9 et choisissez Bloquer tous les cookies. Confirmez en cliquant sur OK.<br \/>Avec Firefox : en haut de la fen\u00eatre du navigateur, cliquez sur le bouton Firefox, puis allez dans l&rsquo;onglet Options. Cliquez sur l&rsquo;onglet Confidentialit\u00e9. D\u00e9finir les r\u00e8gles de protection de la mani\u00e8re suivante : utiliser des param\u00e8tres personnalis\u00e9s pour l&rsquo;historique. Enfin, d\u00e9cochez la case pour d\u00e9sactiver les cookies.<\/p>\n<p>Avec Safari : Cliquez en haut \u00e0 droite du navigateur sur l&rsquo;ic\u00f4ne du menu (symbolis\u00e9 par un rouage). S\u00e9lectionnez Param\u00e8tres. Cliquez sur Afficher les param\u00e8tres avanc\u00e9s. Dans la section \u00ab\u00a0Confidentialit\u00e9\u00a0\u00bb, cliquez sur Param\u00e8tres de contenu. Dans la section \u00ab\u00a0Cookies\u00a0\u00bb, vous pouvez bloquer les cookies.<\/p>\n<p>Avec Chrome : Cliquez en haut \u00e0 droite du navigateur sur l&rsquo;ic\u00f4ne du menu (symbolis\u00e9 par trois lignes horizontales). S\u00e9lectionnez Param\u00e8tres. Cliquez sur Afficher les param\u00e8tres avanc\u00e9s. Dans la section \u00ab\u00a0Confidentialit\u00e9\u00a0\u00bb, cliquez sur pr\u00e9f\u00e9rences. Dans l&rsquo;onglet \u00ab\u00a0Confidentialit\u00e9\u00a0\u00bb, vous pouvez bloquer les cookies.<\/p>\n\t\t\t\t\t\t\t\t<\/div>\n\t\t\t\t<\/div>\n\t\t\t\t<\/div>\n\t\t\t\t<\/div>\n\t\t","protected":false},"excerpt":{"rendered":"<p>Politique en mati\u00e8re de cookies Le site linxion.com contient plusieurs liens hypertextes vers d&rsquo;autres sites, mis en place avec l&rsquo;autorisation de LINXION The Original. Cependant, LINXION The Original n&rsquo;a pas la possibilit\u00e9 de v\u00e9rifier le contenu des sites ainsi visit\u00e9s, et n&rsquo;assumera en cons\u00e9quence aucune responsabilit\u00e9 de ce fait. La navigation sur le site www.linxion.com [&hellip;]<\/p>\n","protected":false},"author":1,"featured_media":0,"parent":0,"menu_order":0,"comment_status":"closed","ping_status":"closed","template":"elementor_header_footer","meta":{"footnotes":""},"class_list":["post-2615","page","type-page","status-publish","hentry"],"blocksy_meta":[],"jetpack_sharing_enabled":true,"_links":{"self":[{"href":"https:\/\/www.linxion.com\/fr\/wp-json\/wp\/v2\/pages\/2615","targetHints":{"allow":["GET"]}}],"collection":[{"href":"https:\/\/www.linxion.com\/fr\/wp-json\/wp\/v2\/pages"}],"about":[{"href":"https:\/\/www.linxion.com\/fr\/wp-json\/wp\/v2\/types\/page"}],"author":[{"embeddable":true,"href":"https:\/\/www.linxion.com\/fr\/wp-json\/wp\/v2\/users\/1"}],"replies":[{"embeddable":true,"href":"https:\/\/www.linxion.com\/fr\/wp-json\/wp\/v2\/comments?post=2615"}],"version-history":[{"count":6,"href":"https:\/\/www.linxion.com\/fr\/wp-json\/wp\/v2\/pages\/2615\/revisions"}],"predecessor-version":[{"id":9184,"href":"https:\/\/www.linxion.com\/fr\/wp-json\/wp\/v2\/pages\/2615\/revisions\/9184"}],"wp:attachment":[{"href":"https:\/\/www.linxion.com\/fr\/wp-json\/wp\/v2\/media?parent=2615"}],"curies":[{"name":"wp","href":"https:\/\/api.w.org\/{rel}","templated":true}]}}