{"id":2619,"date":"2023-09-14T08:21:16","date_gmt":"2023-09-14T08:21:16","guid":{"rendered":"https:\/\/www.linxion.com\/avis-juridique\/"},"modified":"2024-01-23T11:15:08","modified_gmt":"2024-01-23T11:15:08","slug":"mentions-legales","status":"publish","type":"page","link":"https:\/\/www.linxion.com\/fr\/mentions-legales\/","title":{"rendered":"Avis juridique"},"content":{"rendered":"\t\t<div data-elementor-type=\"wp-page\" data-elementor-id=\"2619\" class=\"elementor elementor-2619 elementor-572\" data-elementor-post-type=\"page\">\n\t\t\t\t<div class=\"elementor-element elementor-element-ee7b123 e-flex e-con-boxed e-con e-parent\" data-id=\"ee7b123\" data-element_type=\"container\" data-e-type=\"container\" data-settings=\"{&quot;background_background&quot;:&quot;classic&quot;}\">\n\t\t\t\t\t<div class=\"e-con-inner\">\n\t\t\t\t<div class=\"elementor-element elementor-element-b25c25f elementor-widget elementor-widget-heading\" data-id=\"b25c25f\" data-element_type=\"widget\" data-e-type=\"widget\" data-widget_type=\"heading.default\">\n\t\t\t\t<div class=\"elementor-widget-container\">\n\t\t\t\t\t<h1 class=\"elementor-heading-title elementor-size-default\">Informations juridiques\n<\/h1>\t\t\t\t<\/div>\n\t\t\t\t<\/div>\n\t\t\t\t\t<\/div>\n\t\t\t\t<\/div>\n\t\t<div class=\"elementor-element elementor-element-ac874ac e-con-full e-flex e-con e-parent\" data-id=\"ac874ac\" data-element_type=\"container\" data-e-type=\"container\">\n\t\t\t\t<div class=\"elementor-element elementor-element-8767200 elementor-widget elementor-widget-text-editor\" data-id=\"8767200\" data-element_type=\"widget\" data-e-type=\"widget\" data-widget_type=\"text-editor.default\">\n\t\t\t\t<div class=\"elementor-widget-container\">\n\t\t\t\t\t\t\t\t\t<h2><strong>Pr\u00e9sentation du site web<\/strong><\/h2>\n<p><span style=\"font-weight: 400;\">Conform\u00e9ment \u00e0 l&rsquo;article 6 de la loi n\u00b02004-575 du 21 juin 2004 pour la confiance dans l&rsquo;\u00e9conomie num\u00e9rique, l&rsquo;identit\u00e9 des diff\u00e9rents intervenants dans le d\u00e9veloppement et le suivi du site www.linxion.com est la suivante :<\/span><\/p>\n<ul>\n<li><span style=\"font-weight: 400;\">Propri\u00e9taire : LINXION The Original &#8211; Num\u00e9ro SIRET : 378 78 46 23 00076 &#8211; 355 avenue Henri Schneider &#8211; 69330 MEYZIEU<\/span><\/li>\n<li><span style=\"font-weight: 400;\">D\u00e9veloppeur web : <a href=\"https:\/\/limone-web.fr\/\" target=\"_blank\" rel=\"noopener\">Limone Web<\/a><\/span><\/li>\n<li><span style=\"font-weight: 400;\">Responsable de la publication : Philippe HUET &#8211; p.huet@linxion.com. Le directeur de publication est une personne physique ou morale.<\/span><\/li>\n<li><span style=\"font-weight: 400;\">Webmaster : Julien POUJOL &#8211; j.poujol@linxion.com<\/span><\/li>\n<li><span style=\"font-weight: 400;\">H\u00f4te : Dutiko<\/span><\/li>\n<\/ul>\n<h3><strong>Description des services fournis.<\/strong><\/h3>\n<p><span style=\"font-weight: 400;\">Le site www.linxion.com a pour objet de fournir une information concernant l&rsquo;ensemble des activit\u00e9s de la soci\u00e9t\u00e9.<\/span><\/p>\n<p><span style=\"font-weight: 400;\">LINXION L&rsquo;original s&rsquo;efforce de fournir des informations aussi pr\u00e9cises que possible sur le site www.linxion.com. Toutefois, LINXION The Original ne peut \u00eatre tenu responsable des omissions, des inexactitudes et des carences, qu&rsquo;elles proviennent de LINXION The Original ou des tiers partenaires qui fournissent l&rsquo;information.<\/span><\/p>\n<p><span style=\"font-weight: 400;\">Tous les informations indiqu\u00e9es sur le site www.linxion.com sont donn\u00e9es \u00e0 titre indicatif, et sont susceptibles d&rsquo;\u00e9voluer. Par ailleurs, les renseignements figurant sur le site www.linxion.com ne sont pas exhaustifs. Elle est sujette \u00e0 des modifications qui auraient pu avoir lieu depuis la mise en ligne de l&rsquo;information.<\/span><\/p>\n<h3><strong>Limitations contractuelles concernant les donn\u00e9es techniques.<\/strong><\/h3>\n<p><span style=\"font-weight: 400;\">Le site web utilise la technologie JavaScript.<\/span><\/p>\n<p><span style=\"font-weight: 400;\">Le site ne pourra \u00eatre tenu responsable de dommages mat\u00e9riels li\u00e9s \u00e0 l&rsquo;utilisation du site. En outre, les utilisateurs du site s&rsquo;engagent \u00e0 acc\u00e9der au site en utilisant un mat\u00e9riel r\u00e9cent, ne contenant pas de virus et avec un navigateur de derni\u00e8re g\u00e9n\u00e9ration mis \u00e0 jour.<\/span><\/p>\n<h3><strong>Propri\u00e9t\u00e9 intellectuelle et contrefa\u00e7on.<\/strong><\/h3>\n<p><span style=\"font-weight: 400;\">LINXION The Original est propri\u00e9taire des droits de propri\u00e9t\u00e9 intellectuelle ou d\u00e9tient les droits d&rsquo;usage sur tous les \u00e9l\u00e9ments accessibles sur le site, notamment les textes, images, graphismes, logo, ic\u00f4nes, sons, logiciels.<\/span><\/p>\n<p><span style=\"font-weight: 400;\">Toute reproduction, repr\u00e9sentation, modification, publication, adaptation de tout ou partie des \u00e9l\u00e9ments du site, quel que soit le moyen ou le proc\u00e9d\u00e9 utilis\u00e9, est interdite, sauf autorisation \u00e9crite de LINXION The Original.<\/span><\/p>\n<p><span style=\"font-weight: 400;\">Toute exploitation non autoris\u00e9e du site ou de l&rsquo;un de ses \u00e9l\u00e9ments sera consid\u00e9r\u00e9e comme constitutive d&rsquo;une contrefa\u00e7on et poursuivie conform\u00e9ment aux articles L.335-2 et suivants du Code de la propri\u00e9t\u00e9 intellectuelle.<\/span><\/p>\n<h3><strong>Limitation de la responsabilit\u00e9.<\/strong><\/h3>\n<p><span style=\"font-weight: 400;\">LINXION The Original ne pourra \u00eatre tenue responsable des dommages directs et indirects caus\u00e9s au mat\u00e9riel de l&rsquo;utilisateur, lors de l&rsquo;acc\u00e8s au site www.linxion.com, et r\u00e9sultant soit de l&rsquo;utilisation d&rsquo;un mat\u00e9riel ne r\u00e9pondant pas aux sp\u00e9cifications indiqu\u00e9es au point 4 ci-dessus, soit de l&rsquo;apparition d&rsquo;un bug ou d&rsquo;une incompatibilit\u00e9.<\/span><\/p>\n<p><span style=\"font-weight: 400;\">LINXION The Original ne pourra \u00e9galement \u00eatre tenue responsable des dommages indirects (tels par exemple qu&rsquo;une perte de march\u00e9 ou perte d&rsquo;une chance) cons\u00e9cutifs \u00e0 l&rsquo;utilisation du site www.linxion.com.<\/span><\/p>\n<p><span style=\"font-weight: 400;\">Un espace interactif (possibilit\u00e9 de poser des questions dans la zone de contact) est mis \u00e0 la disposition des utilisateurs. LINXION The Original se r\u00e9serve le droit de supprimer, sans mise en demeure pr\u00e9alable, tout contenu d\u00e9pos\u00e9 dans cet espace qui contreviendrait \u00e0 la l\u00e9gislation applicable en France, en particulier aux dispositions relatives \u00e0 la protection des donn\u00e9es. Le cas \u00e9ch\u00e9ant, LINXION The Original se r\u00e9serve \u00e9galement la possibilit\u00e9 de mettre en cause la responsabilit\u00e9 civile et\/ou p\u00e9nale de l&rsquo;utilisateur, notamment en cas de message \u00e0 caract\u00e8re raciste, injurieux, diffamant, ou pornographique, quel que soit le support utilis\u00e9 (texte, photographie&#8230;).<\/span><\/p>\n<h3><strong>Droit applicable et juridiction.<\/strong><\/h3>\n<p><span style=\"font-weight: 400;\">Tout litige en relation avec l&rsquo;utilisation du site www.linxion.com est soumis au droit fran\u00e7ais. La comp\u00e9tence est attribu\u00e9e exclusivement au tribunal comp\u00e9tent de Paris.<\/span><\/p>\n<h3><strong>Les principales lois concern\u00e9es.<\/strong><\/h3>\n<p><span style=\"font-weight: 400;\">Loi n\u00b0 78-17 du 6 janvier 1978, notamment modifi\u00e9e par la loi n\u00b0 2004-801 du 6 ao\u00fbt 2004 relative \u00e0 l&rsquo;informatique, aux fichiers et aux libert\u00e9s.<\/span><\/p>\n<p><span style=\"font-weight: 400;\">Loi n\u00b0 2004-575 du 21 juin 2004 pour la confiance dans l&rsquo;\u00e9conomie num\u00e9rique.<\/span><\/p>\n<h3><strong>Lexique<\/strong><\/h3>\n<p><span style=\"font-weight: 400;\">Utilisateur : utilisateur connect\u00e9 au site web.<\/span><\/p>\n<p><span style=\"font-weight: 400;\">Informations personnelles : \u00a0\u00bb les informations qui permettent, sous quelque forme que ce soit, directement ou non, l&rsquo;identification des personnes physiques auxquelles elles s&rsquo;appliquent \u00a0\u00bb (article 4 de la loi n\u00b0 78-17 du 6 janvier 1978).<\/span><\/p>\n\t\t\t\t\t\t\t\t<\/div>\n\t\t\t\t<\/div>\n\t\t\t\t<\/div>\n\t\t\t\t<\/div>\n\t\t","protected":false},"excerpt":{"rendered":"<p>Informations juridiques Pr\u00e9sentation du site web Conform\u00e9ment \u00e0 l&rsquo;article 6 de la loi n\u00b02004-575 du 21 juin 2004 pour la confiance dans l&rsquo;\u00e9conomie num\u00e9rique, l&rsquo;identit\u00e9 des diff\u00e9rents intervenants dans le d\u00e9veloppement et le suivi du site www.linxion.com est la suivante : Propri\u00e9taire : LINXION The Original &#8211; Num\u00e9ro SIRET : 378 78 46 23 00076 [&hellip;]<\/p>\n","protected":false},"author":1,"featured_media":0,"parent":0,"menu_order":0,"comment_status":"closed","ping_status":"closed","template":"elementor_header_footer","meta":{"footnotes":""},"class_list":["post-2619","page","type-page","status-publish","hentry"],"blocksy_meta":[],"jetpack_sharing_enabled":true,"_links":{"self":[{"href":"https:\/\/www.linxion.com\/fr\/wp-json\/wp\/v2\/pages\/2619","targetHints":{"allow":["GET"]}}],"collection":[{"href":"https:\/\/www.linxion.com\/fr\/wp-json\/wp\/v2\/pages"}],"about":[{"href":"https:\/\/www.linxion.com\/fr\/wp-json\/wp\/v2\/types\/page"}],"author":[{"embeddable":true,"href":"https:\/\/www.linxion.com\/fr\/wp-json\/wp\/v2\/users\/1"}],"replies":[{"embeddable":true,"href":"https:\/\/www.linxion.com\/fr\/wp-json\/wp\/v2\/comments?post=2619"}],"version-history":[{"count":6,"href":"https:\/\/www.linxion.com\/fr\/wp-json\/wp\/v2\/pages\/2619\/revisions"}],"predecessor-version":[{"id":9190,"href":"https:\/\/www.linxion.com\/fr\/wp-json\/wp\/v2\/pages\/2619\/revisions\/9190"}],"wp:attachment":[{"href":"https:\/\/www.linxion.com\/fr\/wp-json\/wp\/v2\/media?parent=2619"}],"curies":[{"name":"wp","href":"https:\/\/api.w.org\/{rel}","templated":true}]}}