{"id":2621,"date":"2023-09-14T08:21:27","date_gmt":"2023-09-14T08:21:27","guid":{"rendered":"https:\/\/www.linxion.com\/cgu\/"},"modified":"2024-01-23T11:10:50","modified_gmt":"2024-01-23T11:10:50","slug":"cgu","status":"publish","type":"page","link":"https:\/\/www.linxion.com\/fr\/cgu\/","title":{"rendered":"CGU"},"content":{"rendered":"\t\t<div data-elementor-type=\"wp-page\" data-elementor-id=\"2621\" class=\"elementor elementor-2621 elementor-574\" data-elementor-post-type=\"page\">\n\t\t\t\t<div class=\"elementor-element elementor-element-169a1ff e-flex e-con-boxed e-con e-parent\" data-id=\"169a1ff\" data-element_type=\"container\" data-e-type=\"container\" data-settings=\"{&quot;background_background&quot;:&quot;classic&quot;}\">\n\t\t\t\t\t<div class=\"e-con-inner\">\n\t\t\t\t<div class=\"elementor-element elementor-element-e7c6860 elementor-widget elementor-widget-heading\" data-id=\"e7c6860\" data-element_type=\"widget\" data-e-type=\"widget\" data-widget_type=\"heading.default\">\n\t\t\t\t<div class=\"elementor-widget-container\">\n\t\t\t\t\t<h1 class=\"elementor-heading-title elementor-size-default\">CGU<\/h1>\t\t\t\t<\/div>\n\t\t\t\t<\/div>\n\t\t\t\t\t<\/div>\n\t\t\t\t<\/div>\n\t\t<div class=\"elementor-element elementor-element-845cd42 e-con-full e-flex e-con e-parent\" data-id=\"845cd42\" data-element_type=\"container\" data-e-type=\"container\">\n\t\t\t\t<div class=\"elementor-element elementor-element-5ccb035 elementor-widget elementor-widget-text-editor\" data-id=\"5ccb035\" data-element_type=\"widget\" data-e-type=\"widget\" data-widget_type=\"text-editor.default\">\n\t\t\t\t<div class=\"elementor-widget-container\">\n\t\t\t\t\t\t\t\t\t<p>L&rsquo;utilisation du site www.linxion.com implique l&rsquo;acceptation pleine et enti\u00e8re des termes et conditions d\u00e9crits ci-dessous. Ces conditions d&rsquo;utilisation sont susceptibles d&rsquo;\u00eatre modifi\u00e9es ou compl\u00e9t\u00e9es \u00e0 tout moment, les utilisateurs du site sont donc invit\u00e9s \u00e0 s&rsquo;y r\u00e9f\u00e9rer r\u00e9guli\u00e8rement.<\/p>\n<p>Ce site web est normalement accessible aux utilisateurs \u00e0 tout moment. Une interruption pour raison de maintenance technique peut \u00eatre toutefois d\u00e9cid\u00e9e par LINXION The Original, qui s&rsquo;efforcera alors de communiquer pr\u00e9alablement aux utilisateurs les dates et heures de l&rsquo;intervention.<\/p>\n<p>Le site www.linxion.com est r\u00e9guli\u00e8rement mis \u00e0 jour par Philipe HUET. De m\u00eame, les conditions l\u00e9gales peuvent \u00eatre modifi\u00e9es \u00e0 tout moment. Les utilisateurs sont invit\u00e9s \u00e0 consulter le site web pour obtenir des mises \u00e0 jour sur les conditions juridiques.<\/p>\n\t\t\t\t\t\t\t\t<\/div>\n\t\t\t\t<\/div>\n\t\t\t\t<\/div>\n\t\t\t\t<\/div>\n\t\t","protected":false},"excerpt":{"rendered":"<p>CGU L&rsquo;utilisation du site www.linxion.com implique l&rsquo;acceptation pleine et enti\u00e8re des termes et conditions d\u00e9crits ci-dessous. Ces conditions d&rsquo;utilisation sont susceptibles d&rsquo;\u00eatre modifi\u00e9es ou compl\u00e9t\u00e9es \u00e0 tout moment, les utilisateurs du site sont donc invit\u00e9s \u00e0 s&rsquo;y r\u00e9f\u00e9rer r\u00e9guli\u00e8rement. Ce site web est normalement accessible aux utilisateurs \u00e0 tout moment. Une interruption pour raison de [&hellip;]<\/p>\n","protected":false},"author":1,"featured_media":0,"parent":0,"menu_order":0,"comment_status":"closed","ping_status":"closed","template":"elementor_header_footer","meta":{"footnotes":""},"class_list":["post-2621","page","type-page","status-publish","hentry"],"blocksy_meta":[],"jetpack_sharing_enabled":true,"_links":{"self":[{"href":"https:\/\/www.linxion.com\/fr\/wp-json\/wp\/v2\/pages\/2621","targetHints":{"allow":["GET"]}}],"collection":[{"href":"https:\/\/www.linxion.com\/fr\/wp-json\/wp\/v2\/pages"}],"about":[{"href":"https:\/\/www.linxion.com\/fr\/wp-json\/wp\/v2\/types\/page"}],"author":[{"embeddable":true,"href":"https:\/\/www.linxion.com\/fr\/wp-json\/wp\/v2\/users\/1"}],"replies":[{"embeddable":true,"href":"https:\/\/www.linxion.com\/fr\/wp-json\/wp\/v2\/comments?post=2621"}],"version-history":[{"count":6,"href":"https:\/\/www.linxion.com\/fr\/wp-json\/wp\/v2\/pages\/2621\/revisions"}],"predecessor-version":[{"id":9180,"href":"https:\/\/www.linxion.com\/fr\/wp-json\/wp\/v2\/pages\/2621\/revisions\/9180"}],"wp:attachment":[{"href":"https:\/\/www.linxion.com\/fr\/wp-json\/wp\/v2\/media?parent=2621"}],"curies":[{"name":"wp","href":"https:\/\/api.w.org\/{rel}","templated":true}]}}