{"id":2649,"date":"2023-09-18T13:01:01","date_gmt":"2023-09-18T13:01:01","guid":{"rendered":"https:\/\/www.linxion.com\/produits\/machines\/ligne-de-production\/"},"modified":"2024-07-17T13:04:53","modified_gmt":"2024-07-17T13:04:53","slug":"ligne-de-production","status":"publish","type":"page","link":"https:\/\/www.linxion.com\/fr\/produits\/machines\/ligne-de-production\/","title":{"rendered":"Ligne de production"},"content":{"rendered":"\t\t<div data-elementor-type=\"wp-page\" data-elementor-id=\"2649\" class=\"elementor elementor-2649 elementor-880\" data-elementor-post-type=\"page\">\n\t\t\t\t<div class=\"elementor-element elementor-element-250e872 e-flex e-con-boxed e-con e-parent\" data-id=\"250e872\" data-element_type=\"container\" data-e-type=\"container\" data-settings=\"{&quot;background_background&quot;:&quot;classic&quot;}\">\n\t\t\t\t\t<div class=\"e-con-inner\">\n\t\t<div class=\"elementor-element elementor-element-0f96a62 e-con-full e-flex e-con e-child\" data-id=\"0f96a62\" data-element_type=\"container\" data-e-type=\"container\">\n\t\t\t\t<div class=\"elementor-element elementor-element-3c38102 elementor-widget elementor-widget-heading\" data-id=\"3c38102\" data-element_type=\"widget\" data-e-type=\"widget\" data-widget_type=\"heading.default\">\n\t\t\t\t<div class=\"elementor-widget-container\">\n\t\t\t\t\t<h1 class=\"elementor-heading-title elementor-size-default\">Ligne de production\n<\/h1>\t\t\t\t<\/div>\n\t\t\t\t<\/div>\n\t\t\t\t<div class=\"elementor-element elementor-element-d5f0c5c elementor-widget elementor-widget-shortcode\" data-id=\"d5f0c5c\" data-element_type=\"widget\" data-e-type=\"widget\" data-widget_type=\"shortcode.default\">\n\t\t\t\t<div class=\"elementor-widget-container\">\n\t\t\t\t\t\t\t<div class=\"elementor-shortcode\"><nav aria-label=\"breadcrumbs\" class=\"rank-math-breadcrumb\"><p><span class=\"last\">Home<\/span><\/p><\/nav><\/div>\n\t\t\t\t\t\t<\/div>\n\t\t\t\t<\/div>\n\t\t\t\t<\/div>\n\t\t\t\t\t<\/div>\n\t\t\t\t<\/div>\n\t\t<div class=\"elementor-element elementor-element-143b739 e-flex e-con-boxed e-con e-parent\" data-id=\"143b739\" data-element_type=\"container\" data-e-type=\"container\">\n\t\t\t\t\t<div class=\"e-con-inner\">\n\t\t<div class=\"elementor-element elementor-element-16f17a1 e-con-full e-flex e-con e-child\" data-id=\"16f17a1\" data-element_type=\"container\" data-e-type=\"container\">\n\t\t\t\t<div class=\"elementor-element elementor-element-9996c13 elementor-widget elementor-widget-image\" data-id=\"9996c13\" data-element_type=\"widget\" data-e-type=\"widget\" data-widget_type=\"image.default\">\n\t\t\t\t<div class=\"elementor-widget-container\">\n\t\t\t\t\t\t\t\t\t\t\t\t\t\t\t<img fetchpriority=\"high\" decoding=\"async\" width=\"508\" height=\"508\" src=\"https:\/\/www.linxion.com\/wp-content\/uploads\/2023\/11\/Rectangle-4-3-2.webp\" class=\"attachment-full size-full wp-image-7231\" alt=\"\" srcset=\"https:\/\/www.linxion.com\/wp-content\/uploads\/2023\/11\/Rectangle-4-3-2.webp 508w, https:\/\/www.linxion.com\/wp-content\/uploads\/2023\/11\/Rectangle-4-3-2-300x300.webp 300w, https:\/\/www.linxion.com\/wp-content\/uploads\/2023\/11\/Rectangle-4-3-2-150x150.webp 150w\" sizes=\"(max-width: 508px) 100vw, 508px\" \/>\t\t\t\t\t\t\t\t\t\t\t\t\t\t\t<\/div>\n\t\t\t\t<\/div>\n\t\t\t\t<\/div>\n\t\t<div class=\"elementor-element elementor-element-d709bcb e-con-full e-flex e-con e-child\" data-id=\"d709bcb\" data-element_type=\"container\" data-e-type=\"container\">\n\t\t\t\t<div class=\"elementor-element elementor-element-922f1bb e-transform elementor-widget elementor-widget-text-editor\" data-id=\"922f1bb\" data-element_type=\"widget\" data-e-type=\"widget\" data-settings=\"{&quot;_transform_skewX_effect&quot;:{&quot;unit&quot;:&quot;px&quot;,&quot;size&quot;:&quot;&quot;,&quot;sizes&quot;:[]},&quot;_transform_skewX_effect_tablet&quot;:{&quot;unit&quot;:&quot;deg&quot;,&quot;size&quot;:&quot;&quot;,&quot;sizes&quot;:[]},&quot;_transform_skewX_effect_mobile&quot;:{&quot;unit&quot;:&quot;deg&quot;,&quot;size&quot;:&quot;&quot;,&quot;sizes&quot;:[]},&quot;_transform_skewY_effect&quot;:{&quot;unit&quot;:&quot;px&quot;,&quot;size&quot;:&quot;&quot;,&quot;sizes&quot;:[]},&quot;_transform_skewY_effect_tablet&quot;:{&quot;unit&quot;:&quot;deg&quot;,&quot;size&quot;:&quot;&quot;,&quot;sizes&quot;:[]},&quot;_transform_skewY_effect_mobile&quot;:{&quot;unit&quot;:&quot;deg&quot;,&quot;size&quot;:&quot;&quot;,&quot;sizes&quot;:[]}}\" data-widget_type=\"text-editor.default\">\n\t\t\t\t<div class=\"elementor-widget-container\">\n\t\t\t\t\t\t\t\t\t<p>\u2014\u2014 Produits<\/p>\n\t\t\t\t\t\t\t\t<\/div>\n\t\t\t\t<\/div>\n\t\t\t\t<div class=\"elementor-element elementor-element-4d65c81 elementor-widget elementor-widget-heading\" data-id=\"4d65c81\" data-element_type=\"widget\" data-e-type=\"widget\" data-widget_type=\"heading.default\">\n\t\t\t\t<div class=\"elementor-widget-container\">\n\t\t\t\t\t<h2 class=\"elementor-heading-title elementor-size-default\">Ligne de production<\/h2>\t\t\t\t<\/div>\n\t\t\t\t<\/div>\n\t\t\t\t<div class=\"elementor-element elementor-element-d8524e0 elementor-widget elementor-widget-text-editor\" data-id=\"d8524e0\" data-element_type=\"widget\" data-e-type=\"widget\" data-widget_type=\"text-editor.default\">\n\t\t\t\t<div class=\"elementor-widget-container\">\n\t\t\t\t\t\t\t\t\t<p>La scie \u00e0 ruban automatique coupe toutes les barres d&rsquo;armature \u00e0 la longueur voulue, perpendiculairement \u00e0 l&rsquo;axe et sans bavure.<\/p>\n<p>La machine est \u00e9quip\u00e9e d&rsquo;un syst\u00e8me de serrage hydraulique des barres, d&rsquo;un syst\u00e8me d&rsquo;abaissement et d&rsquo;\u00e9l\u00e9vation automatique, de ruban de coupe et d&rsquo;un syst\u00e8me d&rsquo;arrosage automatique par liquide de refroidissement.<\/p>\n\t\t\t\t\t\t\t\t<\/div>\n\t\t\t\t<\/div>\n\t\t<div class=\"elementor-element elementor-element-9b51161 e-flex e-con-boxed e-con e-child\" data-id=\"9b51161\" data-element_type=\"container\" data-e-type=\"container\">\n\t\t\t\t\t<div class=\"e-con-inner\">\n\t\t\t\t<div class=\"elementor-element elementor-element-d5abc8b elementor-mobile-align-center elementor-widget elementor-widget-button\" data-id=\"d5abc8b\" data-element_type=\"widget\" data-e-type=\"widget\" data-widget_type=\"button.default\">\n\t\t\t\t<div class=\"elementor-widget-container\">\n\t\t\t\t\t\t\t\t\t<div class=\"elementor-button-wrapper\">\n\t\t\t\t\t<a class=\"elementor-button elementor-button-link elementor-size-md\" href=\"https:\/\/www.linxion.com\/fr\/contact\/\" target=\"_blank\">\n\t\t\t\t\t\t<span class=\"elementor-button-content-wrapper\">\n\t\t\t\t\t\t<span class=\"elementor-button-icon\">\n\t\t\t\t<i aria-hidden=\"true\" class=\"fas fa-long-arrow-alt-right\"><\/i>\t\t\t<\/span>\n\t\t\t\t\t\t\t\t\t<span class=\"elementor-button-text\">nous contacter<\/span>\n\t\t\t\t\t<\/span>\n\t\t\t\t\t<\/a>\n\t\t\t\t<\/div>\n\t\t\t\t\t\t\t\t<\/div>\n\t\t\t\t<\/div>\n\t\t\t\t\t<\/div>\n\t\t\t\t<\/div>\n\t\t\t\t<\/div>\n\t\t\t\t\t<\/div>\n\t\t\t\t<\/div>\n\t\t<div class=\"elementor-element elementor-element-b2e3716 e-flex e-con-boxed e-con e-parent\" data-id=\"b2e3716\" data-element_type=\"container\" data-e-type=\"container\">\n\t\t\t\t\t<div class=\"e-con-inner\">\n\t\t\t\t<div class=\"elementor-element elementor-element-ae57163 elementor-widget elementor-widget-gallery\" data-id=\"ae57163\" data-element_type=\"widget\" data-e-type=\"widget\" data-settings=\"{&quot;columns&quot;:3,&quot;aspect_ratio&quot;:&quot;4:3&quot;,&quot;lazyload&quot;:&quot;yes&quot;,&quot;gallery_layout&quot;:&quot;grid&quot;,&quot;columns_tablet&quot;:2,&quot;columns_mobile&quot;:1,&quot;gap&quot;:{&quot;unit&quot;:&quot;px&quot;,&quot;size&quot;:10,&quot;sizes&quot;:[]},&quot;gap_tablet&quot;:{&quot;unit&quot;:&quot;px&quot;,&quot;size&quot;:10,&quot;sizes&quot;:[]},&quot;gap_mobile&quot;:{&quot;unit&quot;:&quot;px&quot;,&quot;size&quot;:10,&quot;sizes&quot;:[]},&quot;link_to&quot;:&quot;file&quot;,&quot;overlay_background&quot;:&quot;yes&quot;,&quot;content_hover_animation&quot;:&quot;fade-in&quot;}\" data-widget_type=\"gallery.default\">\n\t\t\t\t<div class=\"elementor-widget-container\">\n\t\t\t\t\t\t\t<div class=\"elementor-gallery__container\">\n\t\t\t\t\t\t\t<a class=\"e-gallery-item elementor-gallery-item elementor-animated-content\" href=\"https:\/\/www.linxion.com\/wp-content\/uploads\/2023\/09\/20220323_130551-copie-1.webp\" data-elementor-open-lightbox=\"yes\" data-elementor-lightbox-slideshow=\"ae57163\" data-e-action-hash=\"#elementor-action%3Aaction%3Dlightbox%26settings%3DeyJpZCI6OTM2LCJ1cmwiOiJodHRwczpcL1wvd3d3Lmxpbnhpb24uY29tXC93cC1jb250ZW50XC91cGxvYWRzXC8yMDIzXC8wOVwvMjAyMjAzMjNfMTMwNTUxLWNvcGllLTEud2VicCIsInNsaWRlc2hvdyI6ImFlNTcxNjMifQ%3D%3D\">\n\t\t\t\t\t<div class=\"e-gallery-image elementor-gallery-item__image\" data-thumbnail=\"https:\/\/www.linxion.com\/wp-content\/uploads\/2023\/09\/20220323_130551-copie-1.webp\" data-width=\"612\" data-height=\"853\" aria-label=\"\" role=\"img\" ><\/div>\n\t\t\t\t\t\t\t\t\t\t\t<div class=\"elementor-gallery-item__overlay\"><\/div>\n\t\t\t\t\t\t\t\t\t\t\t\t\t\t<\/a>\n\t\t\t\t\t\t\t<a class=\"e-gallery-item elementor-gallery-item elementor-animated-content\" href=\"https:\/\/www.linxion.com\/wp-content\/uploads\/2023\/09\/installation-copie.webp\" data-elementor-open-lightbox=\"yes\" data-elementor-lightbox-slideshow=\"ae57163\" data-elementor-lightbox-title=\"services-installation\" data-e-action-hash=\"#elementor-action%3Aaction%3Dlightbox%26settings%3DeyJpZCI6OTU5LCJ1cmwiOiJodHRwczpcL1wvd3d3Lmxpbnhpb24uY29tXC93cC1jb250ZW50XC91cGxvYWRzXC8yMDIzXC8wOVwvaW5zdGFsbGF0aW9uLWNvcGllLndlYnAiLCJzbGlkZXNob3ciOiJhZTU3MTYzIn0%3D\">\n\t\t\t\t\t<div class=\"e-gallery-image elementor-gallery-item__image\" data-thumbnail=\"https:\/\/www.linxion.com\/wp-content\/uploads\/2023\/09\/installation-copie.webp\" data-width=\"1200\" data-height=\"675\" aria-label=\"\" role=\"img\" ><\/div>\n\t\t\t\t\t\t\t\t\t\t\t<div class=\"elementor-gallery-item__overlay\"><\/div>\n\t\t\t\t\t\t\t\t\t\t\t\t\t\t<\/a>\n\t\t\t\t\t\t\t<a class=\"e-gallery-item elementor-gallery-item elementor-animated-content\" href=\"https:\/\/www.linxion.com\/wp-content\/uploads\/2023\/09\/ligne-de-prod-1.webp\" data-elementor-open-lightbox=\"yes\" data-elementor-lightbox-slideshow=\"ae57163\" data-elementor-lightbox-title=\"ligne de prod (1)\" data-e-action-hash=\"#elementor-action%3Aaction%3Dlightbox%26settings%3DeyJpZCI6ODQ2LCJ1cmwiOiJodHRwczpcL1wvd3d3Lmxpbnhpb24uY29tXC93cC1jb250ZW50XC91cGxvYWRzXC8yMDIzXC8wOVwvbGlnbmUtZGUtcHJvZC0xLndlYnAiLCJzbGlkZXNob3ciOiJhZTU3MTYzIn0%3D\">\n\t\t\t\t\t<div class=\"e-gallery-image elementor-gallery-item__image\" data-thumbnail=\"https:\/\/www.linxion.com\/wp-content\/uploads\/2023\/09\/ligne-de-prod-1.webp\" data-width=\"1200\" data-height=\"675\" aria-label=\"\" role=\"img\" ><\/div>\n\t\t\t\t\t\t\t\t\t\t\t<div class=\"elementor-gallery-item__overlay\"><\/div>\n\t\t\t\t\t\t\t\t\t\t\t\t\t\t<\/a>\n\t\t\t\t\t<\/div>\n\t\t\t\t\t<\/div>\n\t\t\t\t<\/div>\n\t\t\t\t\t<\/div>\n\t\t\t\t<\/div>\n\t\t<div class=\"elementor-element elementor-element-4c03059 e-flex e-con-boxed e-con e-parent\" data-id=\"4c03059\" data-element_type=\"container\" data-e-type=\"container\">\n\t\t\t\t\t<div class=\"e-con-inner\">\n\t\t\t\t<div class=\"elementor-element elementor-element-9e7aa3f e-transform elementor-widget elementor-widget-text-editor\" data-id=\"9e7aa3f\" data-element_type=\"widget\" data-e-type=\"widget\" data-settings=\"{&quot;_transform_skewX_effect&quot;:{&quot;unit&quot;:&quot;px&quot;,&quot;size&quot;:&quot;&quot;,&quot;sizes&quot;:[]},&quot;_transform_skewX_effect_tablet&quot;:{&quot;unit&quot;:&quot;deg&quot;,&quot;size&quot;:&quot;&quot;,&quot;sizes&quot;:[]},&quot;_transform_skewX_effect_mobile&quot;:{&quot;unit&quot;:&quot;deg&quot;,&quot;size&quot;:&quot;&quot;,&quot;sizes&quot;:[]},&quot;_transform_skewY_effect&quot;:{&quot;unit&quot;:&quot;px&quot;,&quot;size&quot;:&quot;&quot;,&quot;sizes&quot;:[]},&quot;_transform_skewY_effect_tablet&quot;:{&quot;unit&quot;:&quot;deg&quot;,&quot;size&quot;:&quot;&quot;,&quot;sizes&quot;:[]},&quot;_transform_skewY_effect_mobile&quot;:{&quot;unit&quot;:&quot;deg&quot;,&quot;size&quot;:&quot;&quot;,&quot;sizes&quot;:[]}}\" data-widget_type=\"text-editor.default\">\n\t\t\t\t<div class=\"elementor-widget-container\">\n\t\t\t\t\t\t\t\t\t<p>\u2014\u2014 Nos solutions<\/p>\n\t\t\t\t\t\t\t\t<\/div>\n\t\t\t\t<\/div>\n\t\t\t\t<div class=\"elementor-element elementor-element-4fe0013 elementor-widget elementor-widget-heading\" data-id=\"4fe0013\" data-element_type=\"widget\" data-e-type=\"widget\" data-widget_type=\"heading.default\">\n\t\t\t\t<div class=\"elementor-widget-container\">\n\t\t\t\t\t<h2 class=\"elementor-heading-title elementor-size-default\">D\u00e9couvrez nos solutions<\/h2>\t\t\t\t<\/div>\n\t\t\t\t<\/div>\n\t\t<div class=\"elementor-element elementor-element-ccec8e3 e-grid e-con-boxed e-con e-child\" data-id=\"ccec8e3\" data-element_type=\"container\" data-e-type=\"container\">\n\t\t\t\t\t<div class=\"e-con-inner\">\n\t\t<a class=\"elementor-element elementor-element-9a38f83 e-con-full e-flex e-con e-child\" data-id=\"9a38f83\" data-element_type=\"container\" data-e-type=\"container\" href=\"https:\/\/www.linxion.com\/fr\/produits\/machines\/scie-a-ruban\/\">\n\t\t<div class=\"elementor-element elementor-element-a0a421e e-con-full e-flex e-con e-child\" data-id=\"a0a421e\" data-element_type=\"container\" data-e-type=\"container\" data-settings=\"{&quot;background_background&quot;:&quot;classic&quot;}\">\n\t\t\t\t<\/div>\n\t\t<div class=\"elementor-element elementor-element-775ce49 e-flex e-con-boxed e-con e-child\" data-id=\"775ce49\" data-element_type=\"container\" data-e-type=\"container\">\n\t\t\t\t\t<div class=\"e-con-inner\">\n\t\t\t\t<div class=\"elementor-element elementor-element-4cea0b3 elementor-widget elementor-widget-heading\" data-id=\"4cea0b3\" data-element_type=\"widget\" data-e-type=\"widget\" data-widget_type=\"heading.default\">\n\t\t\t\t<div class=\"elementor-widget-container\">\n\t\t\t\t\t<h3 class=\"elementor-heading-title elementor-size-default\">Scie \u00e0 ruban<\/h3>\t\t\t\t<\/div>\n\t\t\t\t<\/div>\n\t\t\t\t\t<\/div>\n\t\t\t\t<\/div>\n\t\t\t\t<\/a>\n\t\t<a class=\"elementor-element elementor-element-c733aff e-con-full e-flex e-con e-child\" data-id=\"c733aff\" data-element_type=\"container\" data-e-type=\"container\" href=\"https:\/\/www.linxion.com\/fr\/produits\/machines\/machine-a-meuler-pour-le-filetage\/\">\n\t\t<div class=\"elementor-element elementor-element-a126285 e-con-full e-flex e-con e-child\" data-id=\"a126285\" data-element_type=\"container\" data-e-type=\"container\" data-settings=\"{&quot;background_background&quot;:&quot;classic&quot;}\">\n\t\t\t\t<\/div>\n\t\t<div class=\"elementor-element elementor-element-052586c e-flex e-con-boxed e-con e-child\" data-id=\"052586c\" data-element_type=\"container\" data-e-type=\"container\">\n\t\t\t\t\t<div class=\"e-con-inner\">\n\t\t\t\t<div class=\"elementor-element elementor-element-631f138 elementor-widget elementor-widget-heading\" data-id=\"631f138\" data-element_type=\"widget\" data-e-type=\"widget\" data-widget_type=\"heading.default\">\n\t\t\t\t<div class=\"elementor-widget-container\">\n\t\t\t\t\t<h3 class=\"elementor-heading-title elementor-size-default\">Aff\u00fbteuse<\/h3>\t\t\t\t<\/div>\n\t\t\t\t<\/div>\n\t\t\t\t\t<\/div>\n\t\t\t\t<\/div>\n\t\t\t\t<\/a>\n\t\t<a class=\"elementor-element elementor-element-43514b7 e-con-full e-flex e-con e-child\" data-id=\"43514b7\" data-element_type=\"container\" data-e-type=\"container\" href=\"https:\/\/www.linxion.com\/fr\/produits\/machines\/machine-de-forgeage-a-froid\/\">\n\t\t<div class=\"elementor-element elementor-element-6a59f5f e-con-full e-flex e-con e-child\" data-id=\"6a59f5f\" data-element_type=\"container\" data-e-type=\"container\" data-settings=\"{&quot;background_background&quot;:&quot;classic&quot;}\">\n\t\t\t\t<\/div>\n\t\t<div class=\"elementor-element elementor-element-bf84072 e-flex e-con-boxed e-con e-child\" data-id=\"bf84072\" data-element_type=\"container\" data-e-type=\"container\">\n\t\t\t\t\t<div class=\"e-con-inner\">\n\t\t\t\t<div class=\"elementor-element elementor-element-6912fb7 elementor-widget elementor-widget-heading\" data-id=\"6912fb7\" data-element_type=\"widget\" data-e-type=\"widget\" data-widget_type=\"heading.default\">\n\t\t\t\t<div class=\"elementor-widget-container\">\n\t\t\t\t\t<h3 class=\"elementor-heading-title elementor-size-default\">Refouleuse <\/h3>\t\t\t\t<\/div>\n\t\t\t\t<\/div>\n\t\t\t\t\t<\/div>\n\t\t\t\t<\/div>\n\t\t\t\t<\/a>\n\t\t<a class=\"elementor-element elementor-element-78bdc75 e-con-full e-flex e-con e-child\" data-id=\"78bdc75\" data-element_type=\"container\" data-e-type=\"container\" href=\"https:\/\/www.linxion.com\/fr\/produits\/machines\/machine-a-fileter\/\">\n\t\t<div class=\"elementor-element elementor-element-008bc42 e-con-full e-flex e-con e-child\" data-id=\"008bc42\" data-element_type=\"container\" data-e-type=\"container\" data-settings=\"{&quot;background_background&quot;:&quot;classic&quot;}\">\n\t\t\t\t<\/div>\n\t\t<div class=\"elementor-element elementor-element-6736be3 e-flex e-con-boxed e-con e-child\" data-id=\"6736be3\" data-element_type=\"container\" data-e-type=\"container\">\n\t\t\t\t\t<div class=\"e-con-inner\">\n\t\t\t\t<div class=\"elementor-element elementor-element-c772594 elementor-widget elementor-widget-heading\" data-id=\"c772594\" data-element_type=\"widget\" data-e-type=\"widget\" data-widget_type=\"heading.default\">\n\t\t\t\t<div class=\"elementor-widget-container\">\n\t\t\t\t\t<h3 class=\"elementor-heading-title elementor-size-default\">Fileteuse<\/h3>\t\t\t\t<\/div>\n\t\t\t\t<\/div>\n\t\t\t\t\t<\/div>\n\t\t\t\t<\/div>\n\t\t\t\t<\/a>\n\t\t<a class=\"elementor-element elementor-element-e19f768 e-con-full e-flex e-con e-child\" data-id=\"e19f768\" data-element_type=\"container\" data-e-type=\"container\" href=\"https:\/\/www.linxion.com\/fr\/produits\/machines\/rb-450\/\">\n\t\t<div class=\"elementor-element elementor-element-2831601 e-con-full e-flex e-con e-child\" data-id=\"2831601\" data-element_type=\"container\" data-e-type=\"container\" data-settings=\"{&quot;background_background&quot;:&quot;classic&quot;}\">\n\t\t\t\t<\/div>\n\t\t<div class=\"elementor-element elementor-element-31c313f e-flex e-con-boxed e-con e-child\" data-id=\"31c313f\" data-element_type=\"container\" data-e-type=\"container\">\n\t\t\t\t\t<div class=\"e-con-inner\">\n\t\t\t\t<div class=\"elementor-element elementor-element-3e0b264 elementor-widget elementor-widget-heading\" data-id=\"3e0b264\" data-element_type=\"widget\" data-e-type=\"widget\" data-widget_type=\"heading.default\">\n\t\t\t\t<div class=\"elementor-widget-container\">\n\t\t\t\t\t<h3 class=\"elementor-heading-title elementor-size-default\">RB 450<\/h3>\t\t\t\t<\/div>\n\t\t\t\t<\/div>\n\t\t\t\t\t<\/div>\n\t\t\t\t<\/div>\n\t\t\t\t<\/a>\n\t\t\t\t\t<\/div>\n\t\t\t\t<\/div>\n\t\t\t\t\t<\/div>\n\t\t\t\t<\/div>\n\t\t<div class=\"elementor-element elementor-element-a268d12 e-flex e-con-boxed e-con e-parent\" data-id=\"a268d12\" data-element_type=\"container\" data-e-type=\"container\">\n\t\t\t\t\t<div class=\"e-con-inner\">\n\t\t<div class=\"elementor-element elementor-element-093781f e-con-full e-flex e-con e-child\" data-id=\"093781f\" data-element_type=\"container\" data-e-type=\"container\">\n\t\t\t\t<div class=\"elementor-element elementor-element-b3bd5e3 e-transform elementor-widget elementor-widget-text-editor\" data-id=\"b3bd5e3\" data-element_type=\"widget\" data-e-type=\"widget\" data-settings=\"{&quot;_transform_skewX_effect&quot;:{&quot;unit&quot;:&quot;px&quot;,&quot;size&quot;:&quot;&quot;,&quot;sizes&quot;:[]},&quot;_transform_skewX_effect_tablet&quot;:{&quot;unit&quot;:&quot;deg&quot;,&quot;size&quot;:&quot;&quot;,&quot;sizes&quot;:[]},&quot;_transform_skewX_effect_mobile&quot;:{&quot;unit&quot;:&quot;deg&quot;,&quot;size&quot;:&quot;&quot;,&quot;sizes&quot;:[]},&quot;_transform_skewY_effect&quot;:{&quot;unit&quot;:&quot;px&quot;,&quot;size&quot;:&quot;&quot;,&quot;sizes&quot;:[]},&quot;_transform_skewY_effect_tablet&quot;:{&quot;unit&quot;:&quot;deg&quot;,&quot;size&quot;:&quot;&quot;,&quot;sizes&quot;:[]},&quot;_transform_skewY_effect_mobile&quot;:{&quot;unit&quot;:&quot;deg&quot;,&quot;size&quot;:&quot;&quot;,&quot;sizes&quot;:[]}}\" data-widget_type=\"text-editor.default\">\n\t\t\t\t<div class=\"elementor-widget-container\">\n\t\t\t\t\t\t\t\t\t<p>\u2014\u2014 Services<\/p>\n\t\t\t\t\t\t\t\t<\/div>\n\t\t\t\t<\/div>\n\t\t\t\t<div class=\"elementor-element elementor-element-48ed55e elementor-widget elementor-widget-heading\" data-id=\"48ed55e\" data-element_type=\"widget\" data-e-type=\"widget\" data-widget_type=\"heading.default\">\n\t\t\t\t<div class=\"elementor-widget-container\">\n\t\t\t\t\t<h2 class=\"elementor-heading-title elementor-size-default\">Support personnalis\u00e9<\/h2>\t\t\t\t<\/div>\n\t\t\t\t<\/div>\n\t\t\t\t<div class=\"elementor-element elementor-element-717e8b1 elementor-widget elementor-widget-text-editor\" data-id=\"717e8b1\" data-element_type=\"widget\" data-e-type=\"widget\" data-widget_type=\"text-editor.default\">\n\t\t\t\t<div class=\"elementor-widget-container\">\n\t\t\t\t\t\t\t\t\t<p>Nous vous soutenons pour tout type de projet de certification ou de d\u00e9veloppement de produit, li\u00e9 \u00e0 des exigences normatives.<\/p>\n\t\t\t\t\t\t\t\t<\/div>\n\t\t\t\t<\/div>\n\t\t\t\t<div class=\"elementor-element elementor-element-210ef03 elementor-mobile-align-center elementor-widget elementor-widget-button\" data-id=\"210ef03\" data-element_type=\"widget\" data-e-type=\"widget\" data-widget_type=\"button.default\">\n\t\t\t\t<div class=\"elementor-widget-container\">\n\t\t\t\t\t\t\t\t\t<div class=\"elementor-button-wrapper\">\n\t\t\t\t\t<a class=\"elementor-button elementor-button-link elementor-size-md\" href=\"https:\/\/www.linxion.com\/fr\/produits\/services\/\">\n\t\t\t\t\t\t<span class=\"elementor-button-content-wrapper\">\n\t\t\t\t\t\t<span class=\"elementor-button-icon\">\n\t\t\t\t<i aria-hidden=\"true\" class=\"fas fa-long-arrow-alt-right\"><\/i>\t\t\t<\/span>\n\t\t\t\t\t\t\t\t\t<span class=\"elementor-button-text\">En savoir plus<\/span>\n\t\t\t\t\t<\/span>\n\t\t\t\t\t<\/a>\n\t\t\t\t<\/div>\n\t\t\t\t\t\t\t\t<\/div>\n\t\t\t\t<\/div>\n\t\t\t\t<\/div>\n\t\t\t\t\t<\/div>\n\t\t\t\t<\/div>\n\t\t\t\t<\/div>\n\t\t","protected":false},"excerpt":{"rendered":"<p>Ligne de production \u2014\u2014 Produits Ligne de production La scie \u00e0 ruban automatique coupe toutes les barres d&rsquo;armature \u00e0 la longueur voulue, perpendiculairement \u00e0 l&rsquo;axe et sans bavure. La machine est \u00e9quip\u00e9e d&rsquo;un syst\u00e8me de serrage hydraulique des barres, d&rsquo;un syst\u00e8me d&rsquo;abaissement et d&rsquo;\u00e9l\u00e9vation automatique, de ruban de coupe et d&rsquo;un syst\u00e8me d&rsquo;arrosage automatique par [&hellip;]<\/p>\n","protected":false},"author":1,"featured_media":0,"parent":2641,"menu_order":0,"comment_status":"closed","ping_status":"closed","template":"elementor_header_footer","meta":{"footnotes":""},"class_list":["post-2649","page","type-page","status-publish","hentry"],"blocksy_meta":[],"jetpack_sharing_enabled":true,"_links":{"self":[{"href":"https:\/\/www.linxion.com\/fr\/wp-json\/wp\/v2\/pages\/2649","targetHints":{"allow":["GET"]}}],"collection":[{"href":"https:\/\/www.linxion.com\/fr\/wp-json\/wp\/v2\/pages"}],"about":[{"href":"https:\/\/www.linxion.com\/fr\/wp-json\/wp\/v2\/types\/page"}],"author":[{"embeddable":true,"href":"https:\/\/www.linxion.com\/fr\/wp-json\/wp\/v2\/users\/1"}],"replies":[{"embeddable":true,"href":"https:\/\/www.linxion.com\/fr\/wp-json\/wp\/v2\/comments?post=2649"}],"version-history":[{"count":6,"href":"https:\/\/www.linxion.com\/fr\/wp-json\/wp\/v2\/pages\/2649\/revisions"}],"predecessor-version":[{"id":10036,"href":"https:\/\/www.linxion.com\/fr\/wp-json\/wp\/v2\/pages\/2649\/revisions\/10036"}],"up":[{"embeddable":true,"href":"https:\/\/www.linxion.com\/fr\/wp-json\/wp\/v2\/pages\/2641"}],"wp:attachment":[{"href":"https:\/\/www.linxion.com\/fr\/wp-json\/wp\/v2\/media?parent=2649"}],"curies":[{"name":"wp","href":"https:\/\/api.w.org\/{rel}","templated":true}]}}