{"id":2699,"date":"2023-08-17T08:02:48","date_gmt":"2023-08-17T08:02:48","guid":{"rendered":"https:\/\/www.linxion.com\/rd\/"},"modified":"2024-07-17T13:34:34","modified_gmt":"2024-07-17T13:34:34","slug":"rd","status":"publish","type":"page","link":"https:\/\/www.linxion.com\/fr\/rd\/","title":{"rendered":"R&amp;D"},"content":{"rendered":"\t\t<div data-elementor-type=\"wp-page\" data-elementor-id=\"2699\" class=\"elementor elementor-2699 elementor-29\" data-elementor-post-type=\"page\">\n\t\t\t\t<div class=\"elementor-element elementor-element-165d3b2 e-flex e-con-boxed e-con e-parent\" data-id=\"165d3b2\" data-element_type=\"container\" data-e-type=\"container\" data-settings=\"{&quot;background_background&quot;:&quot;classic&quot;}\">\n\t\t\t\t\t<div class=\"e-con-inner\">\n\t\t<div class=\"elementor-element elementor-element-2f473f0 e-con-full e-flex e-con e-child\" data-id=\"2f473f0\" data-element_type=\"container\" data-e-type=\"container\">\n\t\t\t\t<div class=\"elementor-element elementor-element-55f766d elementor-widget elementor-widget-heading\" data-id=\"55f766d\" data-element_type=\"widget\" data-e-type=\"widget\" data-widget_type=\"heading.default\">\n\t\t\t\t<div class=\"elementor-widget-container\">\n\t\t\t\t\t<h1 class=\"elementor-heading-title elementor-size-default\">Projet Rafal - un coupleur sp\u00e9cial pour l'industrie nucl\u00e9aire<\/h1>\t\t\t\t<\/div>\n\t\t\t\t<\/div>\n\t\t\t\t<div class=\"elementor-element elementor-element-30c46c9 elementor-widget elementor-widget-shortcode\" data-id=\"30c46c9\" data-element_type=\"widget\" data-e-type=\"widget\" data-widget_type=\"shortcode.default\">\n\t\t\t\t<div class=\"elementor-widget-container\">\n\t\t\t\t\t\t\t<div class=\"elementor-shortcode\"><nav aria-label=\"breadcrumbs\" class=\"rank-math-breadcrumb\"><p><span class=\"last\">Home<\/span><\/p><\/nav><\/div>\n\t\t\t\t\t\t<\/div>\n\t\t\t\t<\/div>\n\t\t\t\t<\/div>\n\t\t\t\t\t<\/div>\n\t\t\t\t<\/div>\n\t\t<div class=\"elementor-element elementor-element-4ec232d e-flex e-con-boxed e-con e-parent\" data-id=\"4ec232d\" data-element_type=\"container\" data-e-type=\"container\">\n\t\t\t\t\t<div class=\"e-con-inner\">\n\t\t<div class=\"elementor-element elementor-element-1622def e-con-full e-flex e-con e-child\" data-id=\"1622def\" data-element_type=\"container\" data-e-type=\"container\">\n\t\t\t\t<div class=\"elementor-element elementor-element-ab80606 elementor-widget elementor-widget-heading\" data-id=\"ab80606\" data-element_type=\"widget\" data-e-type=\"widget\" data-widget_type=\"heading.default\">\n\t\t\t\t<div class=\"elementor-widget-container\">\n\t\t\t\t\t<h2 class=\"elementor-heading-title elementor-size-default\">R\u00e9ponse anti-fissuration pour les liaisons d'armatures\n<\/h2>\t\t\t\t<\/div>\n\t\t\t\t<\/div>\n\t\t\t\t<div class=\"elementor-element elementor-element-b45b9b7 elementor-widget elementor-widget-text-editor\" data-id=\"b45b9b7\" data-element_type=\"widget\" data-e-type=\"widget\" data-widget_type=\"text-editor.default\">\n\t\t\t\t<div class=\"elementor-widget-container\">\n\t\t\t\t\t\t\t\t\t<p>Dans le cadre du projet RAFAL, LINXION The Original d\u00e9veloppe de nouvelles solutions de liaison d&rsquo;armatures pour les centrales nucl\u00e9aires. Ce projet, r\u00e9alis\u00e9 en partenariat avec d&rsquo;autres acteurs, a d\u00e9but\u00e9 en octobre 2022 et durera 36 mois, avec LIXION The Original comme chef de file.<\/p>\n<p>Le projet est financ\u00e9 dans le cadre du plan France Relance par l&rsquo;interm\u00e9diaire de son p\u00f4le de R&amp;D et a \u00e9t\u00e9 r\u00e9compens\u00e9 par un prix. Ce plan gouvernemental vise \u00e0 acc\u00e9l\u00e9rer les transformations \u00e9cologiques, industrielles et sociales du pays en soutenant les entreprises par des subventions.<\/p>\n<p>Le projet est soutenu par EDF et labellis\u00e9 par le p\u00f4le de comp\u00e9titivit\u00e9 Nuclear Valley. Toutes les autres entreprises forment un grand consortium autour du projet RAFAL.<\/p>\n\t\t\t\t\t\t\t\t<\/div>\n\t\t\t\t<\/div>\n\t\t\t\t<\/div>\n\t\t<div class=\"elementor-element elementor-element-7a02cc4 e-con-full e-flex e-con e-child\" data-id=\"7a02cc4\" data-element_type=\"container\" data-e-type=\"container\">\n\t\t\t\t<div class=\"elementor-element elementor-element-cff90fb elementor-widget elementor-widget-image\" data-id=\"cff90fb\" data-element_type=\"widget\" data-e-type=\"widget\" data-widget_type=\"image.default\">\n\t\t\t\t<div class=\"elementor-widget-container\">\n\t\t\t\t\t\t\t\t\t\t\t\t\t\t\t<img fetchpriority=\"high\" decoding=\"async\" width=\"1400\" height=\"990\" src=\"https:\/\/www.linxion.com\/wp-content\/uploads\/2023\/09\/pancarte-logo-projet-rafal.webp\" class=\"attachment-full size-full wp-image-1551\" alt=\"\" srcset=\"https:\/\/www.linxion.com\/wp-content\/uploads\/2023\/09\/pancarte-logo-projet-rafal.webp 1400w, https:\/\/www.linxion.com\/wp-content\/uploads\/2023\/09\/pancarte-logo-projet-rafal-300x212.webp 300w, https:\/\/www.linxion.com\/wp-content\/uploads\/2023\/09\/pancarte-logo-projet-rafal-1024x724.webp 1024w, https:\/\/www.linxion.com\/wp-content\/uploads\/2023\/09\/pancarte-logo-projet-rafal-768x543.webp 768w\" sizes=\"(max-width: 1400px) 100vw, 1400px\" \/>\t\t\t\t\t\t\t\t\t\t\t\t\t\t\t<\/div>\n\t\t\t\t<\/div>\n\t\t\t\t<\/div>\n\t\t\t\t\t<\/div>\n\t\t\t\t<\/div>\n\t\t<div class=\"elementor-element elementor-element-7c6f850 e-flex e-con-boxed e-con e-parent\" data-id=\"7c6f850\" data-element_type=\"container\" data-e-type=\"container\">\n\t\t\t\t\t<div class=\"e-con-inner\">\n\t\t\t\t<div class=\"elementor-element elementor-element-f2b9008 elementor-widget elementor-widget-heading\" data-id=\"f2b9008\" data-element_type=\"widget\" data-e-type=\"widget\" data-widget_type=\"heading.default\">\n\t\t\t\t<div class=\"elementor-widget-container\">\n\t\t\t\t\t<h3 class=\"elementor-heading-title elementor-size-default\">Un \u00e9quipement \u00e0 la pointe de la technologie\n<\/h3>\t\t\t\t<\/div>\n\t\t\t\t<\/div>\n\t\t\t\t<div class=\"elementor-element elementor-element-0a1dbb5 elementor-widget elementor-widget-text-editor\" data-id=\"0a1dbb5\" data-element_type=\"widget\" data-e-type=\"widget\" data-widget_type=\"text-editor.default\">\n\t\t\t\t<div class=\"elementor-widget-container\">\n\t\t\t\t\t\t\t\t\t<p>Towards the end of 2022, LINXION The Original will receive a new 1300kn tensile testing machine, supplied by 3R (Recherches et R\u00e9alisations Remy): the SYNTECH 1300. This machine is certified by the \u00ab\u00a0Origine France Garantie\u00a0\u00bb label, which the manufacturer has held since 2012.<\/p>\n<p>The French-certified machine, purchased for R&amp;D purposes in concrete construction, is what might be considered spectacular not only for its capacity but also for its dimensions. Indeed, it has a capacity of 1200 kN in tension\/compression, with clamping jaws with a capacity of 1200kN.<\/p>\n<p>As a result, our #rebarsplices can be designed more quickly in R&amp;D. Bartec Group &#8211; Linxion is now able to test them according to the world&rsquo;s different types of steel and international standards.<\/p>\n<p><strong>This machine is equipped with<\/strong><\/p>\n<ul>\n<li>Two extensometers<\/li>\n<li>Triple clip-on extensometers, resolution less than 0.15%.<\/li>\n<li>Bi-camera video extensometers, resolution 2752 x 2206, capable of measuring longitudinal elongation with 0.001% resolution.<\/li>\n<li>Hydraulics Bi-cylinder jaws with a 1.200kN capacity, driven automatically by a multi-piston hydraulic power pack, manufactured by the machine builder.<\/li>\n<\/ul>\n<p><strong>Machine features:<\/strong><\/p>\n<ul>\n<li>Distance between jaws: 2,088mm<\/li>\n<li>Height: 4,500 mm<\/li>\n<li>Length : 1.821mm<\/li>\n<li>Depth: 1.396mm<\/li>\n<li>Net weight: 8.800kg<\/li>\n<\/ul>\n\t\t\t\t\t\t\t\t<\/div>\n\t\t\t\t<\/div>\n\t\t<div class=\"elementor-element elementor-element-850731d e-flex e-con-boxed e-con e-child\" data-id=\"850731d\" data-element_type=\"container\" data-e-type=\"container\">\n\t\t\t\t\t<div class=\"e-con-inner\">\n\t\t<div class=\"elementor-element elementor-element-a75c396 e-con-full e-flex e-con e-child\" data-id=\"a75c396\" data-element_type=\"container\" data-e-type=\"container\">\n\t\t\t\t<div class=\"elementor-element elementor-element-2c80701 elementor-widget elementor-widget-image\" data-id=\"2c80701\" data-element_type=\"widget\" data-e-type=\"widget\" data-widget_type=\"image.default\">\n\t\t\t\t<div class=\"elementor-widget-container\">\n\t\t\t\t\t\t\t\t\t\t\t\t\t\t\t<img decoding=\"async\" width=\"2560\" height=\"1438\" src=\"https:\/\/www.linxion.com\/wp-content\/uploads\/2023\/09\/DSC_7502-scaled.webp\" class=\"attachment-full size-full wp-image-1539\" alt=\"\" srcset=\"https:\/\/www.linxion.com\/wp-content\/uploads\/2023\/09\/DSC_7502-scaled.webp 2560w, https:\/\/www.linxion.com\/wp-content\/uploads\/2023\/09\/DSC_7502-300x169.webp 300w, https:\/\/www.linxion.com\/wp-content\/uploads\/2023\/09\/DSC_7502-1024x575.webp 1024w, https:\/\/www.linxion.com\/wp-content\/uploads\/2023\/09\/DSC_7502-768x431.webp 768w, https:\/\/www.linxion.com\/wp-content\/uploads\/2023\/09\/DSC_7502-1536x863.webp 1536w, https:\/\/www.linxion.com\/wp-content\/uploads\/2023\/09\/DSC_7502-2048x1150.webp 2048w\" sizes=\"(max-width: 2560px) 100vw, 2560px\" \/>\t\t\t\t\t\t\t\t\t\t\t\t\t\t\t<\/div>\n\t\t\t\t<\/div>\n\t\t\t\t<\/div>\n\t\t<div class=\"elementor-element elementor-element-48fd3d8 e-con-full e-flex e-con e-child\" data-id=\"48fd3d8\" data-element_type=\"container\" data-e-type=\"container\">\n\t\t\t\t<div class=\"elementor-element elementor-element-d308ed6 elementor-widget elementor-widget-image\" data-id=\"d308ed6\" data-element_type=\"widget\" data-e-type=\"widget\" data-widget_type=\"image.default\">\n\t\t\t\t<div class=\"elementor-widget-container\">\n\t\t\t\t\t\t\t\t\t\t\t\t\t\t\t<img decoding=\"async\" width=\"2560\" height=\"1707\" src=\"https:\/\/www.linxion.com\/wp-content\/uploads\/2023\/09\/DSC_7498-scaled.webp\" class=\"attachment-full size-full wp-image-1535\" alt=\"\" srcset=\"https:\/\/www.linxion.com\/wp-content\/uploads\/2023\/09\/DSC_7498-scaled.webp 2560w, https:\/\/www.linxion.com\/wp-content\/uploads\/2023\/09\/DSC_7498-300x200.webp 300w, https:\/\/www.linxion.com\/wp-content\/uploads\/2023\/09\/DSC_7498-1024x683.webp 1024w, https:\/\/www.linxion.com\/wp-content\/uploads\/2023\/09\/DSC_7498-768x512.webp 768w, https:\/\/www.linxion.com\/wp-content\/uploads\/2023\/09\/DSC_7498-1536x1024.webp 1536w, https:\/\/www.linxion.com\/wp-content\/uploads\/2023\/09\/DSC_7498-2048x1365.webp 2048w\" sizes=\"(max-width: 2560px) 100vw, 2560px\" \/>\t\t\t\t\t\t\t\t\t\t\t\t\t\t\t<\/div>\n\t\t\t\t<\/div>\n\t\t\t\t<\/div>\n\t\t<div class=\"elementor-element elementor-element-ef60aae e-con-full e-flex e-con e-child\" data-id=\"ef60aae\" data-element_type=\"container\" data-e-type=\"container\">\n\t\t\t\t<div class=\"elementor-element elementor-element-db5ccbc elementor-widget elementor-widget-image\" data-id=\"db5ccbc\" data-element_type=\"widget\" data-e-type=\"widget\" data-widget_type=\"image.default\">\n\t\t\t\t<div class=\"elementor-widget-container\">\n\t\t\t\t\t\t\t\t\t\t\t\t\t\t\t<img loading=\"lazy\" decoding=\"async\" width=\"2560\" height=\"1707\" src=\"https:\/\/www.linxion.com\/wp-content\/uploads\/2023\/09\/DSC_7523-scaled.webp\" class=\"attachment-full size-full wp-image-1547\" alt=\"\" srcset=\"https:\/\/www.linxion.com\/wp-content\/uploads\/2023\/09\/DSC_7523-scaled.webp 2560w, https:\/\/www.linxion.com\/wp-content\/uploads\/2023\/09\/DSC_7523-300x200.webp 300w, https:\/\/www.linxion.com\/wp-content\/uploads\/2023\/09\/DSC_7523-1024x683.webp 1024w, https:\/\/www.linxion.com\/wp-content\/uploads\/2023\/09\/DSC_7523-768x512.webp 768w, https:\/\/www.linxion.com\/wp-content\/uploads\/2023\/09\/DSC_7523-1536x1024.webp 1536w, https:\/\/www.linxion.com\/wp-content\/uploads\/2023\/09\/DSC_7523-2048x1365.webp 2048w\" sizes=\"(max-width: 2560px) 100vw, 2560px\" \/>\t\t\t\t\t\t\t\t\t\t\t\t\t\t\t<\/div>\n\t\t\t\t<\/div>\n\t\t\t\t<\/div>\n\t\t<div class=\"elementor-element elementor-element-3ed8441 e-con-full e-flex e-con e-child\" data-id=\"3ed8441\" data-element_type=\"container\" data-e-type=\"container\">\n\t\t\t\t<div class=\"elementor-element elementor-element-4cca1d5 elementor-widget elementor-widget-image\" data-id=\"4cca1d5\" data-element_type=\"widget\" data-e-type=\"widget\" data-widget_type=\"image.default\">\n\t\t\t\t<div class=\"elementor-widget-container\">\n\t\t\t\t\t\t\t\t\t\t\t\t\t\t\t<img loading=\"lazy\" decoding=\"async\" width=\"2560\" height=\"1707\" src=\"https:\/\/www.linxion.com\/wp-content\/uploads\/2023\/09\/DSC_7509-scaled.webp\" class=\"attachment-full size-full wp-image-1543\" alt=\"\" srcset=\"https:\/\/www.linxion.com\/wp-content\/uploads\/2023\/09\/DSC_7509-scaled.webp 2560w, https:\/\/www.linxion.com\/wp-content\/uploads\/2023\/09\/DSC_7509-300x200.webp 300w, https:\/\/www.linxion.com\/wp-content\/uploads\/2023\/09\/DSC_7509-1024x683.webp 1024w, https:\/\/www.linxion.com\/wp-content\/uploads\/2023\/09\/DSC_7509-768x512.webp 768w, https:\/\/www.linxion.com\/wp-content\/uploads\/2023\/09\/DSC_7509-1536x1024.webp 1536w, https:\/\/www.linxion.com\/wp-content\/uploads\/2023\/09\/DSC_7509-2048x1365.webp 2048w\" sizes=\"(max-width: 2560px) 100vw, 2560px\" \/>\t\t\t\t\t\t\t\t\t\t\t\t\t\t\t<\/div>\n\t\t\t\t<\/div>\n\t\t\t\t<\/div>\n\t\t\t\t\t<\/div>\n\t\t\t\t<\/div>\n\t\t\t\t<div class=\"elementor-element elementor-element-80a657c elementor-mobile-align-center elementor-widget elementor-widget-button\" data-id=\"80a657c\" data-element_type=\"widget\" data-e-type=\"widget\" data-widget_type=\"button.default\">\n\t\t\t\t<div class=\"elementor-widget-container\">\n\t\t\t\t\t\t\t\t\t<div class=\"elementor-button-wrapper\">\n\t\t\t\t\t<a class=\"elementor-button elementor-button-link elementor-size-md\" href=\"https:\/\/www.linxion.com\/mechanical-reinforcement-connections-using-the-bartec-process\/\" target=\"_blank\">\n\t\t\t\t\t\t<span class=\"elementor-button-content-wrapper\">\n\t\t\t\t\t\t<span class=\"elementor-button-icon\">\n\t\t\t\t<i aria-hidden=\"true\" class=\"fas fa-long-arrow-alt-right\"><\/i>\t\t\t<\/span>\n\t\t\t\t\t\t\t\t\t<span class=\"elementor-button-text\">En savoir plus<\/span>\n\t\t\t\t\t<\/span>\n\t\t\t\t\t<\/a>\n\t\t\t\t<\/div>\n\t\t\t\t\t\t\t\t<\/div>\n\t\t\t\t<\/div>\n\t\t\t\t\t<\/div>\n\t\t\t\t<\/div>\n\t\t<div class=\"elementor-element elementor-element-6c00641 e-flex e-con-boxed e-con e-parent\" data-id=\"6c00641\" data-element_type=\"container\" data-e-type=\"container\">\n\t\t\t\t\t<div class=\"e-con-inner\">\n\t\t\t\t<div class=\"elementor-element elementor-element-8f21433 elementor-widget elementor-widget-heading\" data-id=\"8f21433\" data-element_type=\"widget\" data-e-type=\"widget\" data-widget_type=\"heading.default\">\n\t\t\t\t<div class=\"elementor-widget-container\">\n\t\t\t\t\t<h2 class=\"elementor-heading-title elementor-size-default\">Le saviez-vous ?\n<\/h2>\t\t\t\t<\/div>\n\t\t\t\t<\/div>\n\t\t\t\t<div class=\"elementor-element elementor-element-796bd67 elementor-widget elementor-widget-heading\" data-id=\"796bd67\" data-element_type=\"widget\" data-e-type=\"widget\" data-widget_type=\"heading.default\">\n\t\t\t\t<div class=\"elementor-widget-container\">\n\t\t\t\t\t<h3 class=\"elementor-heading-title elementor-size-default\">Une qualit\u00e9 garantie\n<\/h3>\t\t\t\t<\/div>\n\t\t\t\t<\/div>\n\t\t\t\t<div class=\"elementor-element elementor-element-ae44528 elementor-widget elementor-widget-text-editor\" data-id=\"ae44528\" data-element_type=\"widget\" data-e-type=\"widget\" data-widget_type=\"text-editor.default\">\n\t\t\t\t<div class=\"elementor-widget-container\">\n\t\t\t\t\t\t\t\t\t<p>Depuis janvier 2020, les solutions de renforcement du b\u00e9ton du groupe BARTEC sont devenues une r\u00e9f\u00e9rence pour CompaLab, un institut de comparaison inter-laboratoires (CIL).<\/p>\n<p>Gr\u00e2ce \u00e0 nos excellents r\u00e9sultats de tests et \u00e0 nos nombreuses certifications, nous sommes devenus une r\u00e9f\u00e9rence de qualit\u00e9 pour les comparaisons entre diff\u00e9rents laboratoires.<\/p>\n<p>Des \u00e9chantillons de raccords aussi identiques que possible ont \u00e9t\u00e9 envoy\u00e9s \u00e0 l&rsquo;institut CIL, qui a ensuite effectu\u00e9 une s\u00e9rie de tests aupr\u00e8s des laboratoires participants. Cela d\u00e9termine le niveau de confiance que l&rsquo;on peut accorder \u00e0 ces laboratoires, sur la base des r\u00e9sultats de leurs tests.<\/p>\n\t\t\t\t\t\t\t\t<\/div>\n\t\t\t\t<\/div>\n\t\t\t\t<div class=\"elementor-element elementor-element-4bf50d6 elementor-mobile-align-center elementor-widget elementor-widget-button\" data-id=\"4bf50d6\" data-element_type=\"widget\" data-e-type=\"widget\" data-widget_type=\"button.default\">\n\t\t\t\t<div class=\"elementor-widget-container\">\n\t\t\t\t\t\t\t\t\t<div class=\"elementor-button-wrapper\">\n\t\t\t\t\t<a class=\"elementor-button elementor-button-link elementor-size-md\" href=\"#\" target=\"_blank\">\n\t\t\t\t\t\t<span class=\"elementor-button-content-wrapper\">\n\t\t\t\t\t\t<span class=\"elementor-button-icon\">\n\t\t\t\t<i aria-hidden=\"true\" class=\"fas fa-long-arrow-alt-right\"><\/i>\t\t\t<\/span>\n\t\t\t\t\t\t\t\t\t<span class=\"elementor-button-text\">En savoir plus sur le CIL<\/span>\n\t\t\t\t\t<\/span>\n\t\t\t\t\t<\/a>\n\t\t\t\t<\/div>\n\t\t\t\t\t\t\t\t<\/div>\n\t\t\t\t<\/div>\n\t\t\t\t\t<\/div>\n\t\t\t\t<\/div>\n\t\t<div class=\"elementor-element elementor-element-1a9b1f0 e-flex e-con-boxed e-con e-parent\" data-id=\"1a9b1f0\" data-element_type=\"container\" data-e-type=\"container\">\n\t\t\t\t\t<div class=\"e-con-inner\">\n\t\t<div class=\"elementor-element elementor-element-77b5dd6 e-flex e-con-boxed e-con e-child\" data-id=\"77b5dd6\" data-element_type=\"container\" data-e-type=\"container\">\n\t\t\t\t\t<div class=\"e-con-inner\">\n\t\t\t\t<div class=\"elementor-element elementor-element-df94b36 e-transform elementor-widget elementor-widget-text-editor\" data-id=\"df94b36\" data-element_type=\"widget\" data-e-type=\"widget\" data-settings=\"{&quot;_transform_skewX_effect&quot;:{&quot;unit&quot;:&quot;px&quot;,&quot;size&quot;:&quot;&quot;,&quot;sizes&quot;:[]},&quot;_transform_skewX_effect_tablet&quot;:{&quot;unit&quot;:&quot;deg&quot;,&quot;size&quot;:&quot;&quot;,&quot;sizes&quot;:[]},&quot;_transform_skewX_effect_mobile&quot;:{&quot;unit&quot;:&quot;deg&quot;,&quot;size&quot;:&quot;&quot;,&quot;sizes&quot;:[]},&quot;_transform_skewY_effect&quot;:{&quot;unit&quot;:&quot;px&quot;,&quot;size&quot;:&quot;&quot;,&quot;sizes&quot;:[]},&quot;_transform_skewY_effect_tablet&quot;:{&quot;unit&quot;:&quot;deg&quot;,&quot;size&quot;:&quot;&quot;,&quot;sizes&quot;:[]},&quot;_transform_skewY_effect_mobile&quot;:{&quot;unit&quot;:&quot;deg&quot;,&quot;size&quot;:&quot;&quot;,&quot;sizes&quot;:[]}}\" data-widget_type=\"text-editor.default\">\n\t\t\t\t<div class=\"elementor-widget-container\">\n\t\t\t\t\t\t\t\t\t<p>\u2014\u2014 Notre actualit\u00e9<\/p>\n\t\t\t\t\t\t\t\t<\/div>\n\t\t\t\t<\/div>\n\t\t\t\t<div class=\"elementor-element elementor-element-6198799 elementor-widget elementor-widget-heading\" data-id=\"6198799\" data-element_type=\"widget\" data-e-type=\"widget\" data-widget_type=\"heading.default\">\n\t\t\t\t<div class=\"elementor-widget-container\">\n\t\t\t\t\t<h2 class=\"elementor-heading-title elementor-size-default\">Toute notre actualit\u00e9<\/h2>\t\t\t\t<\/div>\n\t\t\t\t<\/div>\n\t\t\t\t<div class=\"elementor-element elementor-element-c9c1e4e elementor-widget elementor-widget-shortcode\" data-id=\"c9c1e4e\" data-element_type=\"widget\" data-e-type=\"widget\" data-widget_type=\"shortcode.default\">\n\t\t\t\t<div class=\"elementor-widget-container\">\n\t\t\t\t\t\t\t<div class=\"elementor-shortcode\">[blocksy_posts limit=\"3\" has_pagination=\"no\"]<\/div>\n\t\t\t\t\t\t<\/div>\n\t\t\t\t<\/div>\n\t\t\t\t\t<\/div>\n\t\t\t\t<\/div>\n\t\t\t\t\t<\/div>\n\t\t\t\t<\/div>\n\t\t\t\t<\/div>\n\t\t","protected":false},"excerpt":{"rendered":"<p>Projet Rafal &#8211; un coupleur sp\u00e9cial pour l&rsquo;industrie nucl\u00e9aire R\u00e9ponse anti-fissuration pour les liaisons d&rsquo;armatures Dans le cadre du projet RAFAL, LINXION The Original d\u00e9veloppe de nouvelles solutions de liaison d&rsquo;armatures pour les centrales nucl\u00e9aires. Ce projet, r\u00e9alis\u00e9 en partenariat avec d&rsquo;autres acteurs, a d\u00e9but\u00e9 en octobre 2022 et durera 36 mois, avec LIXION The [&hellip;]<\/p>\n","protected":false},"author":1,"featured_media":0,"parent":0,"menu_order":0,"comment_status":"closed","ping_status":"closed","template":"elementor_header_footer","meta":{"footnotes":""},"class_list":["post-2699","page","type-page","status-publish","hentry"],"blocksy_meta":[],"jetpack_sharing_enabled":true,"_links":{"self":[{"href":"https:\/\/www.linxion.com\/fr\/wp-json\/wp\/v2\/pages\/2699","targetHints":{"allow":["GET"]}}],"collection":[{"href":"https:\/\/www.linxion.com\/fr\/wp-json\/wp\/v2\/pages"}],"about":[{"href":"https:\/\/www.linxion.com\/fr\/wp-json\/wp\/v2\/types\/page"}],"author":[{"embeddable":true,"href":"https:\/\/www.linxion.com\/fr\/wp-json\/wp\/v2\/users\/1"}],"replies":[{"embeddable":true,"href":"https:\/\/www.linxion.com\/fr\/wp-json\/wp\/v2\/comments?post=2699"}],"version-history":[{"count":7,"href":"https:\/\/www.linxion.com\/fr\/wp-json\/wp\/v2\/pages\/2699\/revisions"}],"predecessor-version":[{"id":10075,"href":"https:\/\/www.linxion.com\/fr\/wp-json\/wp\/v2\/pages\/2699\/revisions\/10075"}],"wp:attachment":[{"href":"https:\/\/www.linxion.com\/fr\/wp-json\/wp\/v2\/media?parent=2699"}],"curies":[{"name":"wp","href":"https:\/\/api.w.org\/{rel}","templated":true}]}}