{"id":2707,"date":"2023-08-21T11:55:08","date_gmt":"2023-08-21T11:55:08","guid":{"rendered":"https:\/\/www.linxion.com\/produits\/services\/"},"modified":"2025-06-02T07:56:00","modified_gmt":"2025-06-02T07:56:00","slug":"services","status":"publish","type":"page","link":"https:\/\/www.linxion.com\/fr\/produits\/services\/","title":{"rendered":"Services"},"content":{"rendered":"\t\t<div data-elementor-type=\"wp-page\" data-elementor-id=\"2707\" class=\"elementor elementor-2707 elementor-200\" data-elementor-post-type=\"page\">\n\t\t\t\t<div class=\"elementor-element elementor-element-0c448c0 e-flex e-con-boxed e-con e-parent\" data-id=\"0c448c0\" data-element_type=\"container\" data-e-type=\"container\" data-settings=\"{&quot;background_background&quot;:&quot;classic&quot;}\">\n\t\t\t\t\t<div class=\"e-con-inner\">\n\t\t<div class=\"elementor-element elementor-element-73f71ef e-con-full e-flex e-con e-child\" data-id=\"73f71ef\" data-element_type=\"container\" data-e-type=\"container\">\n\t\t\t\t<div class=\"elementor-element elementor-element-3200329 elementor-widget elementor-widget-heading\" data-id=\"3200329\" data-element_type=\"widget\" data-e-type=\"widget\" data-widget_type=\"heading.default\">\n\t\t\t\t<div class=\"elementor-widget-container\">\n\t\t\t\t\t<h1 class=\"elementor-heading-title elementor-size-default\">Nos services<\/h1>\t\t\t\t<\/div>\n\t\t\t\t<\/div>\n\t\t\t\t<div class=\"elementor-element elementor-element-90e7f1a elementor-widget elementor-widget-shortcode\" data-id=\"90e7f1a\" data-element_type=\"widget\" data-e-type=\"widget\" data-widget_type=\"shortcode.default\">\n\t\t\t\t<div class=\"elementor-widget-container\">\n\t\t\t\t\t\t\t<div class=\"elementor-shortcode\"><nav aria-label=\"breadcrumbs\" class=\"rank-math-breadcrumb\"><p><span class=\"last\">Home<\/span><\/p><\/nav><\/div>\n\t\t\t\t\t\t<\/div>\n\t\t\t\t<\/div>\n\t\t\t\t<\/div>\n\t\t\t\t\t<\/div>\n\t\t\t\t<\/div>\n\t\t<div class=\"elementor-element elementor-element-f70d7de e-flex e-con-boxed e-con e-parent\" data-id=\"f70d7de\" data-element_type=\"container\" data-e-type=\"container\">\n\t\t\t\t\t<div class=\"e-con-inner\">\n\t\t\t\t<div class=\"elementor-element elementor-element-3e979ff elementor-widget elementor-widget-heading\" data-id=\"3e979ff\" data-element_type=\"widget\" data-e-type=\"widget\" data-widget_type=\"heading.default\">\n\t\t\t\t<div class=\"elementor-widget-container\">\n\t\t\t\t\t<h2 class=\"elementor-heading-title elementor-size-default\">Fort de son exp\u00e9rience et de son savoir-faire, LINXION The Original, vous propose diff\u00e9rent services afin de vous accompagner tout au long du processus allant de l'\u00e9tude \u00e0 la maintenance<\/h2>\t\t\t\t<\/div>\n\t\t\t\t<\/div>\n\t\t\t\t\t<\/div>\n\t\t\t\t<\/div>\n\t\t<div class=\"elementor-element elementor-element-2afd875 e-flex e-con-boxed e-con e-parent\" data-id=\"2afd875\" data-element_type=\"container\" data-e-type=\"container\">\n\t\t\t\t\t<div class=\"e-con-inner\">\n\t\t<div class=\"elementor-element elementor-element-aa8bbd2 e-con-full e-flex e-con e-child\" data-id=\"aa8bbd2\" data-element_type=\"container\" data-e-type=\"container\">\n\t\t\t\t<div class=\"elementor-element elementor-element-f631f5c elementor-widget elementor-widget-image\" data-id=\"f631f5c\" data-element_type=\"widget\" data-e-type=\"widget\" data-widget_type=\"image.default\">\n\t\t\t\t<div class=\"elementor-widget-container\">\n\t\t\t\t\t\t\t\t\t\t\t\t\t\t\t<img decoding=\"async\" src=\"https:\/\/www.linxion.com\/wp-content\/uploads\/2023\/10\/Oosterweel-main-1-1.webp\" title=\"\" alt=\"\" loading=\"lazy\" \/>\t\t\t\t\t\t\t\t\t\t\t\t\t\t\t<\/div>\n\t\t\t\t<\/div>\n\t\t\t\t<\/div>\n\t\t<div class=\"elementor-element elementor-element-f0f7fca e-con-full e-flex e-con e-child\" data-id=\"f0f7fca\" data-element_type=\"container\" data-e-type=\"container\">\n\t\t\t\t<div class=\"elementor-element elementor-element-17f8f3e elementor-widget elementor-widget-heading\" data-id=\"17f8f3e\" data-element_type=\"widget\" data-e-type=\"widget\" data-widget_type=\"heading.default\">\n\t\t\t\t<div class=\"elementor-widget-container\">\n\t\t\t\t\t<h2 class=\"elementor-heading-title elementor-size-default\">Ing\u00e9nierie <\/h2>\t\t\t\t<\/div>\n\t\t\t\t<\/div>\n\t\t\t\t<div class=\"elementor-element elementor-element-2f35b05 elementor-widget elementor-widget-text-editor\" data-id=\"2f35b05\" data-element_type=\"widget\" data-e-type=\"widget\" data-widget_type=\"text-editor.default\">\n\t\t\t\t<div class=\"elementor-widget-container\">\n\t\t\t\t\t\t\t\t\t<p>Notre \u00e9quipe d&rsquo;ing\u00e9nieur, constitu\u00e9e de professionnels chevronn\u00e9s dot\u00e9s d&rsquo;une expertise multidisciplinaire, se tient \u00e0 votre disposition pour fournir un soutien exhaustif et sur mesure tout au long du processus.<\/p>\n<p>De la phase de conceptualisation initiale \u00e0 la conception d\u00e9taill\u00e9e, en passant par une planification minutieuse et une ex\u00e9cution sans faille, afin de d\u00e9velopper une solution parfaitement adapt\u00e9e aux exigences techniques les plus rigoureuses, tout en tenant compte des contraintes et sp\u00e9cificit\u00e9s li\u00e9es aux tests et certifications requis pour le projet en cours sur le site.<\/p>\n<p>Notre but est d&rsquo;assurer une int\u00e9gration sans accrochage et une performance unique, contribuant ainsi au succ\u00e8s global du projet.<\/p>\n\t\t\t\t\t\t\t\t<\/div>\n\t\t\t\t<\/div>\n\t\t\t\t<\/div>\n\t\t\t\t\t<\/div>\n\t\t\t\t<\/div>\n\t\t<div class=\"elementor-element elementor-element-b148d99 e-flex e-con-boxed e-con e-parent\" data-id=\"b148d99\" data-element_type=\"container\" data-e-type=\"container\">\n\t\t\t\t\t<div class=\"e-con-inner\">\n\t\t<div class=\"elementor-element elementor-element-5fe5a5a e-con-full e-flex e-con e-child\" data-id=\"5fe5a5a\" data-element_type=\"container\" data-e-type=\"container\">\n\t\t\t\t<div class=\"elementor-element elementor-element-d5b36df elementor-widget elementor-widget-heading\" data-id=\"d5b36df\" data-element_type=\"widget\" data-e-type=\"widget\" data-widget_type=\"heading.default\">\n\t\t\t\t<div class=\"elementor-widget-container\">\n\t\t\t\t\t<h2 class=\"elementor-heading-title elementor-size-default\">Formation<\/h2>\t\t\t\t<\/div>\n\t\t\t\t<\/div>\n\t\t\t\t<div class=\"elementor-element elementor-element-9e37682 elementor-widget elementor-widget-text-editor\" data-id=\"9e37682\" data-element_type=\"widget\" data-e-type=\"widget\" data-widget_type=\"text-editor.default\">\n\t\t\t\t<div class=\"elementor-widget-container\">\n\t\t\t\t\t\t\t\t\t<p>Nos formateurs sp\u00e9cialis\u00e9s LINXION se d\u00e9placent dans le monde entier pour dispenser des formations pratiques sur l&rsquo;utilisation et la maintenance des machines. Ils mettent l&rsquo;accent sur le respect des normes d&rsquo;hygi\u00e8ne et de s\u00e9curit\u00e9, quelle que soit la localisation de votre site.<\/p>\n<p>Nous adaptons nos plans de formation \u00e0 vos besoins sp\u00e9cifiques. En \u00e9troite collaboration avec vous, nos experts \u00e9laborent des programmes sur mesure pour garantir que vos employ\u00e9s acqui\u00e8rent les comp\u00e9tences n\u00e9cessaires \u00e0 vos activit\u00e9s.<\/p>\n<p>Chez LINXION, nous nous engageons \u00e0 offrir une formation de haute qualit\u00e9 ax\u00e9e sur la pratique. Notre approche vise \u00e0 fournir des comp\u00e9tences directement applicables sur le terrain, am\u00e9liorant ainsi l&rsquo;efficacit\u00e9 op\u00e9rationnelle tout en minimisant les risques li\u00e9s \u00e0 l&rsquo;utilisation des machines.<\/p>\n<p>Faites confiance \u00e0 LINXION pour renforcer la s\u00e9curit\u00e9 et la performance de votre entreprise.<\/p>\n\t\t\t\t\t\t\t\t<\/div>\n\t\t\t\t<\/div>\n\t\t\t\t<\/div>\n\t\t<div class=\"elementor-element elementor-element-fc11a78 e-con-full e-flex e-con e-child\" data-id=\"fc11a78\" data-element_type=\"container\" data-e-type=\"container\">\n\t\t\t\t<div class=\"elementor-element elementor-element-702ebc7 elementor-widget elementor-widget-image\" data-id=\"702ebc7\" data-element_type=\"widget\" data-e-type=\"widget\" data-widget_type=\"image.default\">\n\t\t\t\t<div class=\"elementor-widget-container\">\n\t\t\t\t\t\t\t\t\t\t\t\t\t\t\t<img fetchpriority=\"high\" decoding=\"async\" width=\"1200\" height=\"900\" src=\"https:\/\/www.linxion.com\/wp-content\/uploads\/2023\/09\/formation-copie.webp\" class=\"attachment-full size-full wp-image-1927\" alt=\"\" srcset=\"https:\/\/www.linxion.com\/wp-content\/uploads\/2023\/09\/formation-copie.webp 1200w, https:\/\/www.linxion.com\/wp-content\/uploads\/2023\/09\/formation-copie-300x225.webp 300w, https:\/\/www.linxion.com\/wp-content\/uploads\/2023\/09\/formation-copie-1024x768.webp 1024w, https:\/\/www.linxion.com\/wp-content\/uploads\/2023\/09\/formation-copie-768x576.webp 768w\" sizes=\"(max-width: 1200px) 100vw, 1200px\" \/>\t\t\t\t\t\t\t\t\t\t\t\t\t\t\t<\/div>\n\t\t\t\t<\/div>\n\t\t\t\t<\/div>\n\t\t\t\t\t<\/div>\n\t\t\t\t<\/div>\n\t\t<div class=\"elementor-element elementor-element-f37c8d8 e-flex e-con-boxed e-con e-parent\" data-id=\"f37c8d8\" data-element_type=\"container\" data-e-type=\"container\">\n\t\t\t\t\t<div class=\"e-con-inner\">\n\t\t<div class=\"elementor-element elementor-element-188b28c e-con-full e-flex e-con e-child\" data-id=\"188b28c\" data-element_type=\"container\" data-e-type=\"container\">\n\t\t\t\t<div class=\"elementor-element elementor-element-e2f4921 elementor-widget elementor-widget-image\" data-id=\"e2f4921\" data-element_type=\"widget\" data-e-type=\"widget\" data-widget_type=\"image.default\">\n\t\t\t\t<div class=\"elementor-widget-container\">\n\t\t\t\t\t\t\t\t\t\t\t\t\t\t\t<img decoding=\"async\" width=\"1200\" height=\"900\" src=\"https:\/\/www.linxion.com\/wp-content\/uploads\/2023\/09\/maintenance-copie.webp\" class=\"attachment-full size-full wp-image-1939\" alt=\"\" srcset=\"https:\/\/www.linxion.com\/wp-content\/uploads\/2023\/09\/maintenance-copie.webp 1200w, https:\/\/www.linxion.com\/wp-content\/uploads\/2023\/09\/maintenance-copie-300x225.webp 300w, https:\/\/www.linxion.com\/wp-content\/uploads\/2023\/09\/maintenance-copie-1024x768.webp 1024w, https:\/\/www.linxion.com\/wp-content\/uploads\/2023\/09\/maintenance-copie-768x576.webp 768w\" sizes=\"(max-width: 1200px) 100vw, 1200px\" \/>\t\t\t\t\t\t\t\t\t\t\t\t\t\t\t<\/div>\n\t\t\t\t<\/div>\n\t\t\t\t<\/div>\n\t\t<div class=\"elementor-element elementor-element-fb43dc0 e-con-full e-flex e-con e-child\" data-id=\"fb43dc0\" data-element_type=\"container\" data-e-type=\"container\">\n\t\t\t\t<div class=\"elementor-element elementor-element-ba74dd4 elementor-widget elementor-widget-heading\" data-id=\"ba74dd4\" data-element_type=\"widget\" data-e-type=\"widget\" data-widget_type=\"heading.default\">\n\t\t\t\t<div class=\"elementor-widget-container\">\n\t\t\t\t\t<h2 class=\"elementor-heading-title elementor-size-default\">Maintenance <\/h2>\t\t\t\t<\/div>\n\t\t\t\t<\/div>\n\t\t\t\t<div class=\"elementor-element elementor-element-42f9820 elementor-widget elementor-widget-text-editor\" data-id=\"42f9820\" data-element_type=\"widget\" data-e-type=\"widget\" data-widget_type=\"text-editor.default\">\n\t\t\t\t<div class=\"elementor-widget-container\">\n\t\t\t\t\t\t\t\t\t<p>Chaque \u00e9quipement est soumis \u00e0 un programme de maintenance pr\u00e9\u00e9tabli, g\u00e9r\u00e9 par notre \u00e9quipe technique sp\u00e9cialis\u00e9e LINXION The Original, assurant sa fiabilit\u00e9 continue.<\/p>\n<p>Notre service apr\u00e8s-vente technique d\u00e9di\u00e9 intervient en cas d&rsquo;urgence, quel que soit l&rsquo;endroit dans le monde. Gr\u00e2ce \u00e0 un stock permanent de pi\u00e8ces de rechange pour toutes nos machines nous pouvons agir avec r\u00e9activit\u00e9.<\/p>\n<p>Chez LINXION, nous nous engageons \u00e0 maintenir la disponibilit\u00e9 de vos \u00e9quipements gr\u00e2ce \u00e0 une maintenance proactive et \u00e0 une gestion efficace des pi\u00e8ces de rechange, minimisant ainsi les interruptions potentielles de vos op\u00e9rations.<\/p>\n\t\t\t\t\t\t\t\t<\/div>\n\t\t\t\t<\/div>\n\t\t\t\t<\/div>\n\t\t\t\t\t<\/div>\n\t\t\t\t<\/div>\n\t\t<div class=\"elementor-element elementor-element-a524ea6 e-flex e-con-boxed e-con e-parent\" data-id=\"a524ea6\" data-element_type=\"container\" data-e-type=\"container\">\n\t\t\t\t\t<div class=\"e-con-inner\">\n\t\t<div class=\"elementor-element elementor-element-9332d96 e-con-full e-flex e-con e-child\" data-id=\"9332d96\" data-element_type=\"container\" data-e-type=\"container\">\n\t\t\t\t<div class=\"elementor-element elementor-element-8677116 elementor-widget elementor-widget-heading\" data-id=\"8677116\" data-element_type=\"widget\" data-e-type=\"widget\" data-widget_type=\"heading.default\">\n\t\t\t\t<div class=\"elementor-widget-container\">\n\t\t\t\t\t<h2 class=\"elementor-heading-title elementor-size-default\">Installation personnalis\u00e9e <\/h2>\t\t\t\t<\/div>\n\t\t\t\t<\/div>\n\t\t\t\t<div class=\"elementor-element elementor-element-4428c0a elementor-widget elementor-widget-text-editor\" data-id=\"4428c0a\" data-element_type=\"widget\" data-e-type=\"widget\" data-widget_type=\"text-editor.default\">\n\t\t\t\t<div class=\"elementor-widget-container\">\n\t\t\t\t\t\t\t\t\t<p>Parce que chaque site et chaque chantier est unique.. Parce que chaque soci\u00e9t\u00e9, chaque organisation et chaque \u00e9quipe sont diff\u00e9rentes.<\/p>\n<p>LINXION The Original vous accompagne dans l&rsquo;optimisation de l&rsquo;implantation de vos lignes de production, pour vous garantir la meilleure productivit\u00e9 de vos installations dans le respect de la qualit\u00e9 et de la s\u00e9curit\u00e9 de votre personnel.<\/p>\n<p>Notre exp\u00e9rience sur diff\u00e9rents chantier nous permet de vous conseiller aux mieux. Assurant ainsi une implantation de lignes de fabrication favorisant la r\u00e9duction du flux d&rsquo;acier.<\/p>\n\t\t\t\t\t\t\t\t<\/div>\n\t\t\t\t<\/div>\n\t\t\t\t<\/div>\n\t\t<div class=\"elementor-element elementor-element-98fb2cb e-con-full e-flex e-con e-child\" data-id=\"98fb2cb\" data-element_type=\"container\" data-e-type=\"container\">\n\t\t\t\t<div class=\"elementor-element elementor-element-03a76fb elementor-widget elementor-widget-image\" data-id=\"03a76fb\" data-element_type=\"widget\" data-e-type=\"widget\" data-widget_type=\"image.default\">\n\t\t\t\t<div class=\"elementor-widget-container\">\n\t\t\t\t\t\t\t\t\t\t\t\t\t\t\t<img decoding=\"async\" width=\"1200\" height=\"675\" src=\"https:\/\/www.linxion.com\/wp-content\/uploads\/2023\/09\/installation-copie.webp\" class=\"attachment-full size-full wp-image-1935\" alt=\"\" srcset=\"https:\/\/www.linxion.com\/wp-content\/uploads\/2023\/09\/installation-copie.webp 1200w, https:\/\/www.linxion.com\/wp-content\/uploads\/2023\/09\/installation-copie-300x169.webp 300w, https:\/\/www.linxion.com\/wp-content\/uploads\/2023\/09\/installation-copie-1024x576.webp 1024w, https:\/\/www.linxion.com\/wp-content\/uploads\/2023\/09\/installation-copie-768x432.webp 768w\" sizes=\"(max-width: 1200px) 100vw, 1200px\" \/>\t\t\t\t\t\t\t\t\t\t\t\t\t\t\t<\/div>\n\t\t\t\t<\/div>\n\t\t\t\t<\/div>\n\t\t\t\t\t<\/div>\n\t\t\t\t<\/div>\n\t\t<div class=\"elementor-element elementor-element-9c34b87 e-flex e-con-boxed e-con e-parent\" data-id=\"9c34b87\" data-element_type=\"container\" data-e-type=\"container\" data-settings=\"{&quot;background_background&quot;:&quot;classic&quot;}\">\n\t\t\t\t\t<div class=\"e-con-inner\">\n\t\t<div class=\"elementor-element elementor-element-6b04d5b e-con-full e-flex e-con e-child\" data-id=\"6b04d5b\" data-element_type=\"container\" data-e-type=\"container\" data-settings=\"{&quot;background_background&quot;:&quot;classic&quot;}\">\n\t\t\t\t<div class=\"elementor-element elementor-element-9219ecc elementor-widget elementor-widget-heading\" data-id=\"9219ecc\" data-element_type=\"widget\" data-e-type=\"widget\" data-widget_type=\"heading.default\">\n\t\t\t\t<div class=\"elementor-widget-container\">\n\t\t\t\t\t<h2 class=\"elementor-heading-title elementor-size-default\">Ils nous font confiance ! Pourquoi pas vous ?<\/h2>\t\t\t\t<\/div>\n\t\t\t\t<\/div>\n\t\t\t\t<div class=\"elementor-element elementor-element-b39a7e9 elementor-align-left elementor-widget elementor-widget-button\" data-id=\"b39a7e9\" data-element_type=\"widget\" data-e-type=\"widget\" data-widget_type=\"button.default\">\n\t\t\t\t<div class=\"elementor-widget-container\">\n\t\t\t\t\t\t\t\t\t<div class=\"elementor-button-wrapper\">\n\t\t\t\t\t<a class=\"elementor-button elementor-button-link elementor-size-md\" href=\"https:\/\/www.linxion.com\/fr\/contact\/\">\n\t\t\t\t\t\t<span class=\"elementor-button-content-wrapper\">\n\t\t\t\t\t\t<span class=\"elementor-button-icon\">\n\t\t\t\t<i aria-hidden=\"true\" class=\"fas fa-long-arrow-alt-right\"><\/i>\t\t\t<\/span>\n\t\t\t\t\t\t\t\t\t<span class=\"elementor-button-text\">Contactez-nous<\/span>\n\t\t\t\t\t<\/span>\n\t\t\t\t\t<\/a>\n\t\t\t\t<\/div>\n\t\t\t\t\t\t\t\t<\/div>\n\t\t\t\t<\/div>\n\t\t\t\t<\/div>\n\t\t<div class=\"elementor-element elementor-element-3907e03 e-con-full e-flex e-con e-child\" data-id=\"3907e03\" data-element_type=\"container\" data-e-type=\"container\">\n\t\t\t\t<\/div>\n\t\t<div class=\"elementor-element elementor-element-0cf8470 e-con-full e-flex e-con e-child\" data-id=\"0cf8470\" data-element_type=\"container\" data-e-type=\"container\">\n\t\t\t\t<\/div>\n\t\t\t\t\t<\/div>\n\t\t\t\t<\/div>\n\t\t<div class=\"elementor-element elementor-element-0b13e4b e-flex e-con-boxed e-con e-parent\" data-id=\"0b13e4b\" data-element_type=\"container\" data-e-type=\"container\">\n\t\t\t\t\t<div class=\"e-con-inner\">\n\t\t\t\t<div class=\"elementor-element elementor-element-177188d elementor-widget elementor-widget-spacer\" data-id=\"177188d\" data-element_type=\"widget\" data-e-type=\"widget\" data-widget_type=\"spacer.default\">\n\t\t\t\t<div class=\"elementor-widget-container\">\n\t\t\t\t\t\t\t<div class=\"elementor-spacer\">\n\t\t\t<div class=\"elementor-spacer-inner\"><\/div>\n\t\t<\/div>\n\t\t\t\t\t\t<\/div>\n\t\t\t\t<\/div>\n\t\t\t\t\t<\/div>\n\t\t\t\t<\/div>\n\t\t\t\t<\/div>\n\t\t","protected":false},"excerpt":{"rendered":"<p>Nos services Fort de son exp\u00e9rience et de son savoir-faire, LINXION The Original, vous propose diff\u00e9rent services afin de vous accompagner tout au long du processus allant de l&rsquo;\u00e9tude \u00e0 la maintenance Ing\u00e9nierie Notre \u00e9quipe d&rsquo;ing\u00e9nieur, constitu\u00e9e de professionnels chevronn\u00e9s dot\u00e9s d&rsquo;une expertise multidisciplinaire, se tient \u00e0 votre disposition pour fournir un soutien exhaustif et [&hellip;]<\/p>\n","protected":false},"author":1,"featured_media":0,"parent":2637,"menu_order":0,"comment_status":"closed","ping_status":"closed","template":"elementor_header_footer","meta":{"footnotes":""},"class_list":["post-2707","page","type-page","status-publish","hentry"],"blocksy_meta":[],"jetpack_sharing_enabled":true,"_links":{"self":[{"href":"https:\/\/www.linxion.com\/fr\/wp-json\/wp\/v2\/pages\/2707","targetHints":{"allow":["GET"]}}],"collection":[{"href":"https:\/\/www.linxion.com\/fr\/wp-json\/wp\/v2\/pages"}],"about":[{"href":"https:\/\/www.linxion.com\/fr\/wp-json\/wp\/v2\/types\/page"}],"author":[{"embeddable":true,"href":"https:\/\/www.linxion.com\/fr\/wp-json\/wp\/v2\/users\/1"}],"replies":[{"embeddable":true,"href":"https:\/\/www.linxion.com\/fr\/wp-json\/wp\/v2\/comments?post=2707"}],"version-history":[{"count":6,"href":"https:\/\/www.linxion.com\/fr\/wp-json\/wp\/v2\/pages\/2707\/revisions"}],"predecessor-version":[{"id":11050,"href":"https:\/\/www.linxion.com\/fr\/wp-json\/wp\/v2\/pages\/2707\/revisions\/11050"}],"up":[{"embeddable":true,"href":"https:\/\/www.linxion.com\/fr\/wp-json\/wp\/v2\/pages\/2637"}],"wp:attachment":[{"href":"https:\/\/www.linxion.com\/fr\/wp-json\/wp\/v2\/media?parent=2707"}],"curies":[{"name":"wp","href":"https:\/\/api.w.org\/{rel}","templated":true}]}}